{"id":1747,"date":"2014-09-30T10:33:21","date_gmt":"2014-09-30T10:33:21","guid":{"rendered":"http:\/\/www.nemus.pt\/?page_id=1747"},"modified":"2018-12-06T18:07:45","modified_gmt":"2018-12-06T18:07:45","slug":"s-z","status":"publish","type":"page","link":"https:\/\/www.nemus.pt\/en\/a-nemus\/clientes-e-parceiros\/s-z\/","title":{"rendered":"I \u2013 O"},"content":{"rendered":"<p>ICNF \u2013 Instituto da Conserva\u00e7\u00e3o da Natureza e das Florestas<br \/>\nIDAD \u2013 Instituto do Ambiente e Desenvolvimento<br \/>\nIdeias do Futuro \u2013 Projectos e Empreendimentos, S.A.<br \/>\nIDOM \u2013 Engenharia, Arquitectura e Consultoria, Lda.<br \/>\nIFDR \u2013 Instituto Financeiro para o Desenvolvimento Regional<br \/>\nIMPACTE \u2013 Ambiente e Desenvolvimento, Lda.<br \/>\nIMOVIS<br \/>\nINAG \u2013 Instituto da \u00c1gua, I.P. (actual APA)<br \/>\nInfraquinta \u2013 Empresa de Infra-estruturas da Quinta do Lago, E.M.<br \/>\nInstituto Mar\u00edtimo-Portu\u00e1rio<br \/>\nInstituto Nacional de Reabilita\u00e7\u00e3o<br \/>\nInstituto Portu\u00e1rio do Sul<br \/>\nInstituto Portu\u00e1rio e dos Transportes Mar\u00edtimos \u2013 Delega\u00e7\u00e3o do Douro<br \/>\nInstituto Portu\u00e1rio e dos Transportes Mar\u00edtimos \u2013 Delega\u00e7\u00e3o do Sul<br \/>\nIrm\u00e3os Cavaco, S.A.<br \/>\nKantor Management Consultants<br \/>\nLabelec \u2013 Estudos, Desenvolvimentos e Actividades Laboratoriais, S.A.<br \/>\nLazer &amp; Floresta<br \/>\nLCM \u2013 Arquitectos, Lda.<br \/>\nLena Constru\u00e7\u00f5es<br \/>\nLilongwe Water Board<br \/>\nLoDo \u2013 Arquitectura Paisagista, Lda.<br \/>\nLota\u00e7or \u2013 Servi\u00e7o A\u00e7oreano de Lotas, E.P.<br \/>\nLusort<br \/>\nManuel Rodrigues, S.A.<br \/>\nMarina Parque das Na\u00e7\u00f5es<br \/>\nMena &amp; Garcia, Lda.<br \/>\nMiguel Saraiva &amp; Associados \u2013 Gabinete de Arquitectura, Lda.<br \/>\nMinist\u00e9rio do Meio Ambiente of Brazil<br \/>\nMota-Engil<br \/>\nNAER \u2013 Novo Aeroporto, S.A.<br \/>\nNelson \u2013 Empresa Tur\u00edstica da Praia Redonda Lda.<br \/>\nNewton Holding Ltd.<br \/>\nObiper, Lda.<br \/>\nObriverca \u2013 Constru\u00e7\u00f5es e Projectos, S.A.<br \/>\nOdebrecht \u2013 Bento Pedroso Constru\u00e7\u00f5es, S.A.<br \/>\nOFM \u2013 Obras P\u00fablicas, Ferrovi\u00e1rias e Mar\u00edtimas, S.A.<br \/>\n\u00d6IR \u2013 \u00d6sterreichisches Institut f\u00fcr Raumplanung<br \/>\nOrla \u2013 Estudos Projectos Aarquitectura Paisagista, Lda.<\/p>","protected":false},"excerpt":{"rendered":"<p>ICNF \u2013 Instituto da Conserva\u00e7\u00e3o da Natureza e das Florestas IDAD \u2013 Instituto do Ambiente e Desenvolvimento Ideias do Futuro \u2013 Projectos e Empreendimentos, S.A. IDOM \u2013 Engenharia, Arquitectura e Consultoria, Lda. IFDR \u2013 Instituto Financeiro para o Desenvolvimento Regional &#8230;<\/p>\n","protected":false},"author":3,"featured_media":0,"parent":142,"menu_order":4,"comment_status":"closed","ping_status":"open","template":"","meta":{"_acf_changed":false,"footnotes":""},"class_list":["post-1747","page","type-page","status-publish","hentry"],"acf":[],"_links":{"self":[{"href":"https:\/\/www.nemus.pt\/en\/wp-json\/wp\/v2\/pages\/1747","targetHints":{"allow":["GET"]}}],"collection":[{"href":"https:\/\/www.nemus.pt\/en\/wp-json\/wp\/v2\/pages"}],"about":[{"href":"https:\/\/www.nemus.pt\/en\/wp-json\/wp\/v2\/types\/page"}],"author":[{"embeddable":true,"href":"https:\/\/www.nemus.pt\/en\/wp-json\/wp\/v2\/users\/3"}],"replies":[{"embeddable":true,"href":"https:\/\/www.nemus.pt\/en\/wp-json\/wp\/v2\/comments?post=1747"}],"version-history":[{"count":0,"href":"https:\/\/www.nemus.pt\/en\/wp-json\/wp\/v2\/pages\/1747\/revisions"}],"up":[{"embeddable":true,"href":"https:\/\/www.nemus.pt\/en\/wp-json\/wp\/v2\/pages\/142"}],"wp:attachment":[{"href":"https:\/\/www.nemus.pt\/en\/wp-json\/wp\/v2\/media?parent=1747"}],"curies":[{"name":"wp","href":"https:\/\/api.w.org\/{rel}","templated":true}]}}