{"id":266,"date":"2013-12-16T12:31:49","date_gmt":"2013-12-16T12:31:49","guid":{"rendered":"http:\/\/nemus\/?page_id=266"},"modified":"2014-11-12T10:08:56","modified_gmt":"2014-11-12T10:08:56","slug":"c","status":"publish","type":"page","link":"https:\/\/www.nemus.pt\/en\/a-nemus\/clientes-e-parceiros\/c\/","title":{"rendered":"C"},"content":{"rendered":"<p>Cac\u00e9mpolis \u2013 Sociedade para o Desenvolvimento do Programa Polis no Cac\u00e9m, S.A.<br \/>\nC\u00e2mara Municipal de Albufeira<br \/>\nC\u00e2mara Municipal de Alcochete<br \/>\nC\u00e2mara Municipal de Alc\u00e1cer do Sal<br \/>\nC\u00e2mara Municipal de Alter do Ch\u00e3o<br \/>\nC\u00e2mara Municipal de Bragan\u00e7a<br \/>\nC\u00e2mara Municipal de Castro Marim<br \/>\nC\u00e2mara Municipal de Castro Verde<br \/>\nC\u00e2mara Municipal de Espinho<br \/>\nC\u00e2mara Municipal de Faro<br \/>\nC\u00e2mara Municipal de Fronteira<br \/>\nC\u00e2mara Municipal de Idanha-a-Nova<br \/>\nC\u00e2mara Municipal de Lagoa<br \/>\nC\u00e2mara Municipal de Lagoa (A\u00e7ores)<br \/>\nC\u00e2mara Municipal de Lisboa<br \/>\nC\u00e2mara Municipal de Loures<br \/>\nC\u00e2mara Municipal de Melga\u00e7o<br \/>\nC\u00e2mara Municipal da Nazar\u00e9<br \/>\nC\u00e2mara Municipal de \u00d3bidos<br \/>\nC\u00e2mara Municipal de Oeiras<br \/>\nC\u00e2mara Municipal de Olh\u00e3o<br \/>\nC\u00e2mara Municipal de Palmela<br \/>\nC\u00e2mara Municipal de Peniche<br \/>\nC\u00e2mara Municipal de Pombal<br \/>\nC\u00e2mara Municipal de Portim\u00e3o<br \/>\nC\u00e2mara Municipal da P\u00f3voa do Varzim<br \/>\nC\u00e2mara Municipal de Sintra<br \/>\nC\u00e2mara Municipal de Tavira<br \/>\nC\u00e2mara Municipal de Torres Novas<br \/>\nC\u00e2mara Municipal de Vila Real de Santo Ant\u00f3nio<br \/>\nCapital Real I \u2013 Fundo de Investimento Imobili\u00e1rio Fechado<br \/>\nCarrilho da Gra\u00e7a Arquitectos<br \/>\nCasinos Solverde<br \/>\nCavandela \u2013 Sociedade Imobili\u00e1ria, Lda.<br \/>\nCemprainha \u2013 Centro de Manuten\u00e7\u00e3o da Aldeia da Prainha, Lda.<br \/>\nChina Road and Bridge Corporation (CRBC)<br \/>\nChiron \u2013 Sistemas de Informa\u00e7\u00e3o<br \/>\nCIDEC \u2013 Centro Interdisciplinar de Estudos Econ\u00f3micos<br \/>\nCISED Consultores<br \/>\nCOBA<br \/>\nComiss\u00e3o de Coordena\u00e7\u00e3o e Desenvolvimento Regional de Lisboa e Vale do Tejo<br \/>\nComiss\u00e3o de Coordena\u00e7\u00e3o e Desenvolvimento Regional do Alentejo<br \/>\nComiss\u00e3o de Coordena\u00e7\u00e3o e Desenvolvimento Regional do Algarve<br \/>\nComiss\u00e3o Europeia \u2013 DG AGRI e DG EMPL<br \/>\nCommercia Portugal \u2013 Gest\u00e3o de Empreendimentos Comerciais e de Lazer S.A.<br \/>\nCONEGIL, Empreiteiros, Lda.<br \/>\nCons\u00f3rcio Parsons-FCG<br \/>\nConselho Municipal de Maputo<br \/>\nConsulmar \u2013 Projectistas e Consultores, Lda.<br \/>\nCostapolis \u2013 Sociedade para o Desenvolvimento do Programa Polis na Costa da Caparica S.A.<br \/>\nCOTECNO Consultores, S.L.P.<\/p>","protected":false},"excerpt":{"rendered":"<p>Cac\u00e9mpolis \u2013 Sociedade para o Desenvolvimento do Programa Polis no Cac\u00e9m, S.A. C\u00e2mara Municipal de Albufeira C\u00e2mara Municipal de Alcochete C\u00e2mara Municipal de Alc\u00e1cer do Sal C\u00e2mara Municipal de Alter do Ch\u00e3o C\u00e2mara Municipal de Bragan\u00e7a C\u00e2mara Municipal de Castro &#8230;<\/p>\n","protected":false},"author":3,"featured_media":0,"parent":142,"menu_order":2,"comment_status":"closed","ping_status":"closed","template":"","meta":{"_acf_changed":false,"footnotes":""},"class_list":["post-266","page","type-page","status-publish","hentry"],"acf":[],"_links":{"self":[{"href":"https:\/\/www.nemus.pt\/en\/wp-json\/wp\/v2\/pages\/266","targetHints":{"allow":["GET"]}}],"collection":[{"href":"https:\/\/www.nemus.pt\/en\/wp-json\/wp\/v2\/pages"}],"about":[{"href":"https:\/\/www.nemus.pt\/en\/wp-json\/wp\/v2\/types\/page"}],"author":[{"embeddable":true,"href":"https:\/\/www.nemus.pt\/en\/wp-json\/wp\/v2\/users\/3"}],"replies":[{"embeddable":true,"href":"https:\/\/www.nemus.pt\/en\/wp-json\/wp\/v2\/comments?post=266"}],"version-history":[{"count":0,"href":"https:\/\/www.nemus.pt\/en\/wp-json\/wp\/v2\/pages\/266\/revisions"}],"up":[{"embeddable":true,"href":"https:\/\/www.nemus.pt\/en\/wp-json\/wp\/v2\/pages\/142"}],"wp:attachment":[{"href":"https:\/\/www.nemus.pt\/en\/wp-json\/wp\/v2\/media?parent=266"}],"curies":[{"name":"wp","href":"https:\/\/api.w.org\/{rel}","templated":true}]}}