{"id":10,"date":"2013-11-03T19:07:39","date_gmt":"2013-11-03T19:07:39","guid":{"rendered":"http:\/\/nemus\/?page_id=10"},"modified":"2015-02-16T18:49:32","modified_gmt":"2015-02-16T18:49:32","slug":"projectos","status":"publish","type":"page","link":"https:\/\/www.nemus.pt\/pt\/projetos\/","title":{"rendered":"Projetos"},"content":{"rendered":"<p>Desde 1997 que ajudamos as organiza\u00e7\u00f5es a gerir com sucesso os impactos econ\u00f3micos, sociais e ambientais originados pela sua atividade com resultados sustent\u00e1veis e duradouros.<br \/>\nUltrapass\u00e1mos j\u00e1 a barreira do meio milhar de trabalhos produzidos para entidades p\u00fablicas e privadas de uma dezena de pa\u00edses.<\/p>\n<p><span style=\"color: #000000;\">Consulte abaixo alguns dos nossos projetos nos dom\u00ednios de <\/span><span style=\"color: #e9e115;\"><strong>Ambiente<\/strong><\/span>, <span style=\"color: #e46c0a;\"><strong>Desenvolvimento e Pol\u00edticas P\u00fablicas<\/strong><\/span> e <span style=\"color: #9acd32;\"><strong>Sustentabilidade<\/strong><\/span>.<\/p>","protected":false},"excerpt":{"rendered":"<p>Desde 1997 que ajudamos as organiza\u00e7\u00f5es a gerir com sucesso os impactos econ\u00f3micos, sociais e ambientais originados pela sua atividade com resultados sustent\u00e1veis e duradouros. Ultrapass\u00e1mos j\u00e1 a barreira do meio milhar de trabalhos produzidos para entidades p\u00fablicas e privadas &#8230;<\/p>\n","protected":false},"author":3,"featured_media":1586,"parent":0,"menu_order":5,"comment_status":"open","ping_status":"open","template":"","meta":{"_acf_changed":false,"footnotes":""},"class_list":["post-10","page","type-page","status-publish","has-post-thumbnail","hentry"],"acf":[],"_links":{"self":[{"href":"https:\/\/www.nemus.pt\/pt\/wp-json\/wp\/v2\/pages\/10","targetHints":{"allow":["GET"]}}],"collection":[{"href":"https:\/\/www.nemus.pt\/pt\/wp-json\/wp\/v2\/pages"}],"about":[{"href":"https:\/\/www.nemus.pt\/pt\/wp-json\/wp\/v2\/types\/page"}],"author":[{"embeddable":true,"href":"https:\/\/www.nemus.pt\/pt\/wp-json\/wp\/v2\/users\/3"}],"replies":[{"embeddable":true,"href":"https:\/\/www.nemus.pt\/pt\/wp-json\/wp\/v2\/comments?post=10"}],"version-history":[{"count":0,"href":"https:\/\/www.nemus.pt\/pt\/wp-json\/wp\/v2\/pages\/10\/revisions"}],"wp:featuredmedia":[{"embeddable":true,"href":"https:\/\/www.nemus.pt\/pt\/wp-json\/wp\/v2\/media\/1586"}],"wp:attachment":[{"href":"https:\/\/www.nemus.pt\/pt\/wp-json\/wp\/v2\/media?parent=10"}],"curies":[{"name":"wp","href":"https:\/\/api.w.org\/{rel}","templated":true}]}}