{"id":1122,"date":"2014-07-23T08:40:14","date_gmt":"2014-07-23T08:40:14","guid":{"rendered":"http:\/\/www.nemus.pt\/?page_id=1122"},"modified":"2014-11-03T20:18:42","modified_gmt":"2014-11-03T20:18:42","slug":"impacto-do-leader-no-desenvolvimento-rural","status":"publish","type":"page","link":"https:\/\/www.nemus.pt\/pt\/projetos\/politicas-publicas\/impacto-do-leader-no-desenvolvimento-rural\/","title":{"rendered":"Impacto do LEADER no desenvolvimento rural, Uni\u00e3o Europeia"},"content":{"rendered":"<p>A Nemus colaborou com a <i>European Association for Information on Local Development<\/i> (B\u00e9lgica), na elabora\u00e7\u00e3o de um guia metodol\u00f3gico para avalia\u00e7\u00e3o do impacte da abordagem LEADER e das medidas para melhorar a qualidade de vida nas zonas rurais.<\/p>\n<p>A abordagem LEADER corresponde a um dos eixos da pol\u00edtica de desenvolvimento rural da Uni\u00e3o Europeia e permite aos intervenientes locais aproveitarem o potencial de desenvolvimento end\u00f3geno local, atrav\u00e9s de parcerias locais e processos de decis\u00e3o descentralizados.<\/p>\n<p>Da participa\u00e7\u00e3o da Nemus no documento produzido destaca-se a formaliza\u00e7\u00e3o das quatro dimens\u00f5es da qualidade de vida em meio rural \u2013 capital social e cultural e servi\u00e7os locais, ambiente rural, economia rural, governan\u00e7a \u2013 e a defini\u00e7\u00e3o dos indicadores para avaliar o impacte das pol\u00edticas de desenvolvimento rural, com especial incid\u00eancia nas quest\u00f5es de natureza socioecon\u00f3mica e ambiental.<\/p>\n<p>Na sequ\u00eancia dessa colabora\u00e7\u00e3o, a Nemus elaborou em 2012 uma s\u00edntese das avalia\u00e7\u00f5es intercalares dos programas de desenvolvimento rural 2007-2013 para o <i>\u00d6sterreichisches Institut f\u00fcr Raumplanung<\/i> (\u00c1ustria), tendo como destinat\u00e1ria final a Comiss\u00e3o Europeia \u2013 DG AGRI.<\/p>","protected":false},"excerpt":{"rendered":"<p>A Nemus colaborou com a European Association for Information on Local Development (B\u00e9lgica), na elabora\u00e7\u00e3o de um guia metodol\u00f3gico para avalia\u00e7\u00e3o do impacte da abordagem LEADER e das medidas para melhorar a qualidade de vida nas zonas rurais. A abordagem &#8230;<\/p>\n","protected":false},"author":3,"featured_media":2226,"parent":171,"menu_order":5,"comment_status":"open","ping_status":"closed","template":"","meta":{"_acf_changed":false,"footnotes":""},"class_list":["post-1122","page","type-page","status-publish","has-post-thumbnail","hentry"],"acf":[],"_links":{"self":[{"href":"https:\/\/www.nemus.pt\/pt\/wp-json\/wp\/v2\/pages\/1122","targetHints":{"allow":["GET"]}}],"collection":[{"href":"https:\/\/www.nemus.pt\/pt\/wp-json\/wp\/v2\/pages"}],"about":[{"href":"https:\/\/www.nemus.pt\/pt\/wp-json\/wp\/v2\/types\/page"}],"author":[{"embeddable":true,"href":"https:\/\/www.nemus.pt\/pt\/wp-json\/wp\/v2\/users\/3"}],"replies":[{"embeddable":true,"href":"https:\/\/www.nemus.pt\/pt\/wp-json\/wp\/v2\/comments?post=1122"}],"version-history":[{"count":0,"href":"https:\/\/www.nemus.pt\/pt\/wp-json\/wp\/v2\/pages\/1122\/revisions"}],"up":[{"embeddable":true,"href":"https:\/\/www.nemus.pt\/pt\/wp-json\/wp\/v2\/pages\/171"}],"wp:featuredmedia":[{"embeddable":true,"href":"https:\/\/www.nemus.pt\/pt\/wp-json\/wp\/v2\/media\/2226"}],"wp:attachment":[{"href":"https:\/\/www.nemus.pt\/pt\/wp-json\/wp\/v2\/media?parent=1122"}],"curies":[{"name":"wp","href":"https:\/\/api.w.org\/{rel}","templated":true}]}}