{"id":114,"date":"2013-12-03T15:11:40","date_gmt":"2013-12-03T15:11:40","guid":{"rendered":"http:\/\/nemus\/?page_id=114"},"modified":"2014-11-28T18:58:34","modified_gmt":"2014-11-28T18:58:34","slug":"quem-somos","status":"publish","type":"page","link":"https:\/\/www.nemus.pt\/pt\/a-nemus\/quem-somos\/","title":{"rendered":"Quem Somos"},"content":{"rendered":"<p>Fundada em 1997, a Nemus foi pioneira em Portugal na oferta de solu\u00e7\u00f5es globais para as necessidades associadas ao desenvolvimento. <hr><\/p>\n<p style=\"text-align: center;\">Consultora global com atividade em tr\u00eas continentes, a Nemus \u00e9 reconhecida nos mercados em que atua pelo\u00a0<b>conhecimento t\u00e9cnico e cient\u00edfico<\/b>\u00a0de refer\u00eancia, pelo desempenho de\u00a0<b>excel\u00eancia<\/b>\u00a0e pelo foco no servi\u00e7o ao\u00a0<b>cliente<\/b>.<\/p>\n<p style=\"text-align: justify;\"><div class=\"grid\"><div class=\"grid__item one-half portable-one-whole\"><\/p>\n<p style=\"text-align: justify;\"><span style=\"color: #e46c0a;\"><b>Percurso<\/b><\/span><\/p>\n<p style=\"text-align: justify;\">Fundada em\u00a0<b>1997<\/b>, a Nemus foi\u00a0<b>pioneira<\/b>\u00a0em Portugal na oferta de\u00a0<b>servi\u00e7os globais<\/b>\u00a0para responder aos desafios do desenvolvimento sustent\u00e1vel.<br \/>\nAs novas exig\u00eancias da sustentabilidade levaram-nos a estender a interven\u00e7\u00e3o muito para al\u00e9m dos dom\u00ednios iniciais, centrados na avalia\u00e7\u00e3o e gest\u00e3o ambiental, na geologia e na gest\u00e3o e reabilita\u00e7\u00e3o de \u00e1reas costeiras.<br \/>\nEm menos de duas d\u00e9cadas constru\u00edmos um\u00a0<b>curr\u00edculo de destaque<\/b>\u00a0que inclui estudos, conce\u00e7\u00e3o, avalia\u00e7\u00e3o e execu\u00e7\u00e3o de interven\u00e7\u00f5es em \u00e1reas t\u00e3o diversas como: ambiente, ordenamento do territ\u00f3rio, gest\u00e3o de recursos naturais, avalia\u00e7\u00e3o econ\u00f3mica e socioecon\u00f3mica, pol\u00edticas p\u00fablicas, sustentabilidade e comunica\u00e7\u00e3o.<br \/>\nHoje, prestamos uma oferta s\u00f3lida de servi\u00e7os de consultoria integrados e multi-disciplinares em tr\u00eas dom\u00ednios-chave: em\u00a0<b>ambiente<\/b>, em\u00a0<b>sustentabilidade<\/b>\u00a0e em <b>desenvolvimento e pol\u00edticas p\u00fablicas<\/b>, para um vasto conjunto de institui\u00e7\u00f5es p\u00fablicas e privadas, em mais de uma dezena de pa\u00edses da Europa, \u00c1frica e Am\u00e9rica.<\/p>\n<\/div><!--<\/p>\n<p style=\"text-align: justify;\">--><div class=\"grid__item one-half portable-one-whole\"><\/p>\n<p style=\"text-align: justify;\"><span style=\"color: #e46c0a;\"><b>O nosso foco<\/b><\/span><\/p>\n<p style=\"text-align: justify;\">O\u00a0<b>sucesso dos nossos clientes<\/b>\u00a0\u00e9 o foco central da nossa estrat\u00e9gia operacional, executada por uma equipa multifacetada e com uma compet\u00eancia cient\u00edfica inigual\u00e1vel.<br \/>\n\u00c9 a elevada\u00a0<b>satisfa\u00e7\u00e3o dos clientes<\/b>\u00a0que contribui para que a Nemus seja hoje uma das mais respeitadas marcas de servi\u00e7os de consultoria em ambiente e sustentabilidade, tanto em Portugal, como nos principais mercados de express\u00e3o portuguesa.<\/p>\n<p style=\"text-align: justify;\"><span style=\"color: #e46c0a;\"><b>A nossa marca<\/b><\/span><\/p>\n<p style=\"text-align: justify;\">Respondemos \u00e0s necessidades dos nossos clientes com solu\u00e7\u00f5es \u00e0 medida, baseadas no rigor cient\u00edfico, na compet\u00eancia t\u00e9cnica e numa abordagem integrada dos problemas.<br \/>\nFomentar o desenvolvimento sustent\u00e1vel \u00e9 o que nos move, desde o primeiro dia.\u00a0<b>Empowering sustainability<\/b>\u00a0\u00e9 a nossa marca.<\/p>\n<\/div><\/div><\/p>\n<p><\/p>","protected":false},"excerpt":{"rendered":"<p>Fundada em 1997, a Nemus foi pioneira em Portugal na oferta de solu\u00e7\u00f5es globais para as necessidades associadas ao desenvolvimento. Consultora global com atividade em tr\u00eas continentes, a Nemus \u00e9 reconhecida nos mercados em que atua pelo\u00a0conhecimento t\u00e9cnico e cient\u00edfico\u00a0de &#8230;<\/p>\n","protected":false},"author":3,"featured_media":2166,"parent":7,"menu_order":1,"comment_status":"open","ping_status":"open","template":"","meta":{"_acf_changed":false,"footnotes":""},"class_list":["post-114","page","type-page","status-publish","has-post-thumbnail","hentry"],"acf":[],"_links":{"self":[{"href":"https:\/\/www.nemus.pt\/pt\/wp-json\/wp\/v2\/pages\/114","targetHints":{"allow":["GET"]}}],"collection":[{"href":"https:\/\/www.nemus.pt\/pt\/wp-json\/wp\/v2\/pages"}],"about":[{"href":"https:\/\/www.nemus.pt\/pt\/wp-json\/wp\/v2\/types\/page"}],"author":[{"embeddable":true,"href":"https:\/\/www.nemus.pt\/pt\/wp-json\/wp\/v2\/users\/3"}],"replies":[{"embeddable":true,"href":"https:\/\/www.nemus.pt\/pt\/wp-json\/wp\/v2\/comments?post=114"}],"version-history":[{"count":0,"href":"https:\/\/www.nemus.pt\/pt\/wp-json\/wp\/v2\/pages\/114\/revisions"}],"up":[{"embeddable":true,"href":"https:\/\/www.nemus.pt\/pt\/wp-json\/wp\/v2\/pages\/7"}],"wp:featuredmedia":[{"embeddable":true,"href":"https:\/\/www.nemus.pt\/pt\/wp-json\/wp\/v2\/media\/2166"}],"wp:attachment":[{"href":"https:\/\/www.nemus.pt\/pt\/wp-json\/wp\/v2\/media?parent=114"}],"curies":[{"name":"wp","href":"https:\/\/api.w.org\/{rel}","templated":true}]}}