{"id":1142,"date":"2014-07-23T09:13:21","date_gmt":"2014-07-23T09:13:21","guid":{"rendered":"http:\/\/www.nemus.pt\/?page_id=1142"},"modified":"2014-11-03T20:10:03","modified_gmt":"2014-11-03T20:10:03","slug":"empreendimento-de-fins-multiplos-de-alqueva","status":"publish","type":"page","link":"https:\/\/www.nemus.pt\/pt\/projetos\/transportes-e-infraestruturas\/empreendimento-de-fins-multiplos-de-alqueva\/","title":{"rendered":"Empreendimento de Fins M\u00faltiplos de Alqueva, Portugal"},"content":{"rendered":"<p>A Nemus tem sido uma consultora de refer\u00eancia no processo de desenvolvimento do empreendimento de Alqueva, o maior lago artificial da Europa e tamb\u00e9m o maior investimento alguma vez realizado na regi\u00e3o do Alentejo, a operar desde 2001 nos setores h\u00eddrico p\u00fablico e industrial, nomeadamente na produ\u00e7\u00e3o de energia e desenvolvimento dos per\u00edmetros de rega.<\/p>\n<p>Desde 1998 a Nemus j\u00e1 realizou mais de 40 projetos para a EDIA, entre os quais in\u00fameros estudos de impacte ambiental e monitoriza\u00e7\u00f5es ambientais, prospe\u00e7\u00f5es arqueol\u00f3gicas, c\u00e1lculos dos regimes de caudais ecol\u00f3gicos de barragens, planos de desmata\u00e7\u00e3o e desarboriza\u00e7\u00e3o e de prote\u00e7\u00e3o, recupera\u00e7\u00e3o e valoriza\u00e7\u00e3o do coberto vegetal, planos de ordenamento para as albufeiras de maiores dimens\u00f5es, levantamento das fontes de polui\u00e7\u00e3o, planos de gest\u00e3o de res\u00edduos e estudos socioecon\u00f3micos, como a identifica\u00e7\u00e3o e localiza\u00e7\u00e3o de centros empresariais no espa\u00e7o Alqueva.<\/p>","protected":false},"excerpt":{"rendered":"<p>A Nemus tem sido uma consultora de refer\u00eancia no processo de desenvolvimento do empreendimento de Alqueva, o maior lago artificial da Europa e tamb\u00e9m o maior investimento alguma vez realizado na regi\u00e3o do Alentejo, a operar desde 2001 nos setores &#8230;<\/p>\n","protected":false},"author":3,"featured_media":2240,"parent":172,"menu_order":1,"comment_status":"open","ping_status":"closed","template":"","meta":{"_acf_changed":false,"footnotes":""},"class_list":["post-1142","page","type-page","status-publish","has-post-thumbnail","hentry"],"acf":[],"_links":{"self":[{"href":"https:\/\/www.nemus.pt\/pt\/wp-json\/wp\/v2\/pages\/1142","targetHints":{"allow":["GET"]}}],"collection":[{"href":"https:\/\/www.nemus.pt\/pt\/wp-json\/wp\/v2\/pages"}],"about":[{"href":"https:\/\/www.nemus.pt\/pt\/wp-json\/wp\/v2\/types\/page"}],"author":[{"embeddable":true,"href":"https:\/\/www.nemus.pt\/pt\/wp-json\/wp\/v2\/users\/3"}],"replies":[{"embeddable":true,"href":"https:\/\/www.nemus.pt\/pt\/wp-json\/wp\/v2\/comments?post=1142"}],"version-history":[{"count":0,"href":"https:\/\/www.nemus.pt\/pt\/wp-json\/wp\/v2\/pages\/1142\/revisions"}],"up":[{"embeddable":true,"href":"https:\/\/www.nemus.pt\/pt\/wp-json\/wp\/v2\/pages\/172"}],"wp:featuredmedia":[{"embeddable":true,"href":"https:\/\/www.nemus.pt\/pt\/wp-json\/wp\/v2\/media\/2240"}],"wp:attachment":[{"href":"https:\/\/www.nemus.pt\/pt\/wp-json\/wp\/v2\/media?parent=1142"}],"curies":[{"name":"wp","href":"https:\/\/api.w.org\/{rel}","templated":true}]}}