{"id":1145,"date":"2014-07-23T09:17:35","date_gmt":"2014-07-23T09:17:35","guid":{"rendered":"http:\/\/www.nemus.pt\/?page_id=1145"},"modified":"2016-12-02T16:40:11","modified_gmt":"2016-12-02T16:40:11","slug":"porto-de-leixoes","status":"publish","type":"page","link":"https:\/\/www.nemus.pt\/pt\/projetos\/transportes-e-infraestruturas\/porto-de-leixoes\/","title":{"rendered":"Porto de Leix\u00f5es, Portugal"},"content":{"rendered":"<p>A Nemus desenvolveu seis projetos no porto de Leix\u00f5es, alguns dos quais em colabora\u00e7\u00e3o com a Consulmar: o estudo de impacte ambiental da bacia de rota\u00e7\u00e3o e do canal de acesso \u00e0 doca n.\u00ba 4, uma amostragem de sedimentos em profundidade, prospe\u00e7\u00e3o geof\u00edsica, o estudo de impacte ambiental, o relat\u00f3rio de conformidade ambiental do projeto de execu\u00e7\u00e3o e a carateriza\u00e7\u00e3o de sedimentos e do local de dep\u00f3sito de dragados do novo terminal multiusos.<\/p>\n<p>Estes trabalhos foram essenciais para aumentar a efici\u00eancia e a rentabilidade da atividade portu\u00e1ria do segundo maior porto portugu\u00eas em movimento de navios e cargas, ao permitirem melhorar as condi\u00e7\u00f5es de navegabilidade no acesso \u00e0s docas interiores e aumentar a capacidade de acolhimento de navios de carga no Porto de Leix\u00f5es.<\/p>\n<p>Este \u00e9 apenas um exemplo da longa experi\u00eancia de trabalho no dom\u00ednio portu\u00e1rio. Em Portugal, a Nemus j\u00e1 realizou projetos relevantes em praticamente todos os portos e para todas as autoridades portu\u00e1rias.<\/p>","protected":false},"excerpt":{"rendered":"<p>A Nemus desenvolveu seis projetos no porto de Leix\u00f5es, alguns dos quais em colabora\u00e7\u00e3o com a Consulmar: o estudo de impacte ambiental da bacia de rota\u00e7\u00e3o e do canal de acesso \u00e0 doca n.\u00ba 4, uma amostragem de sedimentos em &#8230;<\/p>\n","protected":false},"author":3,"featured_media":2242,"parent":172,"menu_order":4,"comment_status":"open","ping_status":"closed","template":"","meta":{"_acf_changed":false,"footnotes":""},"class_list":["post-1145","page","type-page","status-publish","has-post-thumbnail","hentry"],"acf":[],"_links":{"self":[{"href":"https:\/\/www.nemus.pt\/pt\/wp-json\/wp\/v2\/pages\/1145","targetHints":{"allow":["GET"]}}],"collection":[{"href":"https:\/\/www.nemus.pt\/pt\/wp-json\/wp\/v2\/pages"}],"about":[{"href":"https:\/\/www.nemus.pt\/pt\/wp-json\/wp\/v2\/types\/page"}],"author":[{"embeddable":true,"href":"https:\/\/www.nemus.pt\/pt\/wp-json\/wp\/v2\/users\/3"}],"replies":[{"embeddable":true,"href":"https:\/\/www.nemus.pt\/pt\/wp-json\/wp\/v2\/comments?post=1145"}],"version-history":[{"count":0,"href":"https:\/\/www.nemus.pt\/pt\/wp-json\/wp\/v2\/pages\/1145\/revisions"}],"up":[{"embeddable":true,"href":"https:\/\/www.nemus.pt\/pt\/wp-json\/wp\/v2\/pages\/172"}],"wp:featuredmedia":[{"embeddable":true,"href":"https:\/\/www.nemus.pt\/pt\/wp-json\/wp\/v2\/media\/2242"}],"wp:attachment":[{"href":"https:\/\/www.nemus.pt\/pt\/wp-json\/wp\/v2\/media?parent=1145"}],"curies":[{"name":"wp","href":"https:\/\/api.w.org\/{rel}","templated":true}]}}