{"id":1146,"date":"2014-07-23T09:20:47","date_gmt":"2014-07-23T09:20:47","guid":{"rendered":"http:\/\/www.nemus.pt\/?page_id=1146"},"modified":"2014-11-03T20:11:25","modified_gmt":"2014-11-03T20:11:25","slug":"circular-rodoviaria-de-maputo","status":"publish","type":"page","link":"https:\/\/www.nemus.pt\/pt\/projetos\/transportes-e-infraestruturas\/circular-rodoviaria-de-maputo\/","title":{"rendered":"Circular rodovi\u00e1ria de Maputo, Mo\u00e7ambique"},"content":{"rendered":"<p>A circular rodovi\u00e1ria com 74 km de extens\u00e3o em torno de Maputo, com mais de 50 km novos, \u00e9 uma infraestrutura essencial para o desenvolvimento da regi\u00e3o, distribuindo o tr\u00e1fego autom\u00f3vel que circula na Grande Maputo e facilitando o acesso \u00e0s diferentes zonas da cidade.<\/p>\n<p>Recorrendo aos mais exigentes padr\u00f5es internacionais para a realiza\u00e7\u00e3o de estudos desta natureza, Nemus avaliou o impacte ambiental deste projeto, analisando com maior detalhe os aspetos relativos \u00e0 socioeconomia, ecologia e evolu\u00e7\u00e3o costeira.<\/p>\n<p>As conclus\u00f5es salientaram os impactos positivos do projeto para a melhoria das acessibilidades e a sua contribui\u00e7\u00e3o estrat\u00e9gica para o desenvolvimento econ\u00f3mico sustent\u00e1vel da regi\u00e3o de Maputo, com um efeito muito positivo na dinamiza\u00e7\u00e3o da ind\u00fastria do turismo.<\/p>","protected":false},"excerpt":{"rendered":"<p>A circular rodovi\u00e1ria com 74 km de extens\u00e3o em torno de Maputo, com mais de 50 km novos, \u00e9 uma infraestrutura essencial para o desenvolvimento da regi\u00e3o, distribuindo o tr\u00e1fego autom\u00f3vel que circula na Grande Maputo e facilitando o acesso &#8230;<\/p>\n","protected":false},"author":3,"featured_media":2244,"parent":172,"menu_order":6,"comment_status":"open","ping_status":"closed","template":"","meta":{"_acf_changed":false,"footnotes":""},"class_list":["post-1146","page","type-page","status-publish","has-post-thumbnail","hentry"],"acf":[],"_links":{"self":[{"href":"https:\/\/www.nemus.pt\/pt\/wp-json\/wp\/v2\/pages\/1146","targetHints":{"allow":["GET"]}}],"collection":[{"href":"https:\/\/www.nemus.pt\/pt\/wp-json\/wp\/v2\/pages"}],"about":[{"href":"https:\/\/www.nemus.pt\/pt\/wp-json\/wp\/v2\/types\/page"}],"author":[{"embeddable":true,"href":"https:\/\/www.nemus.pt\/pt\/wp-json\/wp\/v2\/users\/3"}],"replies":[{"embeddable":true,"href":"https:\/\/www.nemus.pt\/pt\/wp-json\/wp\/v2\/comments?post=1146"}],"version-history":[{"count":0,"href":"https:\/\/www.nemus.pt\/pt\/wp-json\/wp\/v2\/pages\/1146\/revisions"}],"up":[{"embeddable":true,"href":"https:\/\/www.nemus.pt\/pt\/wp-json\/wp\/v2\/pages\/172"}],"wp:featuredmedia":[{"embeddable":true,"href":"https:\/\/www.nemus.pt\/pt\/wp-json\/wp\/v2\/media\/2244"}],"wp:attachment":[{"href":"https:\/\/www.nemus.pt\/pt\/wp-json\/wp\/v2\/media?parent=1146"}],"curies":[{"name":"wp","href":"https:\/\/api.w.org\/{rel}","templated":true}]}}