{"id":1148,"date":"2014-07-23T09:18:52","date_gmt":"2014-07-23T09:18:52","guid":{"rendered":"http:\/\/www.nemus.pt\/?page_id=1148"},"modified":"2014-11-06T15:54:46","modified_gmt":"2014-11-06T15:54:46","slug":"plataforma-logistica-do-poceirao","status":"publish","type":"page","link":"https:\/\/www.nemus.pt\/pt\/projetos\/transportes-e-infraestruturas\/plataforma-logistica-do-poceirao\/","title":{"rendered":"Plataforma log\u00edstica do Poceir\u00e3o, Portugal"},"content":{"rendered":"<p>A plataforma log\u00edstica multimodal do Poceir\u00e3o \u00e9 a maior do Portugal Log\u00edstico, um programa de cria\u00e7\u00e3o de 11 grandes centros log\u00edsticos distribu\u00eddos pelo territ\u00f3rio, definido pelo Governo para dinamizar a atividade econ\u00f3mica e reordenar os fluxos log\u00edsticos e de transportes. A plataforma do Poceir\u00e3o destina-se a apoiar as car\u00eancias log\u00edsticas e de transporte da \u00e1rea metropolitana de Lisboa, principalmente as que decorrem dos movimentos dos portos de Lisboa, Sines e Set\u00fabal, potenciando o crescimento das transa\u00e7\u00f5es log\u00edsticas regionais, nacionais e internacionais.<\/p>\n<p>A Nemus realizou o estudo ambiental de suporte \u00e0 candidatura a projeto de potencial interesse nacional para o cons\u00f3rcio respons\u00e1vel pela conce\u00e7\u00e3o, financiamento e explora\u00e7\u00e3o desta plataforma. O trabalho centrou-se nos descritores geologia e geomorfologia, recursos h\u00eddricos subterr\u00e2neos, recursos h\u00eddricos superficiais, qualidade do ambiente (ar, ambiente sonoro e res\u00edduos), paisagem, ecologia, uso do solo e ordenamento do territ\u00f3rio e patrim\u00f3nio hist\u00f3rico-cultural.<\/p>","protected":false},"excerpt":{"rendered":"<p>A plataforma log\u00edstica multimodal do Poceir\u00e3o \u00e9 a maior do Portugal Log\u00edstico, um programa de cria\u00e7\u00e3o de 11 grandes centros log\u00edsticos distribu\u00eddos pelo territ\u00f3rio, definido pelo Governo para dinamizar a atividade econ\u00f3mica e reordenar os fluxos log\u00edsticos e de transportes. &#8230;<\/p>\n","protected":false},"author":3,"featured_media":2243,"parent":172,"menu_order":5,"comment_status":"open","ping_status":"closed","template":"","meta":{"_acf_changed":false,"footnotes":""},"class_list":["post-1148","page","type-page","status-publish","has-post-thumbnail","hentry"],"acf":[],"_links":{"self":[{"href":"https:\/\/www.nemus.pt\/pt\/wp-json\/wp\/v2\/pages\/1148","targetHints":{"allow":["GET"]}}],"collection":[{"href":"https:\/\/www.nemus.pt\/pt\/wp-json\/wp\/v2\/pages"}],"about":[{"href":"https:\/\/www.nemus.pt\/pt\/wp-json\/wp\/v2\/types\/page"}],"author":[{"embeddable":true,"href":"https:\/\/www.nemus.pt\/pt\/wp-json\/wp\/v2\/users\/3"}],"replies":[{"embeddable":true,"href":"https:\/\/www.nemus.pt\/pt\/wp-json\/wp\/v2\/comments?post=1148"}],"version-history":[{"count":0,"href":"https:\/\/www.nemus.pt\/pt\/wp-json\/wp\/v2\/pages\/1148\/revisions"}],"up":[{"embeddable":true,"href":"https:\/\/www.nemus.pt\/pt\/wp-json\/wp\/v2\/pages\/172"}],"wp:featuredmedia":[{"embeddable":true,"href":"https:\/\/www.nemus.pt\/pt\/wp-json\/wp\/v2\/media\/2243"}],"wp:attachment":[{"href":"https:\/\/www.nemus.pt\/pt\/wp-json\/wp\/v2\/media?parent=1148"}],"curies":[{"name":"wp","href":"https:\/\/api.w.org\/{rel}","templated":true}]}}