{"id":1172,"date":"2014-07-23T10:22:34","date_gmt":"2014-07-23T10:22:34","guid":{"rendered":"http:\/\/www.nemus.pt\/?page_id=1172"},"modified":"2016-03-29T11:35:51","modified_gmt":"2016-03-29T11:35:51","slug":"plano-de-urbanizacao-de-katembe","status":"publish","type":"page","link":"https:\/\/www.nemus.pt\/pt\/projetos\/desenvolvimento-urbano\/plano-de-urbanizacao-de-katembe\/","title":{"rendered":"Plano de Urbaniza\u00e7\u00e3o de KaTembe, Mo\u00e7ambique"},"content":{"rendered":"<p>Com uma popula\u00e7\u00e3o futura que ultrapassar\u00e1 os 400 mil habitantes, o Plano Geral de Urbaniza\u00e7\u00e3o do Distrito Municipal KaTembe ir\u00e1 ocupar uma \u00e1rea de 4 mil hectares adjacente \u00e0quela que \u00e9 j\u00e1 a de maior densidade urbana em Mo\u00e7ambique. Essas condicionantes exigiram que o estudo identificasse os principais efeitos da afeta\u00e7\u00e3o prevista em dom\u00ednios como o clima, geologia, usos dos solos, recursos h\u00eddricos, ecologia, qualidade do ambiente, paisagem, assentamentos humanos, socioeconomia e patrim\u00f3nio.<\/p>\n<p>O trabalho realizado pelo cons\u00f3rcio com o grupo Betar cruzou as an\u00e1lises setoriais feitas a esses dom\u00ednios para hierarquizar as medidas de mitiga\u00e7\u00e3o dos impactes, apontar os aspetos-chave e apresentar dois cen\u00e1rios poss\u00edveis para implementa\u00e7\u00e3o do Plano que define os princ\u00edpios que regulam a transforma\u00e7\u00e3o dos usos do solo e os \u00edndices gerais da ocupa\u00e7\u00e3o deste territ\u00f3rio.<\/p>","protected":false},"excerpt":{"rendered":"<p>Com uma popula\u00e7\u00e3o futura que ultrapassar\u00e1 os 400 mil habitantes, o Plano Geral de Urbaniza\u00e7\u00e3o do Distrito Municipal KaTembe ir\u00e1 ocupar uma \u00e1rea de 4 mil hectares adjacente \u00e0quela que \u00e9 j\u00e1 a de maior densidade urbana em Mo\u00e7ambique. Essas &#8230;<\/p>\n","protected":false},"author":3,"featured_media":2255,"parent":173,"menu_order":1,"comment_status":"open","ping_status":"closed","template":"","meta":{"_acf_changed":false,"footnotes":""},"class_list":["post-1172","page","type-page","status-publish","has-post-thumbnail","hentry"],"acf":[],"_links":{"self":[{"href":"https:\/\/www.nemus.pt\/pt\/wp-json\/wp\/v2\/pages\/1172","targetHints":{"allow":["GET"]}}],"collection":[{"href":"https:\/\/www.nemus.pt\/pt\/wp-json\/wp\/v2\/pages"}],"about":[{"href":"https:\/\/www.nemus.pt\/pt\/wp-json\/wp\/v2\/types\/page"}],"author":[{"embeddable":true,"href":"https:\/\/www.nemus.pt\/pt\/wp-json\/wp\/v2\/users\/3"}],"replies":[{"embeddable":true,"href":"https:\/\/www.nemus.pt\/pt\/wp-json\/wp\/v2\/comments?post=1172"}],"version-history":[{"count":0,"href":"https:\/\/www.nemus.pt\/pt\/wp-json\/wp\/v2\/pages\/1172\/revisions"}],"up":[{"embeddable":true,"href":"https:\/\/www.nemus.pt\/pt\/wp-json\/wp\/v2\/pages\/173"}],"wp:featuredmedia":[{"embeddable":true,"href":"https:\/\/www.nemus.pt\/pt\/wp-json\/wp\/v2\/media\/2255"}],"wp:attachment":[{"href":"https:\/\/www.nemus.pt\/pt\/wp-json\/wp\/v2\/media?parent=1172"}],"curies":[{"name":"wp","href":"https:\/\/api.w.org\/{rel}","templated":true}]}}