{"id":1173,"date":"2014-07-23T10:23:31","date_gmt":"2014-07-23T10:23:31","guid":{"rendered":"http:\/\/www.nemus.pt\/?page_id=1173"},"modified":"2014-11-03T20:22:00","modified_gmt":"2014-11-03T20:22:00","slug":"plano-de-pormenor-do-aterro-da-boavista","status":"publish","type":"page","link":"https:\/\/www.nemus.pt\/pt\/projetos\/desenvolvimento-urbano\/plano-de-pormenor-do-aterro-da-boavista\/","title":{"rendered":"Plano de pormenor do aterro da Boavista, Portugal"},"content":{"rendered":"<p>O trabalho incidiu sobre o plano de pormenor do aterro da Boavista, concebido para requalificar e reabilitar uma \u00e1rea descaraterizada no centro de Lisboa onde ser\u00e1 constru\u00eddo o edif\u00edcio-sede da EDP, um dos grandes operadores mundiais do setor energ\u00e9tico.<\/p>\n<p>A avalia\u00e7\u00e3o ambiental selecionou e estudou os aspetos ambientais mais prementes, designadamente a geologia \/ hidrogeologia e o ru\u00eddo, mat\u00e9rias para as quais se desenvolveram estudos complementares espec\u00edficos. O trabalho analisou tamb\u00e9m os fatores de estrutura\u00e7\u00e3o e requalifica\u00e7\u00e3o urbana, de regenera\u00e7\u00e3o urbana e competitividade territorial que, em conjunto com os fatores biof\u00edsicos estudados, permitiram melhorar o processo de planeamento e ter em conta recomenda\u00e7\u00f5es de mitiga\u00e7\u00e3o de riscos e potencia\u00e7\u00e3o de oportunidades.<\/p>","protected":false},"excerpt":{"rendered":"<p>O trabalho incidiu sobre o plano de pormenor do aterro da Boavista, concebido para requalificar e reabilitar uma \u00e1rea descaraterizada no centro de Lisboa onde ser\u00e1 constru\u00eddo o edif\u00edcio-sede da EDP, um dos grandes operadores mundiais do setor energ\u00e9tico. A &#8230;<\/p>\n","protected":false},"author":3,"featured_media":2256,"parent":173,"menu_order":2,"comment_status":"open","ping_status":"closed","template":"","meta":{"_acf_changed":false,"footnotes":""},"class_list":["post-1173","page","type-page","status-publish","has-post-thumbnail","hentry"],"acf":[],"_links":{"self":[{"href":"https:\/\/www.nemus.pt\/pt\/wp-json\/wp\/v2\/pages\/1173","targetHints":{"allow":["GET"]}}],"collection":[{"href":"https:\/\/www.nemus.pt\/pt\/wp-json\/wp\/v2\/pages"}],"about":[{"href":"https:\/\/www.nemus.pt\/pt\/wp-json\/wp\/v2\/types\/page"}],"author":[{"embeddable":true,"href":"https:\/\/www.nemus.pt\/pt\/wp-json\/wp\/v2\/users\/3"}],"replies":[{"embeddable":true,"href":"https:\/\/www.nemus.pt\/pt\/wp-json\/wp\/v2\/comments?post=1173"}],"version-history":[{"count":0,"href":"https:\/\/www.nemus.pt\/pt\/wp-json\/wp\/v2\/pages\/1173\/revisions"}],"up":[{"embeddable":true,"href":"https:\/\/www.nemus.pt\/pt\/wp-json\/wp\/v2\/pages\/173"}],"wp:featuredmedia":[{"embeddable":true,"href":"https:\/\/www.nemus.pt\/pt\/wp-json\/wp\/v2\/media\/2256"}],"wp:attachment":[{"href":"https:\/\/www.nemus.pt\/pt\/wp-json\/wp\/v2\/media?parent=1173"}],"curies":[{"name":"wp","href":"https:\/\/api.w.org\/{rel}","templated":true}]}}