{"id":1174,"date":"2014-07-23T10:24:12","date_gmt":"2014-07-23T10:24:12","guid":{"rendered":"http:\/\/www.nemus.pt\/?page_id=1174"},"modified":"2014-11-03T20:22:14","modified_gmt":"2014-11-03T20:22:14","slug":"empreendimento-turistico-da-herdade-de-vale-dos-reis","status":"publish","type":"page","link":"https:\/\/www.nemus.pt\/pt\/projetos\/desenvolvimento-urbano\/empreendimento-turistico-da-herdade-de-vale-dos-reis\/","title":{"rendered":"Empreendimento tur\u00edstico da Herdade de Vale dos Reis, Portugal"},"content":{"rendered":"<p>O estudo da opera\u00e7\u00e3o de loteamento para instala\u00e7\u00e3o de empreendimento tur\u00edstico na Herdade de Vale dos Reis constituiu um instrumento de apoio \u00e0 decis\u00e3o sobre a viabilidade ambiental do projeto. Em causa estava o desenvolvimento de uma \u00e1rea de ocupa\u00e7\u00e3o tur\u00edstica com mais de 400 hectares integrada numa extensa parcela de terreno florestal, incluindo a instala\u00e7\u00e3o de dois conjuntos tur\u00edsticos (um com campo de golfe de 18 buracos e outro com centro equestre) e tr\u00eas aldeamentos tur\u00edsticos com a categoria m\u00ednima de 4 estrelas.<\/p>\n<p>O estudo considerou que o projeto constitu\u00eda uma oportunidade relevante para o desenvolvimento local, identificando impactes positivos importantes no patrim\u00f3nio, ecologia e paisagem, ordenamento do territ\u00f3rio e socioeconomia e um potencial de afeta\u00e7\u00e3o negativa limitado pela aplica\u00e7\u00e3o das medidas propostas.<\/p>\n<p>Desde 1998 a Nemus j\u00e1 realizou mais de 70 trabalhos sobre empreendimentos tur\u00edsticos, incluindo avalia\u00e7\u00f5es ambientais, estudos geol\u00f3gico-geot\u00e9cnicos, mapas de ru\u00eddo, projetos de requalifica\u00e7\u00e3o, de sinaliza\u00e7\u00e3o, de tratamento de arribas, caracteriza\u00e7\u00f5es de sedimentos e pareceres t\u00e9cnicos, nomeadamente no \u00e2mbito da geologia e do patrim\u00f3nio.<\/p>","protected":false},"excerpt":{"rendered":"<p>O estudo da opera\u00e7\u00e3o de loteamento para instala\u00e7\u00e3o de empreendimento tur\u00edstico na Herdade de Vale dos Reis constituiu um instrumento de apoio \u00e0 decis\u00e3o sobre a viabilidade ambiental do projeto. Em causa estava o desenvolvimento de uma \u00e1rea de ocupa\u00e7\u00e3o &#8230;<\/p>\n","protected":false},"author":3,"featured_media":2257,"parent":173,"menu_order":3,"comment_status":"open","ping_status":"closed","template":"","meta":{"_acf_changed":false,"footnotes":""},"class_list":["post-1174","page","type-page","status-publish","has-post-thumbnail","hentry"],"acf":[],"_links":{"self":[{"href":"https:\/\/www.nemus.pt\/pt\/wp-json\/wp\/v2\/pages\/1174","targetHints":{"allow":["GET"]}}],"collection":[{"href":"https:\/\/www.nemus.pt\/pt\/wp-json\/wp\/v2\/pages"}],"about":[{"href":"https:\/\/www.nemus.pt\/pt\/wp-json\/wp\/v2\/types\/page"}],"author":[{"embeddable":true,"href":"https:\/\/www.nemus.pt\/pt\/wp-json\/wp\/v2\/users\/3"}],"replies":[{"embeddable":true,"href":"https:\/\/www.nemus.pt\/pt\/wp-json\/wp\/v2\/comments?post=1174"}],"version-history":[{"count":0,"href":"https:\/\/www.nemus.pt\/pt\/wp-json\/wp\/v2\/pages\/1174\/revisions"}],"up":[{"embeddable":true,"href":"https:\/\/www.nemus.pt\/pt\/wp-json\/wp\/v2\/pages\/173"}],"wp:featuredmedia":[{"embeddable":true,"href":"https:\/\/www.nemus.pt\/pt\/wp-json\/wp\/v2\/media\/2257"}],"wp:attachment":[{"href":"https:\/\/www.nemus.pt\/pt\/wp-json\/wp\/v2\/media?parent=1174"}],"curies":[{"name":"wp","href":"https:\/\/api.w.org\/{rel}","templated":true}]}}