{"id":1183,"date":"2014-07-23T10:34:34","date_gmt":"2014-07-23T10:34:34","guid":{"rendered":"http:\/\/www.nemus.pt\/?page_id=1183"},"modified":"2015-01-20T11:17:27","modified_gmt":"2015-01-20T11:17:27","slug":"central-de-energia-das-ondas-na-foz-do-douro","status":"publish","type":"page","link":"https:\/\/www.nemus.pt\/pt\/projetos\/energias-renovaveis\/central-de-energia-das-ondas-na-foz-do-douro\/","title":{"rendered":"Central de energia das ondas na foz do Douro, Portugal"},"content":{"rendered":"<p>O estudo realizado pela Nemus incluiu a avalia\u00e7\u00e3o ambiental e o plano de acompanhamento da central de energia das ondas da foz do Douro, com os objetivos de identificar antecipadamente e prever a mitiga\u00e7\u00e3o dos riscos ambientais decorrentes do projeto de integra\u00e7\u00e3o da central na cabe\u00e7a do molhe norte da foz do Douro durante a constru\u00e7\u00e3o desta infraestrutura.<\/p>\n<p>Focado nos descritores geologia e geomorfologia, emiss\u00f5es gasosas, ru\u00eddo, ecologia, flora e fauna, paisagem, solos e ordenamento do territ\u00f3rio, patrim\u00f3nio hist\u00f3rico-cultural e socioeconomia, este trabalho aplicou as melhores metodologias dispon\u00edveis, entre as quais se destaca o estudo ac\u00fastico das condi\u00e7\u00f5es de funcionamento da central, suportado por simula\u00e7\u00f5es computacionais.<\/p>\n<p>A central de energia das ondas da foz do Douro pretende produzir energia el\u00e9trica a partir das ondas, utilizando um sistema do tipo coluna de \u00e1gua oscilante. \u00c9 tamb\u00e9m uma oportunidade para aquisi\u00e7\u00e3o de compet\u00eancias cient\u00edficas, tecnol\u00f3gicas e empresariais numa \u00e1rea de enorme interesse estrat\u00e9gico para Portugal.<\/p>","protected":false},"excerpt":{"rendered":"<p>O estudo realizado pela Nemus incluiu a avalia\u00e7\u00e3o ambiental e o plano de acompanhamento da central de energia das ondas da foz do Douro, com os objetivos de identificar antecipadamente e prever a mitiga\u00e7\u00e3o dos riscos ambientais decorrentes do projeto &#8230;<\/p>\n","protected":false},"author":3,"featured_media":2230,"parent":174,"menu_order":2,"comment_status":"open","ping_status":"closed","template":"","meta":{"_acf_changed":false,"footnotes":""},"class_list":["post-1183","page","type-page","status-publish","has-post-thumbnail","hentry"],"acf":[],"_links":{"self":[{"href":"https:\/\/www.nemus.pt\/pt\/wp-json\/wp\/v2\/pages\/1183","targetHints":{"allow":["GET"]}}],"collection":[{"href":"https:\/\/www.nemus.pt\/pt\/wp-json\/wp\/v2\/pages"}],"about":[{"href":"https:\/\/www.nemus.pt\/pt\/wp-json\/wp\/v2\/types\/page"}],"author":[{"embeddable":true,"href":"https:\/\/www.nemus.pt\/pt\/wp-json\/wp\/v2\/users\/3"}],"replies":[{"embeddable":true,"href":"https:\/\/www.nemus.pt\/pt\/wp-json\/wp\/v2\/comments?post=1183"}],"version-history":[{"count":0,"href":"https:\/\/www.nemus.pt\/pt\/wp-json\/wp\/v2\/pages\/1183\/revisions"}],"up":[{"embeddable":true,"href":"https:\/\/www.nemus.pt\/pt\/wp-json\/wp\/v2\/pages\/174"}],"wp:featuredmedia":[{"embeddable":true,"href":"https:\/\/www.nemus.pt\/pt\/wp-json\/wp\/v2\/media\/2230"}],"wp:attachment":[{"href":"https:\/\/www.nemus.pt\/pt\/wp-json\/wp\/v2\/media?parent=1183"}],"curies":[{"name":"wp","href":"https:\/\/api.w.org\/{rel}","templated":true}]}}