{"id":1184,"date":"2014-07-23T10:35:17","date_gmt":"2014-07-23T10:35:17","guid":{"rendered":"http:\/\/www.nemus.pt\/?page_id=1184"},"modified":"2014-11-03T19:55:50","modified_gmt":"2014-11-03T19:55:50","slug":"barragem-do-loureiro","status":"publish","type":"page","link":"https:\/\/www.nemus.pt\/pt\/projetos\/energias-renovaveis\/barragem-do-loureiro\/","title":{"rendered":"Barragem do Loureiro, Portugal"},"content":{"rendered":"<p>A barragem do Loureiro \u00e9 um dos reservat\u00f3rios de compensa\u00e7\u00e3o e de regulariza\u00e7\u00e3o do sistema global de rega do Empreendimento de Fins M\u00faltiplos de Alqueva, tendo a produ\u00e7\u00e3o de energia como um dos seus principais objetivos.<\/p>\n<p>O estudo realizado pela Nemus avaliou a viabilidade ambiental do projeto, considerando desde logo as inten\u00e7\u00f5es de projetos associados, e prop\u00f4s as medidas ambientais necess\u00e1rias \u00e0 minimiza\u00e7\u00e3o dos impactes negativos e \u00e0 potencia\u00e7\u00e3o dos efeitos positivos.<\/p>\n<p>Dos trabalhos realizados em 2000 destacam-se a recolha e an\u00e1lise de amostras de \u00e1gua, a amostragem para inventaria\u00e7\u00e3o da flora e a carateriza\u00e7\u00e3o da fauna dul\u00e7aqu\u00edcola em esta\u00e7\u00f5es de amostragem na ribeira de Loureiro. A Nemus reviu e atualizou o estudo em 2002, tendo nesta altura simulado uma situa\u00e7\u00e3o de rotura da barragem atrav\u00e9s da aplica\u00e7\u00e3o de modelos matem\u00e1ticos para identifica\u00e7\u00e3o das \u00e1reas inund\u00e1veis.<\/p>","protected":false},"excerpt":{"rendered":"<p>A barragem do Loureiro \u00e9 um dos reservat\u00f3rios de compensa\u00e7\u00e3o e de regulariza\u00e7\u00e3o do sistema global de rega do Empreendimento de Fins M\u00faltiplos de Alqueva, tendo a produ\u00e7\u00e3o de energia como um dos seus principais objetivos. O estudo realizado pela &#8230;<\/p>\n","protected":false},"author":3,"featured_media":2231,"parent":174,"menu_order":3,"comment_status":"open","ping_status":"closed","template":"","meta":{"_acf_changed":false,"footnotes":""},"class_list":["post-1184","page","type-page","status-publish","has-post-thumbnail","hentry"],"acf":[],"_links":{"self":[{"href":"https:\/\/www.nemus.pt\/pt\/wp-json\/wp\/v2\/pages\/1184","targetHints":{"allow":["GET"]}}],"collection":[{"href":"https:\/\/www.nemus.pt\/pt\/wp-json\/wp\/v2\/pages"}],"about":[{"href":"https:\/\/www.nemus.pt\/pt\/wp-json\/wp\/v2\/types\/page"}],"author":[{"embeddable":true,"href":"https:\/\/www.nemus.pt\/pt\/wp-json\/wp\/v2\/users\/3"}],"replies":[{"embeddable":true,"href":"https:\/\/www.nemus.pt\/pt\/wp-json\/wp\/v2\/comments?post=1184"}],"version-history":[{"count":0,"href":"https:\/\/www.nemus.pt\/pt\/wp-json\/wp\/v2\/pages\/1184\/revisions"}],"up":[{"embeddable":true,"href":"https:\/\/www.nemus.pt\/pt\/wp-json\/wp\/v2\/pages\/174"}],"wp:featuredmedia":[{"embeddable":true,"href":"https:\/\/www.nemus.pt\/pt\/wp-json\/wp\/v2\/media\/2231"}],"wp:attachment":[{"href":"https:\/\/www.nemus.pt\/pt\/wp-json\/wp\/v2\/media?parent=1184"}],"curies":[{"name":"wp","href":"https:\/\/api.w.org\/{rel}","templated":true}]}}