{"id":1185,"date":"2014-07-23T10:36:15","date_gmt":"2014-07-23T10:36:15","guid":{"rendered":"http:\/\/www.nemus.pt\/?page_id=1185"},"modified":"2014-11-03T19:56:17","modified_gmt":"2014-11-03T19:56:17","slug":"parque-eolico-enerfer-i","status":"publish","type":"page","link":"https:\/\/www.nemus.pt\/pt\/projetos\/energias-renovaveis\/parque-eolico-enerfer-i\/","title":{"rendered":"Parque E\u00f3lico ENERFER I, Portugal"},"content":{"rendered":"<p>Numa interven\u00e7\u00e3o faseada, a Nemus estudou as incid\u00eancias ambientais do projeto de parque e\u00f3lico em 2009 e fez o acompanhamento ambiental e arqueol\u00f3gico durante a execu\u00e7\u00e3o da obra, em 2012.<\/p>\n<p>Nesta segunda fase, a Nemus realizou tamb\u00e9m a monitoriza\u00e7\u00e3o de quir\u00f3pteros e da avifauna local, trabalhos que inclu\u00edram a prospe\u00e7\u00e3o de abrigos e dete\u00e7\u00e3o de esp\u00e9cies de morcegos atrav\u00e9s de pontos de escuta, a observa\u00e7\u00e3o de esp\u00e9cies de aves, a avalia\u00e7\u00e3o da sua abund\u00e2ncia, o tipo de utiliza\u00e7\u00e3o do habitat e o comportamento associado.<\/p>","protected":false},"excerpt":{"rendered":"<p>Numa interven\u00e7\u00e3o faseada, a Nemus estudou as incid\u00eancias ambientais do projeto de parque e\u00f3lico em 2009 e fez o acompanhamento ambiental e arqueol\u00f3gico durante a execu\u00e7\u00e3o da obra, em 2012. Nesta segunda fase, a Nemus realizou tamb\u00e9m a monitoriza\u00e7\u00e3o de &#8230;<\/p>\n","protected":false},"author":3,"featured_media":2224,"parent":174,"menu_order":4,"comment_status":"open","ping_status":"closed","template":"","meta":{"_acf_changed":false,"footnotes":""},"class_list":["post-1185","page","type-page","status-publish","has-post-thumbnail","hentry"],"acf":[],"_links":{"self":[{"href":"https:\/\/www.nemus.pt\/pt\/wp-json\/wp\/v2\/pages\/1185","targetHints":{"allow":["GET"]}}],"collection":[{"href":"https:\/\/www.nemus.pt\/pt\/wp-json\/wp\/v2\/pages"}],"about":[{"href":"https:\/\/www.nemus.pt\/pt\/wp-json\/wp\/v2\/types\/page"}],"author":[{"embeddable":true,"href":"https:\/\/www.nemus.pt\/pt\/wp-json\/wp\/v2\/users\/3"}],"replies":[{"embeddable":true,"href":"https:\/\/www.nemus.pt\/pt\/wp-json\/wp\/v2\/comments?post=1185"}],"version-history":[{"count":0,"href":"https:\/\/www.nemus.pt\/pt\/wp-json\/wp\/v2\/pages\/1185\/revisions"}],"up":[{"embeddable":true,"href":"https:\/\/www.nemus.pt\/pt\/wp-json\/wp\/v2\/pages\/174"}],"wp:featuredmedia":[{"embeddable":true,"href":"https:\/\/www.nemus.pt\/pt\/wp-json\/wp\/v2\/media\/2224"}],"wp:attachment":[{"href":"https:\/\/www.nemus.pt\/pt\/wp-json\/wp\/v2\/media?parent=1185"}],"curies":[{"name":"wp","href":"https:\/\/api.w.org\/{rel}","templated":true}]}}