{"id":1186,"date":"2014-07-23T10:36:58","date_gmt":"2014-07-23T10:36:58","guid":{"rendered":"http:\/\/www.nemus.pt\/?page_id=1186"},"modified":"2014-11-03T19:57:10","modified_gmt":"2014-11-03T19:57:10","slug":"empreendimento-de-odelouca","status":"publish","type":"page","link":"https:\/\/www.nemus.pt\/pt\/projetos\/energias-renovaveis\/empreendimento-de-odelouca\/","title":{"rendered":"Empreendimento de Odelouca, Portugal"},"content":{"rendered":"<p>O trabalho do cons\u00f3rcio\u00a0Nemus, COBA e Agro Ges\u00a0 teve como objetivos rever, atualizar e fundamentar os aspetos t\u00e9cnicos, ambientais e econ\u00f3mico-financeiros do empreendimento de Odelouca \u00e0 luz do conhecimento recente, considerando a evolu\u00e7\u00e3o registada desde o planeamento inicial, na d\u00e9cada de 1970 e foi realizado sob a estreita supervis\u00e3o do Banco Europeu de Investimentos, o destinat\u00e1rio final do estudo, no \u00e2mbito da negocia\u00e7\u00e3o do financiamento para a constru\u00e7\u00e3o da barragem.<\/p>\n<p>As an\u00e1lises ambientais realizadas permitiram definir e executar um vasto pacote de medidas de minimiza\u00e7\u00e3o e compensa\u00e7\u00e3o para garantir a conserva\u00e7\u00e3o dos valores ambientais presentes. Este processo motivou tamb\u00e9m a celebra\u00e7\u00e3o de diversos acordos de coopera\u00e7\u00e3o com o governo espanhol no \u00e2mbito do programa de recupera\u00e7\u00e3o do lince ib\u00e9rico.<\/p>\n<p>A Nemus acompanhou a constru\u00e7\u00e3o desta barragem de elevada import\u00e2ncia para a gest\u00e3o dos recursos h\u00eddricos do Algarve desde o in\u00edcio, tendo avaliado as potenciais altera\u00e7\u00f5es na morfologia, hidrodin\u00e2mica e ecologia do sistema estuarino Arade\/Odelouca, o plano de ordenamento da albufeira e o programa base de medidas compensat\u00f3rias.<\/p>","protected":false},"excerpt":{"rendered":"<p>O trabalho do cons\u00f3rcio\u00a0Nemus, COBA e Agro Ges\u00a0 teve como objetivos rever, atualizar e fundamentar os aspetos t\u00e9cnicos, ambientais e econ\u00f3mico-financeiros do empreendimento de Odelouca \u00e0 luz do conhecimento recente, considerando a evolu\u00e7\u00e3o registada desde o planeamento inicial, na d\u00e9cada &#8230;<\/p>\n","protected":false},"author":3,"featured_media":2232,"parent":174,"menu_order":5,"comment_status":"open","ping_status":"closed","template":"","meta":{"_acf_changed":false,"footnotes":""},"class_list":["post-1186","page","type-page","status-publish","has-post-thumbnail","hentry"],"acf":[],"_links":{"self":[{"href":"https:\/\/www.nemus.pt\/pt\/wp-json\/wp\/v2\/pages\/1186","targetHints":{"allow":["GET"]}}],"collection":[{"href":"https:\/\/www.nemus.pt\/pt\/wp-json\/wp\/v2\/pages"}],"about":[{"href":"https:\/\/www.nemus.pt\/pt\/wp-json\/wp\/v2\/types\/page"}],"author":[{"embeddable":true,"href":"https:\/\/www.nemus.pt\/pt\/wp-json\/wp\/v2\/users\/3"}],"replies":[{"embeddable":true,"href":"https:\/\/www.nemus.pt\/pt\/wp-json\/wp\/v2\/comments?post=1186"}],"version-history":[{"count":0,"href":"https:\/\/www.nemus.pt\/pt\/wp-json\/wp\/v2\/pages\/1186\/revisions"}],"up":[{"embeddable":true,"href":"https:\/\/www.nemus.pt\/pt\/wp-json\/wp\/v2\/pages\/174"}],"wp:featuredmedia":[{"embeddable":true,"href":"https:\/\/www.nemus.pt\/pt\/wp-json\/wp\/v2\/media\/2232"}],"wp:attachment":[{"href":"https:\/\/www.nemus.pt\/pt\/wp-json\/wp\/v2\/media?parent=1186"}],"curies":[{"name":"wp","href":"https:\/\/api.w.org\/{rel}","templated":true}]}}