{"id":1193,"date":"2014-07-23T10:48:14","date_gmt":"2014-07-23T10:48:14","guid":{"rendered":"http:\/\/www.nemus.pt\/?page_id=1193"},"modified":"2014-11-03T19:48:42","modified_gmt":"2014-11-03T19:48:42","slug":"localizacao-de-centros-empresariais-em-alqueva","status":"publish","type":"page","link":"https:\/\/www.nemus.pt\/pt\/projetos\/desenvolvimento-sustentavel\/localizacao-de-centros-empresariais-em-alqueva\/","title":{"rendered":"Localiza\u00e7\u00e3o de centros empresariais em Alqueva, Portugal"},"content":{"rendered":"<p>Este estudo inovador realizado para a EDIA pretendeu identificar os cen\u00e1rios de localiza\u00e7\u00e3o preferencial de empresas no espa\u00e7o formado pelos concelhos influenciados pelo Empreendimento de Fins M\u00faltiplos de Alqueva (EFMA). O estudo efectuado em parceria com o Centro Interdisciplinar de Estudos Econ\u00f3micos focou-se nas atividades econ\u00f3micas com maior potencial de desenvolvimento, tendo sido consideradas as fileiras da agricultura e agroind\u00fastrias, \u00e1gua, ambiente, inova\u00e7\u00e3o e tecnologia, energia e turismo.<i><\/i><\/p>\n<p>Tendo em considera\u00e7\u00e3o as caracter\u00edsticas naturais, econ\u00f3micas, sociais e culturais da \u00e1rea, na sele\u00e7\u00e3o dos territ\u00f3rios de localiza\u00e7\u00e3o preferencial a Nemus utilizou m\u00e9todos avan\u00e7ados de apoio multicrit\u00e9rio \u00e0 decis\u00e3o e deu especial aten\u00e7\u00e3o \u00e0s rela\u00e7\u00f5es de coopera\u00e7\u00e3o\/sinergia ou de competi\u00e7\u00e3o\/conflito que as seis fileiras estabelecem entre si.<\/p>","protected":false},"excerpt":{"rendered":"<p>Este estudo inovador realizado para a EDIA pretendeu identificar os cen\u00e1rios de localiza\u00e7\u00e3o preferencial de empresas no espa\u00e7o formado pelos concelhos influenciados pelo Empreendimento de Fins M\u00faltiplos de Alqueva (EFMA). O estudo efectuado em parceria com o Centro Interdisciplinar de &#8230;<\/p>\n","protected":false},"author":3,"featured_media":2215,"parent":175,"menu_order":2,"comment_status":"open","ping_status":"closed","template":"","meta":{"_acf_changed":false,"footnotes":""},"class_list":["post-1193","page","type-page","status-publish","has-post-thumbnail","hentry"],"acf":[],"_links":{"self":[{"href":"https:\/\/www.nemus.pt\/pt\/wp-json\/wp\/v2\/pages\/1193","targetHints":{"allow":["GET"]}}],"collection":[{"href":"https:\/\/www.nemus.pt\/pt\/wp-json\/wp\/v2\/pages"}],"about":[{"href":"https:\/\/www.nemus.pt\/pt\/wp-json\/wp\/v2\/types\/page"}],"author":[{"embeddable":true,"href":"https:\/\/www.nemus.pt\/pt\/wp-json\/wp\/v2\/users\/3"}],"replies":[{"embeddable":true,"href":"https:\/\/www.nemus.pt\/pt\/wp-json\/wp\/v2\/comments?post=1193"}],"version-history":[{"count":0,"href":"https:\/\/www.nemus.pt\/pt\/wp-json\/wp\/v2\/pages\/1193\/revisions"}],"up":[{"embeddable":true,"href":"https:\/\/www.nemus.pt\/pt\/wp-json\/wp\/v2\/pages\/175"}],"wp:featuredmedia":[{"embeddable":true,"href":"https:\/\/www.nemus.pt\/pt\/wp-json\/wp\/v2\/media\/2215"}],"wp:attachment":[{"href":"https:\/\/www.nemus.pt\/pt\/wp-json\/wp\/v2\/media?parent=1193"}],"curies":[{"name":"wp","href":"https:\/\/api.w.org\/{rel}","templated":true}]}}