{"id":1208,"date":"2014-07-23T11:03:54","date_gmt":"2014-07-23T11:03:54","guid":{"rendered":"http:\/\/www.nemus.pt\/?page_id=1208"},"modified":"2014-11-03T19:58:31","modified_gmt":"2014-11-03T19:58:31","slug":"vulnerabilidade-da-peninsula-do-ancao-e-praia-de-faro","status":"publish","type":"page","link":"https:\/\/www.nemus.pt\/pt\/projetos\/alteracoes-climaticas\/vulnerabilidade-da-peninsula-do-ancao-e-praia-de-faro\/","title":{"rendered":"Vulnerabilidade da pen\u00ednsula do Anc\u00e3o e praia de Faro, Portugal"},"content":{"rendered":"<p>Integrada nos estudos preparat\u00f3rios do plano de pormenor para a praia de Faro, esta an\u00e1lise procurou conhecer a vulnerabilidade dos terrenos aos agentes que podem constituir fatores de risco para uma ocupa\u00e7\u00e3o do territ\u00f3rio.<\/p>\n<p>Entre outros aspetos foram estudados os principais condicionantes que a din\u00e2mica e a evolu\u00e7\u00e3o costeira imp\u00f5em \u00e0 ocupa\u00e7\u00e3o do territ\u00f3rio, considerando o recuo instant\u00e2neo da duna frontal, a eros\u00e3o e inunda\u00e7\u00e3o das faixas onde ocorrem galgamentos oce\u00e2nicos, a inunda\u00e7\u00e3o da margem lagunar e a inunda\u00e7\u00e3o por tsunamis. Foram ainda apresentadas e integradas diferentes faixas de vulnerabilidade resultantes da a\u00e7\u00e3o de galgamentos oce\u00e2nicos, de inunda\u00e7\u00f5es causadas por um n\u00edvel das \u00e1guas costeiras e lagunares excecionalmente elevado e do recuo da duna frontal.<\/p>\n<p>O plano de pormenor da praia de Faro integra-se na ria Formosa, onde s\u00e3o relevantes os habitats associados \u00e0 zona entre-mar\u00e9s, e define crit\u00e9rios para uma reconstru\u00e7\u00e3o dunar que minimize o risco na \u00e1rea de interven\u00e7\u00e3o, por via da reconstru\u00e7\u00e3o dunar e da remo\u00e7\u00e3o programada das constru\u00e7\u00f5es sujeitas ao galgamento oce\u00e2nico, recorrente na zona.<\/p>","protected":false},"excerpt":{"rendered":"<p>Integrada nos estudos preparat\u00f3rios do plano de pormenor para a praia de Faro, esta an\u00e1lise procurou conhecer a vulnerabilidade dos terrenos aos agentes que podem constituir fatores de risco para uma ocupa\u00e7\u00e3o do territ\u00f3rio. Entre outros aspetos foram estudados os &#8230;<\/p>\n","protected":false},"author":3,"featured_media":2234,"parent":176,"menu_order":1,"comment_status":"open","ping_status":"closed","template":"","meta":{"_acf_changed":false,"footnotes":""},"class_list":["post-1208","page","type-page","status-publish","has-post-thumbnail","hentry"],"acf":[],"_links":{"self":[{"href":"https:\/\/www.nemus.pt\/pt\/wp-json\/wp\/v2\/pages\/1208","targetHints":{"allow":["GET"]}}],"collection":[{"href":"https:\/\/www.nemus.pt\/pt\/wp-json\/wp\/v2\/pages"}],"about":[{"href":"https:\/\/www.nemus.pt\/pt\/wp-json\/wp\/v2\/types\/page"}],"author":[{"embeddable":true,"href":"https:\/\/www.nemus.pt\/pt\/wp-json\/wp\/v2\/users\/3"}],"replies":[{"embeddable":true,"href":"https:\/\/www.nemus.pt\/pt\/wp-json\/wp\/v2\/comments?post=1208"}],"version-history":[{"count":0,"href":"https:\/\/www.nemus.pt\/pt\/wp-json\/wp\/v2\/pages\/1208\/revisions"}],"up":[{"embeddable":true,"href":"https:\/\/www.nemus.pt\/pt\/wp-json\/wp\/v2\/pages\/176"}],"wp:featuredmedia":[{"embeddable":true,"href":"https:\/\/www.nemus.pt\/pt\/wp-json\/wp\/v2\/media\/2234"}],"wp:attachment":[{"href":"https:\/\/www.nemus.pt\/pt\/wp-json\/wp\/v2\/media?parent=1208"}],"curies":[{"name":"wp","href":"https:\/\/api.w.org\/{rel}","templated":true}]}}