{"id":1209,"date":"2014-07-23T11:06:06","date_gmt":"2014-07-23T11:06:06","guid":{"rendered":"http:\/\/www.nemus.pt\/?page_id=1209"},"modified":"2015-07-29T11:24:48","modified_gmt":"2015-07-29T11:24:48","slug":"disponibilidades-hidricas-na-bacia-do-guadiana","status":"publish","type":"page","link":"https:\/\/www.nemus.pt\/pt\/projetos\/alteracoes-climaticas\/disponibilidades-hidricas-na-bacia-do-guadiana\/","title":{"rendered":"Disponibilidades h\u00eddricas na bacia do Guadiana, Portugal e Espanha"},"content":{"rendered":"<p>A Administra\u00e7\u00e3o da Regi\u00e3o Hidrogr\u00e1fica do Alentejo solicitou a um conjunto de empresas e especialistas a constitui\u00e7\u00e3o dos dados de base para suportar as negocia\u00e7\u00f5es com Espanha sobre futuras capta\u00e7\u00f5es de \u00e1gua no curso principal do rio Guadiana.<\/p>\n<p>O estudo da Nemus incluiu o enquadramento da pretens\u00e3o nas conven\u00e7\u00f5es sobre partilha dos rios fronteiri\u00e7os e transfronteiri\u00e7os entre Portugal e Espanha, a apresenta\u00e7\u00e3o dos cen\u00e1rios prospetivos sobre as press\u00f5es consuntivas na bacia hidrogr\u00e1fica do Guadiana nos dois pa\u00edses, a avalia\u00e7\u00e3o das disponibilidades e utiliza\u00e7\u00f5es de \u00e1gua, o estado de qualidade das principais massas de \u00e1gua e a an\u00e1lise das potenciais altera\u00e7\u00f5es nos ecossistemas resultantes dos diferentes cen\u00e1rios de escoamento.<\/p>\n<p>Aferindo o grau de utiliza\u00e7\u00e3o dos recursos h\u00eddricos da bacia hidrogr\u00e1fica do rio Guadiana, medido em fun\u00e7\u00e3o da capacidade de reten\u00e7\u00e3o face ao regime natural, este estudo permitiu destacar aspetos importantes a salvaguardar no processo de negocia\u00e7\u00e3o.<\/p>","protected":false},"excerpt":{"rendered":"<p>A Administra\u00e7\u00e3o da Regi\u00e3o Hidrogr\u00e1fica do Alentejo solicitou a um conjunto de empresas e especialistas a constitui\u00e7\u00e3o dos dados de base para suportar as negocia\u00e7\u00f5es com Espanha sobre futuras capta\u00e7\u00f5es de \u00e1gua no curso principal do rio Guadiana. O estudo &#8230;<\/p>\n","protected":false},"author":3,"featured_media":2235,"parent":176,"menu_order":3,"comment_status":"open","ping_status":"closed","template":"","meta":{"_acf_changed":false,"footnotes":""},"class_list":["post-1209","page","type-page","status-publish","has-post-thumbnail","hentry"],"acf":[],"_links":{"self":[{"href":"https:\/\/www.nemus.pt\/pt\/wp-json\/wp\/v2\/pages\/1209","targetHints":{"allow":["GET"]}}],"collection":[{"href":"https:\/\/www.nemus.pt\/pt\/wp-json\/wp\/v2\/pages"}],"about":[{"href":"https:\/\/www.nemus.pt\/pt\/wp-json\/wp\/v2\/types\/page"}],"author":[{"embeddable":true,"href":"https:\/\/www.nemus.pt\/pt\/wp-json\/wp\/v2\/users\/3"}],"replies":[{"embeddable":true,"href":"https:\/\/www.nemus.pt\/pt\/wp-json\/wp\/v2\/comments?post=1209"}],"version-history":[{"count":0,"href":"https:\/\/www.nemus.pt\/pt\/wp-json\/wp\/v2\/pages\/1209\/revisions"}],"up":[{"embeddable":true,"href":"https:\/\/www.nemus.pt\/pt\/wp-json\/wp\/v2\/pages\/176"}],"wp:featuredmedia":[{"embeddable":true,"href":"https:\/\/www.nemus.pt\/pt\/wp-json\/wp\/v2\/media\/2235"}],"wp:attachment":[{"href":"https:\/\/www.nemus.pt\/pt\/wp-json\/wp\/v2\/media?parent=1209"}],"curies":[{"name":"wp","href":"https:\/\/api.w.org\/{rel}","templated":true}]}}