{"id":1210,"date":"2014-07-23T11:05:09","date_gmt":"2014-07-23T11:05:09","guid":{"rendered":"http:\/\/www.nemus.pt\/?page_id=1210"},"modified":"2014-11-03T20:01:26","modified_gmt":"2014-11-03T20:01:26","slug":"efeito-das-alteracoes-climaticas-no-desenvolvimento-rural","status":"publish","type":"page","link":"https:\/\/www.nemus.pt\/pt\/projetos\/alteracoes-climaticas\/efeito-das-alteracoes-climaticas-no-desenvolvimento-rural\/","title":{"rendered":"Efeito das altera\u00e7\u00f5es clim\u00e1ticas no desenvolvimento rural, Portugal"},"content":{"rendered":"<p>A Nemus conduziu um estudo sobre a forma como os quatro programas de desenvolvimento rural 2007-2013 para Portugal (Continente, Madeira, A\u00e7ores e Rede Rural Nacional) lidam com a mitiga\u00e7\u00e3o dos efeitos das altera\u00e7\u00f5es clim\u00e1ticas e sobre a adapta\u00e7\u00e3o do setor agr\u00edcola, nomeadamente por via de investimentos hidroagr\u00edcolas ou de mudan\u00e7as culturais.<\/p>\n<p>O estudo inseriu-se na assessoria t\u00e9cnica ao ponto de contacto da Rede Europeia de Desenvolvimento Rural, dinamizado pela multinacional de origem grega Kantor junto da DG AGRI da Comiss\u00e3o Europeia.<\/p>\n<p>Esta colabora\u00e7\u00e3o da Nemus incluiu ainda um sum\u00e1rio dos quatro programas de desenvolvimento rural nacionais, que foi reconhecido como melhor pr\u00e1tica na rede de consultores da Kantor e, por isso, aplicado ao tratamento dos demais Estados-membros com m\u00faltiplos programas de desenvolvimento rural.<\/p>","protected":false},"excerpt":{"rendered":"<p>A Nemus conduziu um estudo sobre a forma como os quatro programas de desenvolvimento rural 2007-2013 para Portugal (Continente, Madeira, A\u00e7ores e Rede Rural Nacional) lidam com a mitiga\u00e7\u00e3o dos efeitos das altera\u00e7\u00f5es clim\u00e1ticas e sobre a adapta\u00e7\u00e3o do setor &#8230;<\/p>\n","protected":false},"author":3,"featured_media":2239,"parent":176,"menu_order":2,"comment_status":"open","ping_status":"closed","template":"","meta":{"_acf_changed":false,"footnotes":""},"class_list":["post-1210","page","type-page","status-publish","has-post-thumbnail","hentry"],"acf":[],"_links":{"self":[{"href":"https:\/\/www.nemus.pt\/pt\/wp-json\/wp\/v2\/pages\/1210","targetHints":{"allow":["GET"]}}],"collection":[{"href":"https:\/\/www.nemus.pt\/pt\/wp-json\/wp\/v2\/pages"}],"about":[{"href":"https:\/\/www.nemus.pt\/pt\/wp-json\/wp\/v2\/types\/page"}],"author":[{"embeddable":true,"href":"https:\/\/www.nemus.pt\/pt\/wp-json\/wp\/v2\/users\/3"}],"replies":[{"embeddable":true,"href":"https:\/\/www.nemus.pt\/pt\/wp-json\/wp\/v2\/comments?post=1210"}],"version-history":[{"count":0,"href":"https:\/\/www.nemus.pt\/pt\/wp-json\/wp\/v2\/pages\/1210\/revisions"}],"up":[{"embeddable":true,"href":"https:\/\/www.nemus.pt\/pt\/wp-json\/wp\/v2\/pages\/176"}],"wp:featuredmedia":[{"embeddable":true,"href":"https:\/\/www.nemus.pt\/pt\/wp-json\/wp\/v2\/media\/2239"}],"wp:attachment":[{"href":"https:\/\/www.nemus.pt\/pt\/wp-json\/wp\/v2\/media?parent=1210"}],"curies":[{"name":"wp","href":"https:\/\/api.w.org\/{rel}","templated":true}]}}