{"id":1211,"date":"2014-07-23T11:07:13","date_gmt":"2014-07-23T11:07:13","guid":{"rendered":"http:\/\/www.nemus.pt\/?page_id=1211"},"modified":"2016-03-29T11:47:02","modified_gmt":"2016-03-29T11:47:02","slug":"estudo-de-hidrodinamica-na-baia-de-maputo","status":"publish","type":"page","link":"https:\/\/www.nemus.pt\/pt\/projetos\/alteracoes-climaticas\/estudo-de-hidrodinamica-na-baia-de-maputo\/","title":{"rendered":"Estudo de hidrodin\u00e2mica na ba\u00eda de Maputo, Mo\u00e7ambique"},"content":{"rendered":"<p>Este trabalho compreendeu o estudo integrado da circula\u00e7\u00e3o e de zonas de elevada vulnerabilidade na ba\u00eda de Maputo e na margem sul do estu\u00e1rio do Esp\u00edrito Santo. Em colabora\u00e7\u00e3o com o grupo Betar e com a Hidromod, foi poss\u00edvel fazer uma an\u00e1lise detalhada desta \u00e1rea desprotegida e sens\u00edvel a altera\u00e7\u00f5es clim\u00e1ticas.<\/p>\n<p>Na \u00e1rea de estudo, o trabalho caraterizou a situa\u00e7\u00e3o atual nas vertentes de clima, geologia e geomorfologia, hidrologia e oceanografia, incluindo fen\u00f3menos extremos de tempestades e sobreeleva\u00e7\u00e3o do n\u00edvel m\u00e9dio do mar. Foi ainda feita a simula\u00e7\u00e3o em modelo matem\u00e1tico dos principais processos intervenientes na hidrodin\u00e2mica do estu\u00e1rio e da ba\u00eda e a avalia\u00e7\u00e3o de \u00e1reas de vulnerabilidade na orla do estu\u00e1rio e ba\u00eda associadas a fen\u00f3menos hidrodin\u00e2micos e de din\u00e2mica costeira.<\/p>\n<p>O estudo decorreu em simult\u00e2neo com o plano de desenvolvimento regional KaTembe \u2013 Ponta do Ouro. O cliente voltou a contratar o cons\u00f3rcio para os estudos de impacte ambiental e para as an\u00e1lises econ\u00f3micas do Plano Geral de Urbaniza\u00e7\u00e3o do Distrito Municipal de KaTembe e dos respetivos Planos Parciais.<\/p>","protected":false},"excerpt":{"rendered":"<p>Este trabalho compreendeu o estudo integrado da circula\u00e7\u00e3o e de zonas de elevada vulnerabilidade na ba\u00eda de Maputo e na margem sul do estu\u00e1rio do Esp\u00edrito Santo. Em colabora\u00e7\u00e3o com o grupo Betar e com a Hidromod, foi poss\u00edvel fazer &#8230;<\/p>\n","protected":false},"author":3,"featured_media":2237,"parent":176,"menu_order":4,"comment_status":"open","ping_status":"closed","template":"","meta":{"_acf_changed":false,"footnotes":""},"class_list":["post-1211","page","type-page","status-publish","has-post-thumbnail","hentry"],"acf":[],"_links":{"self":[{"href":"https:\/\/www.nemus.pt\/pt\/wp-json\/wp\/v2\/pages\/1211","targetHints":{"allow":["GET"]}}],"collection":[{"href":"https:\/\/www.nemus.pt\/pt\/wp-json\/wp\/v2\/pages"}],"about":[{"href":"https:\/\/www.nemus.pt\/pt\/wp-json\/wp\/v2\/types\/page"}],"author":[{"embeddable":true,"href":"https:\/\/www.nemus.pt\/pt\/wp-json\/wp\/v2\/users\/3"}],"replies":[{"embeddable":true,"href":"https:\/\/www.nemus.pt\/pt\/wp-json\/wp\/v2\/comments?post=1211"}],"version-history":[{"count":0,"href":"https:\/\/www.nemus.pt\/pt\/wp-json\/wp\/v2\/pages\/1211\/revisions"}],"up":[{"embeddable":true,"href":"https:\/\/www.nemus.pt\/pt\/wp-json\/wp\/v2\/pages\/176"}],"wp:featuredmedia":[{"embeddable":true,"href":"https:\/\/www.nemus.pt\/pt\/wp-json\/wp\/v2\/media\/2237"}],"wp:attachment":[{"href":"https:\/\/www.nemus.pt\/pt\/wp-json\/wp\/v2\/media?parent=1211"}],"curies":[{"name":"wp","href":"https:\/\/api.w.org\/{rel}","templated":true}]}}