{"id":1212,"date":"2014-07-23T11:09:07","date_gmt":"2014-07-23T11:09:07","guid":{"rendered":"http:\/\/www.nemus.pt\/?page_id=1212"},"modified":"2014-11-20T10:05:57","modified_gmt":"2014-11-20T10:05:57","slug":"gestao-de-bacias-hidrograficas-num-clima-em-mudanca","status":"publish","type":"page","link":"https:\/\/www.nemus.pt\/pt\/projetos\/alteracoes-climaticas\/gestao-de-bacias-hidrograficas-num-clima-em-mudanca\/","title":{"rendered":"Gest\u00e3o de bacias hidrogr\u00e1ficas num clima em mudan\u00e7a, Portugal"},"content":{"rendered":"<p>A evolu\u00e7\u00e3o do clima nas regi\u00f5es hidrogr\u00e1ficas do Alentejo e Algarve e os efeitos esperados das altera\u00e7\u00f5es clim\u00e1ticas nos recursos h\u00eddricos foram analisados no \u00e2mbito dos Planos de Gest\u00e3o das Bacias Hidrogr\u00e1ficas do Alentejo e Algarve, realizados por dois cons\u00f3rcios liderados pela Nemus.<\/p>\n<p>A an\u00e1lise teve por base os estudos cient\u00edficos realizados para Portugal e para as regi\u00f5es hidrogr\u00e1ficas do Alentejo e Algarve, assentes na constru\u00e7\u00e3o de cen\u00e1rios do clima futuro a partir de modelos de circula\u00e7\u00e3o da atmosfera.<\/p>\n<p>As altera\u00e7\u00f5es clim\u00e1ticas s\u00e3o uma das maiores amea\u00e7as ambientais, sociais e econ\u00f3micas que o planeta e a humanidade enfrentam hoje. As evidentes assimetrias regionais na distribui\u00e7\u00e3o de impactes colocam a regi\u00e3o do sul da Europa na posi\u00e7\u00e3o mais vulner\u00e1vel, com proje\u00e7\u00f5es de temperaturas mais elevadas associadas a situa\u00e7\u00f5es de seca e redu\u00e7\u00e3o das disponibilidades h\u00eddricas. Esta situa\u00e7\u00e3o afetar\u00e1 sobretudo os setores econ\u00f3micos do turismo e da agricultura, que est\u00e3o mais dependentes das condi\u00e7\u00f5es e estado dos recursos h\u00eddricos.<\/p>","protected":false},"excerpt":{"rendered":"<p>A evolu\u00e7\u00e3o do clima nas regi\u00f5es hidrogr\u00e1ficas do Alentejo e Algarve e os efeitos esperados das altera\u00e7\u00f5es clim\u00e1ticas nos recursos h\u00eddricos foram analisados no \u00e2mbito dos Planos de Gest\u00e3o das Bacias Hidrogr\u00e1ficas do Alentejo e Algarve, realizados por dois cons\u00f3rcios &#8230;<\/p>\n","protected":false},"author":3,"featured_media":2238,"parent":176,"menu_order":5,"comment_status":"open","ping_status":"closed","template":"","meta":{"_acf_changed":false,"footnotes":""},"class_list":["post-1212","page","type-page","status-publish","has-post-thumbnail","hentry"],"acf":[],"_links":{"self":[{"href":"https:\/\/www.nemus.pt\/pt\/wp-json\/wp\/v2\/pages\/1212","targetHints":{"allow":["GET"]}}],"collection":[{"href":"https:\/\/www.nemus.pt\/pt\/wp-json\/wp\/v2\/pages"}],"about":[{"href":"https:\/\/www.nemus.pt\/pt\/wp-json\/wp\/v2\/types\/page"}],"author":[{"embeddable":true,"href":"https:\/\/www.nemus.pt\/pt\/wp-json\/wp\/v2\/users\/3"}],"replies":[{"embeddable":true,"href":"https:\/\/www.nemus.pt\/pt\/wp-json\/wp\/v2\/comments?post=1212"}],"version-history":[{"count":0,"href":"https:\/\/www.nemus.pt\/pt\/wp-json\/wp\/v2\/pages\/1212\/revisions"}],"up":[{"embeddable":true,"href":"https:\/\/www.nemus.pt\/pt\/wp-json\/wp\/v2\/pages\/176"}],"wp:featuredmedia":[{"embeddable":true,"href":"https:\/\/www.nemus.pt\/pt\/wp-json\/wp\/v2\/media\/2238"}],"wp:attachment":[{"href":"https:\/\/www.nemus.pt\/pt\/wp-json\/wp\/v2\/media?parent=1212"}],"curies":[{"name":"wp","href":"https:\/\/api.w.org\/{rel}","templated":true}]}}