{"id":1218,"date":"2014-07-23T11:14:49","date_gmt":"2014-07-23T11:14:49","guid":{"rendered":"http:\/\/www.nemus.pt\/?page_id=1218"},"modified":"2014-11-03T19:35:18","modified_gmt":"2014-11-03T19:35:18","slug":"extracao-de-inertes-do-rio-douro","status":"publish","type":"page","link":"https:\/\/www.nemus.pt\/pt\/projetos\/recursos-naturais\/extracao-de-inertes-do-rio-douro\/","title":{"rendered":"Extra\u00e7\u00e3o de inertes do Rio Douro, Portugal"},"content":{"rendered":"<p>A Nemus produziu diversos trabalhos para a delega\u00e7\u00e3o do Douro do Instituto Portu\u00e1rio e dos Transportes Mar\u00edtimos para avalia\u00e7\u00e3o de incid\u00eancias, acompanhamento, auditoria e monitoriza\u00e7\u00e3o ambientais da extra\u00e7\u00e3o de inertes no rio Douro.<\/p>\n<p>Em 2003, a Nemus estudou o tro\u00e7o Entre-os-Rios \u2013 barragem do Carrapatelo, realizando a carateriza\u00e7\u00e3o f\u00edsico-qu\u00edmica de sedimentos e a avalia\u00e7\u00e3o de incid\u00eancias ambientais das atividades de dragagem, transporte a dep\u00f3sito, opera\u00e7\u00e3o de estaleiros e areeiros nas componentes suscet\u00edveis de serem alteradas pelas interven\u00e7\u00f5es, nomeadamente a qualidade do ar, ru\u00eddo, qualidade da \u00e1gua e dos sedimentos e ecologia.<\/p>\n<p>Em 2004, an\u00e1lises semelhantes foram realizadas em 7 lotes para extra\u00e7\u00e3o de inertes entre P\u00e9 de Moura e Lomba e, em 2005, foi conclu\u00eddo um plano de acompanhamento ambiental e de monitoriza\u00e7\u00e3o para a atividade neste tro\u00e7o do rio Douro, com base nas medidas e recomenda\u00e7\u00f5es preconizadas no estudo e em articula\u00e7\u00e3o com a Comiss\u00e3o de Coordena\u00e7\u00e3o e Desenvolvimento Regional do Norte. A colabora\u00e7\u00e3o manteve-se at\u00e9 2009, com a presta\u00e7\u00e3o de assessoria t\u00e9cnica ao IPTM e a realiza\u00e7\u00e3o de uma auditoria.<\/p>\n<p>Constituindo o documento orientador para as a\u00e7\u00f5es a desenvolver pelos areeiros em mat\u00e9ria de ambiente, o plano de acompanhamento ambiental da extra\u00e7\u00e3o de inertes no rio Douro pretendeu assegurar o cumprimento da legisla\u00e7\u00e3o ambiental, o adequado desenvolvimento da atividade extrativa e a preven\u00e7\u00e3o e resposta em situa\u00e7\u00f5es de emerg\u00eancia.<\/p>","protected":false},"excerpt":{"rendered":"<p>A Nemus produziu diversos trabalhos para a delega\u00e7\u00e3o do Douro do Instituto Portu\u00e1rio e dos Transportes Mar\u00edtimos para avalia\u00e7\u00e3o de incid\u00eancias, acompanhamento, auditoria e monitoriza\u00e7\u00e3o ambientais da extra\u00e7\u00e3o de inertes no rio Douro. Em 2003, a Nemus estudou o tro\u00e7o &#8230;<\/p>\n","protected":false},"author":3,"featured_media":2209,"parent":184,"menu_order":1,"comment_status":"open","ping_status":"closed","template":"","meta":{"_acf_changed":false,"footnotes":""},"class_list":["post-1218","page","type-page","status-publish","has-post-thumbnail","hentry"],"acf":[],"_links":{"self":[{"href":"https:\/\/www.nemus.pt\/pt\/wp-json\/wp\/v2\/pages\/1218","targetHints":{"allow":["GET"]}}],"collection":[{"href":"https:\/\/www.nemus.pt\/pt\/wp-json\/wp\/v2\/pages"}],"about":[{"href":"https:\/\/www.nemus.pt\/pt\/wp-json\/wp\/v2\/types\/page"}],"author":[{"embeddable":true,"href":"https:\/\/www.nemus.pt\/pt\/wp-json\/wp\/v2\/users\/3"}],"replies":[{"embeddable":true,"href":"https:\/\/www.nemus.pt\/pt\/wp-json\/wp\/v2\/comments?post=1218"}],"version-history":[{"count":0,"href":"https:\/\/www.nemus.pt\/pt\/wp-json\/wp\/v2\/pages\/1218\/revisions"}],"up":[{"embeddable":true,"href":"https:\/\/www.nemus.pt\/pt\/wp-json\/wp\/v2\/pages\/184"}],"wp:featuredmedia":[{"embeddable":true,"href":"https:\/\/www.nemus.pt\/pt\/wp-json\/wp\/v2\/media\/2209"}],"wp:attachment":[{"href":"https:\/\/www.nemus.pt\/pt\/wp-json\/wp\/v2\/media?parent=1218"}],"curies":[{"name":"wp","href":"https:\/\/api.w.org\/{rel}","templated":true}]}}