{"id":1220,"date":"2014-07-23T11:16:57","date_gmt":"2014-07-23T11:16:57","guid":{"rendered":"http:\/\/www.nemus.pt\/?page_id=1220"},"modified":"2014-11-03T19:40:53","modified_gmt":"2014-11-03T19:40:53","slug":"caracterizacao-de-sedimentos-no-acesso-a-siderurgia-nacional","status":"publish","type":"page","link":"https:\/\/www.nemus.pt\/pt\/projetos\/recursos-naturais\/caracterizacao-de-sedimentos-no-acesso-a-siderurgia-nacional\/","title":{"rendered":"Caracteriza\u00e7\u00e3o de sedimentos no acesso \u00e0 Siderurgia Nacional, Portugal"},"content":{"rendered":"<p>A Siderurgia Nacional localiza-se no Seixal, na margem esquerda do esteiro de Coina, um dos v\u00e1rios bra\u00e7os do Rio Tejo em que o assoreamento torna incompat\u00edvel a navegabilidade de embarca\u00e7\u00f5es para transporte dos materiais e produtos desta empresa.<\/p>\n<p>Para o desassoreamento do bra\u00e7o do rio Tejo de acesso \u00e0 Siderurgia Nacional, necess\u00e1rio para proporcionar navegabilidade \u00e0s embarca\u00e7\u00f5es que transportam os materiais da empresa, a legisla\u00e7\u00e3o ambiental exigiu a carateriza\u00e7\u00e3o de sedimentos no canal de acesso.<\/p>\n<p>A Nemus realizou, em colabora\u00e7\u00e3o com a Consulmar, tr\u00eas campanhas de carateriza\u00e7\u00e3o dos sedimentos a dragar, recolhendo amostras de sedimentos ao longo do canal, \u00e0 superf\u00edcie e em profundidade, para an\u00e1lise f\u00edsico-qu\u00edmica e toxicol\u00f3gica. Os resultados das an\u00e1lises f\u00edsicas e qu\u00edmicas foram sujeitos a interpola\u00e7\u00f5es estat\u00edsticas com o intuito de avaliar o estado de contamina\u00e7\u00e3o dos sedimentos. Com base nessa informa\u00e7\u00e3o, a Nemus elaborou cartas de distribui\u00e7\u00e3o dos principais par\u00e2metros indicadores de contamina\u00e7\u00e3o, \u00e0 superf\u00edcie, entre a superf\u00edcie e a cota de dragagem, e abaixo da cota de dragagem.<\/p>\n<p>Al\u00e9m das campanhas de recolha e an\u00e1lise de sedimentos integradas em estudos de maiores dimens\u00f5es, a Nemus j\u00e1 realizou mais de duas dezenas de projetos semelhantes ao da Siderurgia Nacional para clientes diferentes.<\/p>","protected":false},"excerpt":{"rendered":"<p>A Siderurgia Nacional localiza-se no Seixal, na margem esquerda do esteiro de Coina, um dos v\u00e1rios bra\u00e7os do Rio Tejo em que o assoreamento torna incompat\u00edvel a navegabilidade de embarca\u00e7\u00f5es para transporte dos materiais e produtos desta empresa. Para o &#8230;<\/p>\n","protected":false},"author":3,"featured_media":2212,"parent":184,"menu_order":3,"comment_status":"open","ping_status":"closed","template":"","meta":{"_acf_changed":false,"footnotes":""},"class_list":["post-1220","page","type-page","status-publish","has-post-thumbnail","hentry"],"acf":[],"_links":{"self":[{"href":"https:\/\/www.nemus.pt\/pt\/wp-json\/wp\/v2\/pages\/1220","targetHints":{"allow":["GET"]}}],"collection":[{"href":"https:\/\/www.nemus.pt\/pt\/wp-json\/wp\/v2\/pages"}],"about":[{"href":"https:\/\/www.nemus.pt\/pt\/wp-json\/wp\/v2\/types\/page"}],"author":[{"embeddable":true,"href":"https:\/\/www.nemus.pt\/pt\/wp-json\/wp\/v2\/users\/3"}],"replies":[{"embeddable":true,"href":"https:\/\/www.nemus.pt\/pt\/wp-json\/wp\/v2\/comments?post=1220"}],"version-history":[{"count":0,"href":"https:\/\/www.nemus.pt\/pt\/wp-json\/wp\/v2\/pages\/1220\/revisions"}],"up":[{"embeddable":true,"href":"https:\/\/www.nemus.pt\/pt\/wp-json\/wp\/v2\/pages\/184"}],"wp:featuredmedia":[{"embeddable":true,"href":"https:\/\/www.nemus.pt\/pt\/wp-json\/wp\/v2\/media\/2212"}],"wp:attachment":[{"href":"https:\/\/www.nemus.pt\/pt\/wp-json\/wp\/v2\/media?parent=1220"}],"curies":[{"name":"wp","href":"https:\/\/api.w.org\/{rel}","templated":true}]}}