{"id":1222,"date":"2014-07-23T11:19:04","date_gmt":"2014-07-23T11:19:04","guid":{"rendered":"http:\/\/www.nemus.pt\/?page_id=1222"},"modified":"2014-11-03T19:45:52","modified_gmt":"2014-11-03T19:45:52","slug":"cartas-verdes-do-litoral-centro-e-litoral-alentejano","status":"publish","type":"page","link":"https:\/\/www.nemus.pt\/pt\/projetos\/recursos-naturais\/cartas-verdes-do-litoral-centro-e-litoral-alentejano\/","title":{"rendered":"Cartas verdes do Litoral Centro e Litoral Alentejano, Portugal"},"content":{"rendered":"<p>A<ins cite=\"mailto:Nemus\" datetime=\"2014-09-01T15:34\"> <\/ins>Nemus foi respons\u00e1vel pela produ\u00e7\u00e3o das cartas verdes do Litoral Centro e do Litoral Alentejano, publicadas pelo minist\u00e9rio do Ambiente entre 1999 e 2003.<\/p>\n<p>Combinando o rigor cient\u00edfico com um estilo apelativo, estes projetos quiseram dar a conhecer estas duas zonas de litoral, destacando os aspetos particulares que as caraterizam e a sua riqueza natural, atrav\u00e9s de uma comunica\u00e7\u00e3o acess\u00edvel mas muito completa.<\/p>\n<p>A Nemus foi respons\u00e1vel pela defini\u00e7\u00e3o do conceito e estrutura das duas brochuras, assumindo ainda a produ\u00e7\u00e3o dos conte\u00fados, o design e a coordena\u00e7\u00e3o da produ\u00e7\u00e3o gr\u00e1fica. O enorme impacto destas brochuras, nomeadamente como material de suporte a a\u00e7\u00f5es de sensibiliza\u00e7\u00e3o ambiental, justificou sucessivas reedi\u00e7\u00f5es.<\/p>","protected":false},"excerpt":{"rendered":"<p>A Nemus foi respons\u00e1vel pela produ\u00e7\u00e3o das cartas verdes do Litoral Centro e do Litoral Alentejano, publicadas pelo minist\u00e9rio do Ambiente entre 1999 e 2003. Combinando o rigor cient\u00edfico com um estilo apelativo, estes projetos quiseram dar a conhecer estas &#8230;<\/p>\n","protected":false},"author":3,"featured_media":2211,"parent":184,"menu_order":5,"comment_status":"open","ping_status":"closed","template":"","meta":{"_acf_changed":false,"footnotes":""},"class_list":["post-1222","page","type-page","status-publish","has-post-thumbnail","hentry"],"acf":[],"_links":{"self":[{"href":"https:\/\/www.nemus.pt\/pt\/wp-json\/wp\/v2\/pages\/1222","targetHints":{"allow":["GET"]}}],"collection":[{"href":"https:\/\/www.nemus.pt\/pt\/wp-json\/wp\/v2\/pages"}],"about":[{"href":"https:\/\/www.nemus.pt\/pt\/wp-json\/wp\/v2\/types\/page"}],"author":[{"embeddable":true,"href":"https:\/\/www.nemus.pt\/pt\/wp-json\/wp\/v2\/users\/3"}],"replies":[{"embeddable":true,"href":"https:\/\/www.nemus.pt\/pt\/wp-json\/wp\/v2\/comments?post=1222"}],"version-history":[{"count":0,"href":"https:\/\/www.nemus.pt\/pt\/wp-json\/wp\/v2\/pages\/1222\/revisions"}],"up":[{"embeddable":true,"href":"https:\/\/www.nemus.pt\/pt\/wp-json\/wp\/v2\/pages\/184"}],"wp:featuredmedia":[{"embeddable":true,"href":"https:\/\/www.nemus.pt\/pt\/wp-json\/wp\/v2\/media\/2211"}],"wp:attachment":[{"href":"https:\/\/www.nemus.pt\/pt\/wp-json\/wp\/v2\/media?parent=1222"}],"curies":[{"name":"wp","href":"https:\/\/api.w.org\/{rel}","templated":true}]}}