{"id":1228,"date":"2014-07-23T11:25:52","date_gmt":"2014-07-23T11:25:52","guid":{"rendered":"http:\/\/www.nemus.pt\/?page_id=1228"},"modified":"2015-02-09T18:09:08","modified_gmt":"2015-02-09T18:09:08","slug":"relocalizacao-do-cais-da-tanquipor","status":"publish","type":"page","link":"https:\/\/www.nemus.pt\/pt\/projetos\/gas-e-petroleo\/relocalizacao-do-cais-da-tanquipor\/","title":{"rendered":"Relocaliza\u00e7\u00e3o do cais da Tanquipor, Portugal"},"content":{"rendered":"<p>O estudo de impacte ambiental do projeto de relocaliza\u00e7\u00e3o do cais do terminal de l\u00edquidos da Tanquipor foi desenvolvido para suportar a tomada de decis\u00e3o sobre a viabilidade ambiental do projeto de relocaliza\u00e7\u00e3o da atividade de descarga de produtos qu\u00edmicos por via mar\u00edtima, na sequ\u00eancia da aprova\u00e7\u00e3o do tra\u00e7ado para a terceira travessia do rio Tejo atrav\u00e9s do corredor Chelas-Barreiro.<\/p>\n<p>Considerando que os impactes negativos diretos mais relevantes seriam os relacionados com altera\u00e7\u00f5es na hidrodin\u00e2mica e regime sedimentar local, recorreu-se ao modelo hidrodin\u00e2mico e de transporte estabelecido para o estu\u00e1rio do Tejo, cuja malha foi reformulada localmente de forma a retratar as condi\u00e7\u00f5es espec\u00edficas da zona em estudo, para estudar estes fatores.<\/p>\n<p>O estudo concluiu que o projeto introduz uma melhoria significativa na seguran\u00e7a, pelo que o novo cais ser\u00e1 mais favor\u00e1vel para os recursos ambientais mais sens\u00edveis \u00e0 polui\u00e7\u00e3o por derrame de produtos. No entanto, n\u00e3o deixou de recomendar medidas mitigadoras de riscos externos, nomeadamente para a proposta de plano de urbaniza\u00e7\u00e3o do territ\u00f3rio da Quimiparque e \u00e1rea envolvente e para o projeto da terceira travessia do Tejo.<\/p>","protected":false},"excerpt":{"rendered":"<p>O estudo de impacte ambiental do projeto de relocaliza\u00e7\u00e3o do cais do terminal de l\u00edquidos da Tanquipor foi desenvolvido para suportar a tomada de decis\u00e3o sobre a viabilidade ambiental do projeto de relocaliza\u00e7\u00e3o da atividade de descarga de produtos qu\u00edmicos &#8230;<\/p>\n","protected":false},"author":3,"featured_media":2267,"parent":185,"menu_order":1,"comment_status":"open","ping_status":"closed","template":"","meta":{"_acf_changed":false,"footnotes":""},"class_list":["post-1228","page","type-page","status-publish","has-post-thumbnail","hentry"],"acf":[],"_links":{"self":[{"href":"https:\/\/www.nemus.pt\/pt\/wp-json\/wp\/v2\/pages\/1228","targetHints":{"allow":["GET"]}}],"collection":[{"href":"https:\/\/www.nemus.pt\/pt\/wp-json\/wp\/v2\/pages"}],"about":[{"href":"https:\/\/www.nemus.pt\/pt\/wp-json\/wp\/v2\/types\/page"}],"author":[{"embeddable":true,"href":"https:\/\/www.nemus.pt\/pt\/wp-json\/wp\/v2\/users\/3"}],"replies":[{"embeddable":true,"href":"https:\/\/www.nemus.pt\/pt\/wp-json\/wp\/v2\/comments?post=1228"}],"version-history":[{"count":0,"href":"https:\/\/www.nemus.pt\/pt\/wp-json\/wp\/v2\/pages\/1228\/revisions"}],"up":[{"embeddable":true,"href":"https:\/\/www.nemus.pt\/pt\/wp-json\/wp\/v2\/pages\/185"}],"wp:featuredmedia":[{"embeddable":true,"href":"https:\/\/www.nemus.pt\/pt\/wp-json\/wp\/v2\/media\/2267"}],"wp:attachment":[{"href":"https:\/\/www.nemus.pt\/pt\/wp-json\/wp\/v2\/media?parent=1228"}],"curies":[{"name":"wp","href":"https:\/\/api.w.org\/{rel}","templated":true}]}}