{"id":1229,"date":"2014-07-23T11:26:57","date_gmt":"2014-07-23T11:26:57","guid":{"rendered":"http:\/\/www.nemus.pt\/?page_id=1229"},"modified":"2014-11-06T15:58:37","modified_gmt":"2014-11-06T15:58:37","slug":"central-de-ciclo-combinado-de-sines","status":"publish","type":"page","link":"https:\/\/www.nemus.pt\/pt\/projetos\/gas-e-petroleo\/central-de-ciclo-combinado-de-sines\/","title":{"rendered":"Central de ciclo combinado de Sines, Portugal"},"content":{"rendered":"<p>As an\u00e1lises realizadas pela Nemus enquadram-se no estudo de impacte ambiental da central de ciclo combinado de Sines, um projeto que pretende implementar uma central de ciclo combinado a g\u00e1s natural na regi\u00e3o de S. Torpes, pr\u00f3ximo da central termoel\u00e9trica de Sines e do porto de Sines. Em 2001 a Nemus analisou as componentes de ecossistemas aqu\u00e1ticos para a IDOM e, em 2004, a de ecologia, para a Procesl, tendo como cliente final a EDP.<\/p>\n<p>O processo de avalia\u00e7\u00e3o de impactes sobre os ecossistemas marinhos foi conduzido de forma a distinguir os impactes causados pela imprevisibilidade natural que resulta da variabilidade temporal e espacial das comunidades, dos processos complexos de desenvolvimento das esp\u00e9cies e das rela\u00e7\u00f5es interespec\u00edficas que determinam a estrutura da comunidade.<\/p>\n<p>Sendo este potencial anal\u00edtico apenas alcan\u00e7\u00e1vel atrav\u00e9s do correto planeamento do desenho experimental, concebido para despistar as varia\u00e7\u00f5es naturais, o estudo assentou na utiliza\u00e7\u00e3o das zonas marinhas sob influ\u00eancia da central termoel\u00e9trica de Sines como modelo preditivo da evolu\u00e7\u00e3o futura da zona de implementa\u00e7\u00e3o do projeto em an\u00e1lise.<\/p>","protected":false},"excerpt":{"rendered":"<p>As an\u00e1lises realizadas pela Nemus enquadram-se no estudo de impacte ambiental da central de ciclo combinado de Sines, um projeto que pretende implementar uma central de ciclo combinado a g\u00e1s natural na regi\u00e3o de S. Torpes, pr\u00f3ximo da central termoel\u00e9trica &#8230;<\/p>\n","protected":false},"author":3,"featured_media":2265,"parent":185,"menu_order":2,"comment_status":"open","ping_status":"closed","template":"","meta":{"_acf_changed":false,"footnotes":""},"class_list":["post-1229","page","type-page","status-publish","has-post-thumbnail","hentry"],"acf":[],"_links":{"self":[{"href":"https:\/\/www.nemus.pt\/pt\/wp-json\/wp\/v2\/pages\/1229","targetHints":{"allow":["GET"]}}],"collection":[{"href":"https:\/\/www.nemus.pt\/pt\/wp-json\/wp\/v2\/pages"}],"about":[{"href":"https:\/\/www.nemus.pt\/pt\/wp-json\/wp\/v2\/types\/page"}],"author":[{"embeddable":true,"href":"https:\/\/www.nemus.pt\/pt\/wp-json\/wp\/v2\/users\/3"}],"replies":[{"embeddable":true,"href":"https:\/\/www.nemus.pt\/pt\/wp-json\/wp\/v2\/comments?post=1229"}],"version-history":[{"count":0,"href":"https:\/\/www.nemus.pt\/pt\/wp-json\/wp\/v2\/pages\/1229\/revisions"}],"up":[{"embeddable":true,"href":"https:\/\/www.nemus.pt\/pt\/wp-json\/wp\/v2\/pages\/185"}],"wp:featuredmedia":[{"embeddable":true,"href":"https:\/\/www.nemus.pt\/pt\/wp-json\/wp\/v2\/media\/2265"}],"wp:attachment":[{"href":"https:\/\/www.nemus.pt\/pt\/wp-json\/wp\/v2\/media?parent=1229"}],"curies":[{"name":"wp","href":"https:\/\/api.w.org\/{rel}","templated":true}]}}