{"id":1230,"date":"2014-07-23T11:29:49","date_gmt":"2014-07-23T11:29:49","guid":{"rendered":"http:\/\/www.nemus.pt\/?page_id=1230"},"modified":"2016-12-02T16:45:38","modified_gmt":"2016-12-02T16:45:38","slug":"terminal-de-graneis-liquidos-do-porto-de-aveiro","status":"publish","type":"page","link":"https:\/\/www.nemus.pt\/pt\/projetos\/gas-e-petroleo\/terminal-de-graneis-liquidos-do-porto-de-aveiro\/","title":{"rendered":"Terminal de gran\u00e9is l\u00edquidos do porto de Aveiro, Portugal"},"content":{"rendered":"<p>O trabalho realizado, em colabora\u00e7\u00e3o com a Consulmar, faz parte da componente ambiental do plano de pormenor da zona do terminal de gran\u00e9is l\u00edquidos do porto de Aveiro e diz respeito \u00e0 defini\u00e7\u00e3o dos cen\u00e1rios de ocupa\u00e7\u00e3o e \u00e0 elabora\u00e7\u00e3o dos planos de emerg\u00eancia e de monitoriza\u00e7\u00e3o.<\/p>\n<p>Ap\u00f3s o diagn\u00f3stico inicial dos valores ambientais existentes na zona de influ\u00eancia do futuro terminal de gran\u00e9is l\u00edquidos do porto de Aveiro, o estudo analisou as v\u00e1rias possibilidades de integra\u00e7\u00e3o ambiental e de naturaliza\u00e7\u00e3o das lagoas de decanta\u00e7\u00e3o e do canal de drenagem de chuvas e de lavagem das areias extra\u00eddas pelos concession\u00e1rios a instalar no extremo sul\/poente do terminal de gran\u00e9is l\u00edquidos. Ao longo dos taludes e motas das estruturas hidr\u00e1ulicas foi instalada vegeta\u00e7\u00e3o natural, para promover as suas fun\u00e7\u00f5es ecol\u00f3gica e paisag\u00edstica e contribuir para a ameniza\u00e7\u00e3o do local a intervencionar.<\/p>\n<p>Dada a integra\u00e7\u00e3o numa zona de elevada sensibilidade e valia natural como a ria de Aveiro, a solu\u00e7\u00e3o proposta adquire ainda maior interesse, considerando-se, do ponto de vista ambiental, uma excelente oportunidade para compatibilizar esta \u00e1rea do TGL com a envolvente natural.<\/p>","protected":false},"excerpt":{"rendered":"<p>O trabalho realizado, em colabora\u00e7\u00e3o com a Consulmar, faz parte da componente ambiental do plano de pormenor da zona do terminal de gran\u00e9is l\u00edquidos do porto de Aveiro e diz respeito \u00e0 defini\u00e7\u00e3o dos cen\u00e1rios de ocupa\u00e7\u00e3o e \u00e0 elabora\u00e7\u00e3o &#8230;<\/p>\n","protected":false},"author":3,"featured_media":2262,"parent":185,"menu_order":4,"comment_status":"open","ping_status":"closed","template":"","meta":{"_acf_changed":false,"footnotes":""},"class_list":["post-1230","page","type-page","status-publish","has-post-thumbnail","hentry"],"acf":[],"_links":{"self":[{"href":"https:\/\/www.nemus.pt\/pt\/wp-json\/wp\/v2\/pages\/1230","targetHints":{"allow":["GET"]}}],"collection":[{"href":"https:\/\/www.nemus.pt\/pt\/wp-json\/wp\/v2\/pages"}],"about":[{"href":"https:\/\/www.nemus.pt\/pt\/wp-json\/wp\/v2\/types\/page"}],"author":[{"embeddable":true,"href":"https:\/\/www.nemus.pt\/pt\/wp-json\/wp\/v2\/users\/3"}],"replies":[{"embeddable":true,"href":"https:\/\/www.nemus.pt\/pt\/wp-json\/wp\/v2\/comments?post=1230"}],"version-history":[{"count":0,"href":"https:\/\/www.nemus.pt\/pt\/wp-json\/wp\/v2\/pages\/1230\/revisions"}],"up":[{"embeddable":true,"href":"https:\/\/www.nemus.pt\/pt\/wp-json\/wp\/v2\/pages\/185"}],"wp:featuredmedia":[{"embeddable":true,"href":"https:\/\/www.nemus.pt\/pt\/wp-json\/wp\/v2\/media\/2262"}],"wp:attachment":[{"href":"https:\/\/www.nemus.pt\/pt\/wp-json\/wp\/v2\/media?parent=1230"}],"curies":[{"name":"wp","href":"https:\/\/api.w.org\/{rel}","templated":true}]}}