{"id":1231,"date":"2014-07-23T11:28:14","date_gmt":"2014-07-23T11:28:14","guid":{"rendered":"http:\/\/www.nemus.pt\/?page_id=1231"},"modified":"2014-11-06T15:59:47","modified_gmt":"2014-11-06T15:59:47","slug":"ordenamento-da-area-de-jurisdicao-da-administracao-dos-portos-de-setubal-e-sesimbra","status":"publish","type":"page","link":"https:\/\/www.nemus.pt\/pt\/projetos\/gas-e-petroleo\/ordenamento-da-area-de-jurisdicao-da-administracao-dos-portos-de-setubal-e-sesimbra\/","title":{"rendered":"Ordenamento da \u00e1rea de jurisdi\u00e7\u00e3o da Administra\u00e7\u00e3o dos Portos de Set\u00fabal e Sesimbra, Portugal"},"content":{"rendered":"<p>O porto de Set\u00fabal tem vindo a adquirir uma import\u00e2ncia crescente, n\u00e3o s\u00f3 pelas novas centralidades que se estabelecem neste local, mas tamb\u00e9m pelas suas potencialidades de desenvolvimento, que o tornam particularmente relevante a n\u00edvel nacional.<\/p>\n<p>Foi essa import\u00e2ncia crescente que justificou o ordenamento da \u00e1rea de jurisdi\u00e7\u00e3o da Administra\u00e7\u00e3o dos Portos de Set\u00fabal e Sesimbra, entre o terminal Sapec e o Terminal Tanquisado. O projeto incluiu as infraestruturas de moderniza\u00e7\u00e3o e reconvers\u00e3o da atividade dos estaleiros e a defini\u00e7\u00e3o de espa\u00e7os para o estacionamento de embarca\u00e7\u00f5es n\u00e1uticas de recreio.<\/p>\n<p>O estudo realizado pela Nemus em colabora\u00e7\u00e3o com a Consulmar incluiu um levantamento detalhado das condi\u00e7\u00f5es ambientais no local de implanta\u00e7\u00e3o das infraestruturas e envolvente, bem como a avalia\u00e7\u00e3o da sua sensibilidade ao projeto. Os trabalhos de caracteriza\u00e7\u00e3o permitiram identificar a qualidade da \u00e1gua e dos sedimentos e o ordenamento do territ\u00f3rio como os aspetos mais cr\u00edticos. Face \u00e0 avalia\u00e7\u00e3o efetuada foram propostas medidas de minimiza\u00e7\u00e3o das afeta\u00e7\u00f5es negativas que enquadrassem o melhor poss\u00edvel os projetos.<\/p>","protected":false},"excerpt":{"rendered":"<p>O porto de Set\u00fabal tem vindo a adquirir uma import\u00e2ncia crescente, n\u00e3o s\u00f3 pelas novas centralidades que se estabelecem neste local, mas tamb\u00e9m pelas suas potencialidades de desenvolvimento, que o tornam particularmente relevante a n\u00edvel nacional. Foi essa import\u00e2ncia crescente &#8230;<\/p>\n","protected":false},"author":3,"featured_media":2266,"parent":185,"menu_order":3,"comment_status":"open","ping_status":"closed","template":"templates\/projects.php","meta":{"_acf_changed":false,"footnotes":""},"class_list":["post-1231","page","type-page","status-publish","has-post-thumbnail","hentry"],"acf":[],"_links":{"self":[{"href":"https:\/\/www.nemus.pt\/pt\/wp-json\/wp\/v2\/pages\/1231","targetHints":{"allow":["GET"]}}],"collection":[{"href":"https:\/\/www.nemus.pt\/pt\/wp-json\/wp\/v2\/pages"}],"about":[{"href":"https:\/\/www.nemus.pt\/pt\/wp-json\/wp\/v2\/types\/page"}],"author":[{"embeddable":true,"href":"https:\/\/www.nemus.pt\/pt\/wp-json\/wp\/v2\/users\/3"}],"replies":[{"embeddable":true,"href":"https:\/\/www.nemus.pt\/pt\/wp-json\/wp\/v2\/comments?post=1231"}],"version-history":[{"count":0,"href":"https:\/\/www.nemus.pt\/pt\/wp-json\/wp\/v2\/pages\/1231\/revisions"}],"up":[{"embeddable":true,"href":"https:\/\/www.nemus.pt\/pt\/wp-json\/wp\/v2\/pages\/185"}],"wp:featuredmedia":[{"embeddable":true,"href":"https:\/\/www.nemus.pt\/pt\/wp-json\/wp\/v2\/media\/2266"}],"wp:attachment":[{"href":"https:\/\/www.nemus.pt\/pt\/wp-json\/wp\/v2\/media?parent=1231"}],"curies":[{"name":"wp","href":"https:\/\/api.w.org\/{rel}","templated":true}]}}