{"id":1232,"date":"2014-07-23T11:30:37","date_gmt":"2014-07-23T11:30:37","guid":{"rendered":"http:\/\/www.nemus.pt\/?page_id=1232"},"modified":"2014-11-13T11:30:29","modified_gmt":"2014-11-13T11:30:29","slug":"datacoes-de-radiocarbono-da-costa-algarvia","status":"publish","type":"page","link":"https:\/\/www.nemus.pt\/pt\/projetos\/gas-e-petroleo\/datacoes-de-radiocarbono-da-costa-algarvia\/","title":{"rendered":"Data\u00e7\u00f5es de radiocarbono da costa algarvia, Portugal"},"content":{"rendered":"<p>A Nemus colaborou com a Comiss\u00e3o de Coordena\u00e7\u00e3o e Desenvolvimento Regional do Algarve na execu\u00e7\u00e3o de data\u00e7\u00f5es de radiocarbono (C14) de amostras de rochas recolhidas ao largo da costa algarvia.<\/p>\n<p>Para maior precis\u00e3o das data\u00e7\u00f5es radiocarbono, as an\u00e1lises realizadas em colabora\u00e7\u00e3o com um laborat\u00f3rio norte-americano recorreram \u00e0s t\u00e9cnicas de radiometria e de espectrometria de acelera\u00e7\u00e3o de massa.<\/p>\n<p>A Nemus det\u00e9m um conhecimento profundo da regi\u00e3o algarvia onde desde a funda\u00e7\u00e3o tem realizado trabalhos muito relevantes para a gest\u00e3o dos recursos h\u00eddricos, prote\u00e7\u00e3o da costa e gest\u00e3o e promo\u00e7\u00e3o ambiental.<\/p>","protected":false},"excerpt":{"rendered":"<p>A Nemus colaborou com a Comiss\u00e3o de Coordena\u00e7\u00e3o e Desenvolvimento Regional do Algarve na execu\u00e7\u00e3o de data\u00e7\u00f5es de radiocarbono (C14) de amostras de rochas recolhidas ao largo da costa algarvia. Para maior precis\u00e3o das data\u00e7\u00f5es radiocarbono, as an\u00e1lises realizadas em &#8230;<\/p>\n","protected":false},"author":3,"featured_media":2261,"parent":185,"menu_order":5,"comment_status":"open","ping_status":"closed","template":"","meta":{"_acf_changed":false,"footnotes":""},"class_list":["post-1232","page","type-page","status-publish","has-post-thumbnail","hentry"],"acf":[],"_links":{"self":[{"href":"https:\/\/www.nemus.pt\/pt\/wp-json\/wp\/v2\/pages\/1232","targetHints":{"allow":["GET"]}}],"collection":[{"href":"https:\/\/www.nemus.pt\/pt\/wp-json\/wp\/v2\/pages"}],"about":[{"href":"https:\/\/www.nemus.pt\/pt\/wp-json\/wp\/v2\/types\/page"}],"author":[{"embeddable":true,"href":"https:\/\/www.nemus.pt\/pt\/wp-json\/wp\/v2\/users\/3"}],"replies":[{"embeddable":true,"href":"https:\/\/www.nemus.pt\/pt\/wp-json\/wp\/v2\/comments?post=1232"}],"version-history":[{"count":0,"href":"https:\/\/www.nemus.pt\/pt\/wp-json\/wp\/v2\/pages\/1232\/revisions"}],"up":[{"embeddable":true,"href":"https:\/\/www.nemus.pt\/pt\/wp-json\/wp\/v2\/pages\/185"}],"wp:featuredmedia":[{"embeddable":true,"href":"https:\/\/www.nemus.pt\/pt\/wp-json\/wp\/v2\/media\/2261"}],"wp:attachment":[{"href":"https:\/\/www.nemus.pt\/pt\/wp-json\/wp\/v2\/media?parent=1232"}],"curies":[{"name":"wp","href":"https:\/\/api.w.org\/{rel}","templated":true}]}}