{"id":1238,"date":"2014-07-23T11:34:43","date_gmt":"2014-07-23T11:34:43","guid":{"rendered":"http:\/\/www.nemus.pt\/?page_id=1238"},"modified":"2016-10-28T15:58:34","modified_gmt":"2016-10-28T15:58:34","slug":"central-termica-de-ressano-garcia","status":"publish","type":"page","link":"https:\/\/www.nemus.pt\/pt\/projetos\/gas-e-petroleo\/central-termica-de-ressano-garcia\/","title":{"rendered":"Central T\u00e9rmica de Ressano Garcia, Mo\u00e7ambique"},"content":{"rendered":"<p>A avalia\u00e7\u00e3o ambiental incide sobre a instala\u00e7\u00e3o de um parque de gera\u00e7\u00e3o de energia por central t\u00e9rmica a g\u00e1s, na zona industrial de Ressano Garcia, na prov\u00edncia de Maputo, que vem reduzir o d\u00e9fice de energia mo\u00e7ambicano e da \u00c1frica Austral.\u00a0Na \u00e1rea de Ressano Garcia apenas 18% da popula\u00e7\u00e3o tem atualmente eletricidade.<\/p>\n<p>Os impactes desta central a g\u00e1s de ciclo combinado com 99 MW de pot\u00eancia total s\u00e3o avaliados nas fases de constru\u00e7\u00e3o e de opera\u00e7\u00e3o, para um horizonte de 23 anos. Os principais impactes est\u00e3o associados \u00e0 fase de opera\u00e7\u00e3o, em resultado do aumento da energia el\u00e9trica dispon\u00edvel para consumo nacional, que substitui a eletricidade importada da \u00c1frica do Sul, e para exporta\u00e7\u00e3o.<\/p>\n<p>Al\u00e9m do trabalho de gabinete e de campo, a avalia\u00e7\u00e3o tem uma componente de participa\u00e7\u00e3o p\u00fablica com as entidades e institui\u00e7\u00f5es locais relevantes.<\/p>","protected":false},"excerpt":{"rendered":"<p>A avalia\u00e7\u00e3o ambiental incide sobre a instala\u00e7\u00e3o de um parque de gera\u00e7\u00e3o de energia por central t\u00e9rmica a g\u00e1s, na zona industrial de Ressano Garcia, na prov\u00edncia de Maputo, que vem reduzir o d\u00e9fice de energia mo\u00e7ambicano e da \u00c1frica &#8230;<\/p>\n","protected":false},"author":3,"featured_media":2264,"parent":185,"menu_order":6,"comment_status":"open","ping_status":"closed","template":"","meta":{"_acf_changed":false,"footnotes":""},"class_list":["post-1238","page","type-page","status-publish","has-post-thumbnail","hentry"],"acf":[],"_links":{"self":[{"href":"https:\/\/www.nemus.pt\/pt\/wp-json\/wp\/v2\/pages\/1238","targetHints":{"allow":["GET"]}}],"collection":[{"href":"https:\/\/www.nemus.pt\/pt\/wp-json\/wp\/v2\/pages"}],"about":[{"href":"https:\/\/www.nemus.pt\/pt\/wp-json\/wp\/v2\/types\/page"}],"author":[{"embeddable":true,"href":"https:\/\/www.nemus.pt\/pt\/wp-json\/wp\/v2\/users\/3"}],"replies":[{"embeddable":true,"href":"https:\/\/www.nemus.pt\/pt\/wp-json\/wp\/v2\/comments?post=1238"}],"version-history":[{"count":0,"href":"https:\/\/www.nemus.pt\/pt\/wp-json\/wp\/v2\/pages\/1238\/revisions"}],"up":[{"embeddable":true,"href":"https:\/\/www.nemus.pt\/pt\/wp-json\/wp\/v2\/pages\/185"}],"wp:featuredmedia":[{"embeddable":true,"href":"https:\/\/www.nemus.pt\/pt\/wp-json\/wp\/v2\/media\/2264"}],"wp:attachment":[{"href":"https:\/\/www.nemus.pt\/pt\/wp-json\/wp\/v2\/media?parent=1238"}],"curies":[{"name":"wp","href":"https:\/\/api.w.org\/{rel}","templated":true}]}}