{"id":134,"date":"2013-12-04T17:17:29","date_gmt":"2013-12-04T17:17:29","guid":{"rendered":"http:\/\/nemus\/?page_id=134"},"modified":"2024-04-17T13:00:29","modified_gmt":"2024-04-17T13:00:29","slug":"distincoes","status":"publish","type":"page","link":"https:\/\/www.nemus.pt\/pt\/a-nemus\/distincoes\/","title":{"rendered":"Distin\u00e7\u00f5es"},"content":{"rendered":"<p>O reconhecimento da excel\u00eancia dos nossos servi\u00e7os n\u00e3o vem apenas dos nossos clientes. A nossa contribui\u00e7\u00e3o para o desenvolvimento sustent\u00e1vel tem sido aplaudida por institui\u00e7\u00f5es de refer\u00eancia.<\/p>\n<div class=\"grid\"><div class=\"grid__item one-half portable-one-whole\"><p>\n<strong>2023<\/strong><br \/>\nPremiada nos <strong>PT Global Water Awards de 2023<\/strong> com uma distin\u00e7\u00e3o na categoria &#8220;Estudos e Projetos&#8221; pela realiza\u00e7\u00e3o do projeto de delimita\u00e7\u00e3o e caracteriza\u00e7\u00e3o das massas de \u00e1gua subterr\u00e2nea em risco na Bulg\u00e1ria.<\/p>\n<\/div><!--\n--><div class=\"grid__item one-half portable-one-whole\"><\/p>\n<p><strong>2017<\/strong><br \/>\nDistinguida nos <strong>PT Global Water Awards 2017<\/strong> com o pr\u00e9mio \u201cI+D+I\u201d (Iniciativas transnacionais de Investiga\u00e7\u00e3o, Desenvolvimento e\/ ou Inova\u00e7\u00e3o) pela realiza\u00e7\u00e3o de um projeto inovador de Modela\u00e7\u00e3o Hidrogeol\u00f3gica e Num\u00e9rica do Vale Central na Costa Rica.<\/p>\n<\/div><\/div>\n<div class=\"grid\"><div class=\"grid__item one-half portable-one-whole\"><p>\n<strong>2013<\/strong><br \/>\n<strong>Vencedor do concurso para o EIA da Ponte de Itaparica.<\/strong> O cons\u00f3rcio V&#038;S (agora T\u00c9MIS) \/Nemus foi o vencedor deste concurso p\u00fablico promovido pelo Estado de Bahia (Brasil). O estudo coordenado pela Nemus representa um dos maiores estudos de impacte ambiental realizado por empresas portuguesas.<\/p>\n<\/div><!--\n--><div class=\"grid__item one-half portable-one-whole\"><\/p>\n<p><strong>2011<\/strong><br \/>\n<strong>1\u00ba lugar<\/strong> no Pr\u00e9mio Nacional de Arquitetura Paisagista, na \u00e1rea de Integra\u00e7\u00e3o de Infraestruturas, atribu\u00eddo \u00e0 equipa da Nemus pelo trabalho realizado na recupera\u00e7\u00e3o ambiental da concha de S. Martinho do Porto.<\/p>\n<\/div><\/div>\n<div class=\"grid\"><div class=\"grid__item one-half portable-one-whole\"><p>\n<strong>2009<\/strong><br \/>\n<strong>Pr\u00e9mio Secil<\/strong> de Engenharia Civil atribu\u00eddo a Fernando Silveira Ramos, ent\u00e3o gerente da Nemus, pelo projeto do Molhe Norte da Barra do Douro. A participa\u00e7\u00e3o da Nemus incluiu o estudo de impacte ambiental, o relat\u00f3rio de conformidade ambiental do projeto de execu\u00e7\u00e3o e a monitoriza\u00e7\u00e3o das interven\u00e7\u00f5es de melhoria da acessibilidade e seguran\u00e7a da barra do rio Douro.<\/p>\n<\/div><!--\n--><div class=\"grid__item one-half portable-one-whole\"><\/p>\n<p><strong>2004<\/strong><br \/>\n<strong>Men\u00e7\u00e3o Honrosa<\/strong> de Excel\u00eancia em Recupera\u00e7\u00e3o e Requalifica\u00e7\u00e3o Ambiental atribu\u00edda \u00e0 Nemus pela Associa\u00e7\u00e3o Portuguesa de Engenharia do Ambiente e pelo Instituto do Ambiente pelos trabalhos de requalifica\u00e7\u00e3o dos sapais e rasos de mar\u00e9 da zona marginal do Alvor.<\/p>\n<\/div><\/div>\n<div class=\"grid\"><div class=\"grid__item one-half portable-one-whole\"><p>\n<strong>1997<\/strong><br \/>\n<strong>1\u00ba pr\u00e9mio<\/strong> no Concurso P\u00fablico de Ideias para o Arranjo e Ordenamento da Frente de Mar de Lagos, atribu\u00eddo \u00e0 equipa composta pela Nemus, arquitetos Jos\u00e9 J\u00falio Kuski e ARPAS pela Dire\u00e7\u00e3o Geral do Turismo.<\/p>\n<\/div><!--\n--><div class=\"grid__item one-half portable-one-whole\"><\/p>\n<p><strong>1997<\/strong><br \/>\n<strong>3.\u00ba pr\u00e9mio<\/strong> no Concurso P\u00fablico de Ideias para Conce\u00e7\u00e3o da Imagem Coordenada da Rede Nacional de Ecotecas atribu\u00eddo \u00e0 Nemus pelo Instituto de Promo\u00e7\u00e3o Ambiental do Minist\u00e9rio do Ambiente.<\/p>\n<\/div><\/div>\n<hr>\n<p>A Nemus foi tamb\u00e9m certificada, em 2023, como uma das melhores PME de Portugal em termos de Sustentabilidade Financeira e de Consultoria e Servi\u00e7os Ambientais, conforme os certificados SCORING anexados <a href=\"https:\/\/www.nemus.pt\/wp-content\/uploads\/2024\/03\/NEMUS-503833878-CERTIFICADO-TOP-5-2023.pdf\" rel=\"noopener\" target=\"_blank\">aqui<\/a> e <a href=\"https:\/\/www.nemus.pt\/wp-content\/uploads\/2024\/04\/NEMUS-503833878-CERTIFICADO-TOP-10-2023.pdf\" rel=\"noopener\" target=\"_blank\">aqui<\/a>, respectivamente.<\/p>\n<p><img loading=\"lazy\" decoding=\"async\" src=\"https:\/\/www.nemus.pt\/wp-content\/uploads\/2024\/03\/NEMUS-503833878-Selo-TOP5-2023-150x150.png\" alt=\"\" width=\"150\" height=\"150\" class=\"aligncenter size-thumbnail wp-image-3188\" srcset=\"https:\/\/www.nemus.pt\/wp-content\/uploads\/2024\/03\/NEMUS-503833878-Selo-TOP5-2023-150x150.png 150w, https:\/\/www.nemus.pt\/wp-content\/uploads\/2024\/03\/NEMUS-503833878-Selo-TOP5-2023-300x300.png 300w, https:\/\/www.nemus.pt\/wp-content\/uploads\/2024\/03\/NEMUS-503833878-Selo-TOP5-2023-1024x1024.png 1024w, https:\/\/www.nemus.pt\/wp-content\/uploads\/2024\/03\/NEMUS-503833878-Selo-TOP5-2023-768x767.png 768w, https:\/\/www.nemus.pt\/wp-content\/uploads\/2024\/03\/NEMUS-503833878-Selo-TOP5-2023-330x330.png 330w, https:\/\/www.nemus.pt\/wp-content\/uploads\/2024\/03\/NEMUS-503833878-Selo-TOP5-2023.png 1529w\" sizes=\"auto, (max-width: 150px) 100vw, 150px\" \/> <img loading=\"lazy\" decoding=\"async\" src=\"https:\/\/www.nemus.pt\/wp-content\/uploads\/2024\/04\/NEMUS-503833878-Selo-Top10-2023-150x150.png\" alt=\"\" width=\"150\" height=\"150\" class=\"aligncenter size-thumbnail wp-image-3199\" srcset=\"https:\/\/www.nemus.pt\/wp-content\/uploads\/2024\/04\/NEMUS-503833878-Selo-Top10-2023-150x150.png 150w, https:\/\/www.nemus.pt\/wp-content\/uploads\/2024\/04\/NEMUS-503833878-Selo-Top10-2023-300x300.png 300w, https:\/\/www.nemus.pt\/wp-content\/uploads\/2024\/04\/NEMUS-503833878-Selo-Top10-2023-1024x1024.png 1024w, https:\/\/www.nemus.pt\/wp-content\/uploads\/2024\/04\/NEMUS-503833878-Selo-Top10-2023-768x769.png 768w, https:\/\/www.nemus.pt\/wp-content\/uploads\/2024\/04\/NEMUS-503833878-Selo-Top10-2023-330x330.png 330w, https:\/\/www.nemus.pt\/wp-content\/uploads\/2024\/04\/NEMUS-503833878-Selo-Top10-2023.png 1527w\" sizes=\"auto, (max-width: 150px) 100vw, 150px\" \/><\/p>","protected":false},"excerpt":{"rendered":"<p>O reconhecimento da excel\u00eancia dos nossos servi\u00e7os n\u00e3o vem apenas dos nossos clientes. A nossa contribui\u00e7\u00e3o para o desenvolvimento sustent\u00e1vel tem sido aplaudida por institui\u00e7\u00f5es de refer\u00eancia. A Nemus foi tamb\u00e9m certificada, em 2023, como uma das melhores PME de &#8230;<\/p>\n","protected":false},"author":3,"featured_media":3190,"parent":7,"menu_order":5,"comment_status":"open","ping_status":"closed","template":"","meta":{"_acf_changed":false,"footnotes":""},"class_list":["post-134","page","type-page","status-publish","has-post-thumbnail","hentry"],"acf":[],"_links":{"self":[{"href":"https:\/\/www.nemus.pt\/pt\/wp-json\/wp\/v2\/pages\/134","targetHints":{"allow":["GET"]}}],"collection":[{"href":"https:\/\/www.nemus.pt\/pt\/wp-json\/wp\/v2\/pages"}],"about":[{"href":"https:\/\/www.nemus.pt\/pt\/wp-json\/wp\/v2\/types\/page"}],"author":[{"embeddable":true,"href":"https:\/\/www.nemus.pt\/pt\/wp-json\/wp\/v2\/users\/3"}],"replies":[{"embeddable":true,"href":"https:\/\/www.nemus.pt\/pt\/wp-json\/wp\/v2\/comments?post=134"}],"version-history":[{"count":0,"href":"https:\/\/www.nemus.pt\/pt\/wp-json\/wp\/v2\/pages\/134\/revisions"}],"up":[{"embeddable":true,"href":"https:\/\/www.nemus.pt\/pt\/wp-json\/wp\/v2\/pages\/7"}],"wp:featuredmedia":[{"embeddable":true,"href":"https:\/\/www.nemus.pt\/pt\/wp-json\/wp\/v2\/media\/3190"}],"wp:attachment":[{"href":"https:\/\/www.nemus.pt\/pt\/wp-json\/wp\/v2\/media?parent=134"}],"curies":[{"name":"wp","href":"https:\/\/api.w.org\/{rel}","templated":true}]}}