{"id":164,"date":"2013-12-09T15:26:08","date_gmt":"2013-12-09T15:26:08","guid":{"rendered":"http:\/\/nemus\/?page_id=164"},"modified":"2018-01-23T16:30:11","modified_gmt":"2018-01-23T16:30:11","slug":"areas-marinhas-e-costeiras","status":"publish","type":"page","link":"https:\/\/www.nemus.pt\/pt\/projetos\/areas-marinhas-e-costeiras\/","title":{"rendered":"\u00c1reas Marinhas e Costeiras"},"content":{"rendered":"<p>Com o nosso conhecimento e experi\u00eancia, asseguramos uma gest\u00e3o integrada dos ambientes costeiros e marinhos, com solu\u00e7\u00f5es sustent\u00e1veis a longo prazo.<\/p>","protected":false},"excerpt":{"rendered":"<p>Com o nosso conhecimento e experi\u00eancia, asseguramos uma gest\u00e3o integrada dos ambientes costeiros e marinhos, com solu\u00e7\u00f5es sustent\u00e1veis a longo prazo.<\/p>\n","protected":false},"author":3,"featured_media":2172,"parent":10,"menu_order":9,"comment_status":"open","ping_status":"closed","template":"templates\/projects-area.php","meta":{"_acf_changed":false,"footnotes":""},"class_list":["post-164","page","type-page","status-publish","has-post-thumbnail","hentry"],"acf":[],"_links":{"self":[{"href":"https:\/\/www.nemus.pt\/pt\/wp-json\/wp\/v2\/pages\/164","targetHints":{"allow":["GET"]}}],"collection":[{"href":"https:\/\/www.nemus.pt\/pt\/wp-json\/wp\/v2\/pages"}],"about":[{"href":"https:\/\/www.nemus.pt\/pt\/wp-json\/wp\/v2\/types\/page"}],"author":[{"embeddable":true,"href":"https:\/\/www.nemus.pt\/pt\/wp-json\/wp\/v2\/users\/3"}],"replies":[{"embeddable":true,"href":"https:\/\/www.nemus.pt\/pt\/wp-json\/wp\/v2\/comments?post=164"}],"version-history":[{"count":0,"href":"https:\/\/www.nemus.pt\/pt\/wp-json\/wp\/v2\/pages\/164\/revisions"}],"up":[{"embeddable":true,"href":"https:\/\/www.nemus.pt\/pt\/wp-json\/wp\/v2\/pages\/10"}],"wp:featuredmedia":[{"embeddable":true,"href":"https:\/\/www.nemus.pt\/pt\/wp-json\/wp\/v2\/media\/2172"}],"wp:attachment":[{"href":"https:\/\/www.nemus.pt\/pt\/wp-json\/wp\/v2\/media?parent=164"}],"curies":[{"name":"wp","href":"https:\/\/api.w.org\/{rel}","templated":true}]}}