{"id":166,"date":"2013-12-09T15:26:31","date_gmt":"2013-12-09T15:26:31","guid":{"rendered":"http:\/\/nemus\/?page_id=166"},"modified":"2014-12-10T09:37:19","modified_gmt":"2014-12-10T09:37:19","slug":"agua","status":"publish","type":"page","link":"https:\/\/www.nemus.pt\/pt\/projetos\/agua\/","title":{"rendered":"\u00c1gua"},"content":{"rendered":"<p>Usando uma abordagem especializada e multidisciplinar, promovemos a gest\u00e3o eficaz dos recursos h\u00eddricos em todas as suas vertentes.<\/p>","protected":false},"excerpt":{"rendered":"<p>Usando uma abordagem especializada e multidisciplinar, promovemos a gest\u00e3o eficaz dos recursos h\u00eddricos em todas as suas vertentes.<\/p>\n","protected":false},"author":3,"featured_media":645,"parent":10,"menu_order":10,"comment_status":"open","ping_status":"closed","template":"templates\/projects-area.php","meta":{"_acf_changed":false,"footnotes":""},"class_list":["post-166","page","type-page","status-publish","has-post-thumbnail","hentry"],"acf":[],"_links":{"self":[{"href":"https:\/\/www.nemus.pt\/pt\/wp-json\/wp\/v2\/pages\/166","targetHints":{"allow":["GET"]}}],"collection":[{"href":"https:\/\/www.nemus.pt\/pt\/wp-json\/wp\/v2\/pages"}],"about":[{"href":"https:\/\/www.nemus.pt\/pt\/wp-json\/wp\/v2\/types\/page"}],"author":[{"embeddable":true,"href":"https:\/\/www.nemus.pt\/pt\/wp-json\/wp\/v2\/users\/3"}],"replies":[{"embeddable":true,"href":"https:\/\/www.nemus.pt\/pt\/wp-json\/wp\/v2\/comments?post=166"}],"version-history":[{"count":0,"href":"https:\/\/www.nemus.pt\/pt\/wp-json\/wp\/v2\/pages\/166\/revisions"}],"up":[{"embeddable":true,"href":"https:\/\/www.nemus.pt\/pt\/wp-json\/wp\/v2\/pages\/10"}],"wp:featuredmedia":[{"embeddable":true,"href":"https:\/\/www.nemus.pt\/pt\/wp-json\/wp\/v2\/media\/645"}],"wp:attachment":[{"href":"https:\/\/www.nemus.pt\/pt\/wp-json\/wp\/v2\/media?parent=166"}],"curies":[{"name":"wp","href":"https:\/\/api.w.org\/{rel}","templated":true}]}}