{"id":170,"date":"2013-12-09T15:28:12","date_gmt":"2013-12-09T15:28:12","guid":{"rendered":"http:\/\/nemus\/?page_id=170"},"modified":"2014-11-03T19:40:05","modified_gmt":"2014-11-03T19:40:05","slug":"170-2","status":"publish","type":"page","link":"https:\/\/www.nemus.pt\/pt\/projetos\/reabilitacao-ambiental\/","title":{"rendered":"Reabilita\u00e7\u00e3o Ambiental"},"content":{"rendered":"<p>Os v\u00e1rios pr\u00e9mios conquistados ao longo dos anos reconhecem a qualidade e efic\u00e1cia das nossas solu\u00e7\u00f5es para reabilita\u00e7\u00e3o e valoriza\u00e7\u00e3o ambiental,\u00a0<span style=\"line-height: 1.5em;\">entradas na multidisciplinaridade e compet\u00eancia t\u00e9cnica.<\/span><\/p>","protected":false},"excerpt":{"rendered":"<p>Os v\u00e1rios pr\u00e9mios conquistados ao longo dos anos reconhecem a qualidade e efic\u00e1cia das nossas solu\u00e7\u00f5es para reabilita\u00e7\u00e3o e valoriza\u00e7\u00e3o ambiental,\u00a0entradas na multidisciplinaridade e compet\u00eancia t\u00e9cnica.<\/p>\n","protected":false},"author":3,"featured_media":2213,"parent":10,"menu_order":12,"comment_status":"open","ping_status":"closed","template":"templates\/projects-area.php","meta":{"_acf_changed":false,"footnotes":""},"class_list":["post-170","page","type-page","status-publish","has-post-thumbnail","hentry"],"acf":[],"_links":{"self":[{"href":"https:\/\/www.nemus.pt\/pt\/wp-json\/wp\/v2\/pages\/170","targetHints":{"allow":["GET"]}}],"collection":[{"href":"https:\/\/www.nemus.pt\/pt\/wp-json\/wp\/v2\/pages"}],"about":[{"href":"https:\/\/www.nemus.pt\/pt\/wp-json\/wp\/v2\/types\/page"}],"author":[{"embeddable":true,"href":"https:\/\/www.nemus.pt\/pt\/wp-json\/wp\/v2\/users\/3"}],"replies":[{"embeddable":true,"href":"https:\/\/www.nemus.pt\/pt\/wp-json\/wp\/v2\/comments?post=170"}],"version-history":[{"count":0,"href":"https:\/\/www.nemus.pt\/pt\/wp-json\/wp\/v2\/pages\/170\/revisions"}],"up":[{"embeddable":true,"href":"https:\/\/www.nemus.pt\/pt\/wp-json\/wp\/v2\/pages\/10"}],"wp:featuredmedia":[{"embeddable":true,"href":"https:\/\/www.nemus.pt\/pt\/wp-json\/wp\/v2\/media\/2213"}],"wp:attachment":[{"href":"https:\/\/www.nemus.pt\/pt\/wp-json\/wp\/v2\/media?parent=170"}],"curies":[{"name":"wp","href":"https:\/\/api.w.org\/{rel}","templated":true}]}}