{"id":173,"date":"2013-12-09T15:30:52","date_gmt":"2013-12-09T15:30:52","guid":{"rendered":"http:\/\/nemus\/?page_id=173"},"modified":"2014-11-03T20:21:34","modified_gmt":"2014-11-03T20:21:34","slug":"desenvolvimento-urbano","status":"publish","type":"page","link":"https:\/\/www.nemus.pt\/pt\/projetos\/desenvolvimento-urbano\/","title":{"rendered":"Desenvolvimento Urbano"},"content":{"rendered":"<p>Contribuir para a competitividade das regi\u00f5es sem comprometer a qualidade ambiental, econ\u00f3mica e social do espa\u00e7o urbano \u00e9 a nossa maior preocupa\u00e7\u00e3o na conce\u00e7\u00e3o de projetos de desenvolvimento.<\/p>","protected":false},"excerpt":{"rendered":"<p>Contribuir para a competitividade das regi\u00f5es sem comprometer a qualidade ambiental, econ\u00f3mica e social do espa\u00e7o urbano \u00e9 a nossa maior preocupa\u00e7\u00e3o na conce\u00e7\u00e3o de projetos de desenvolvimento.<\/p>\n","protected":false},"author":3,"featured_media":2254,"parent":10,"menu_order":2,"comment_status":"open","ping_status":"open","template":"templates\/projects-area.php","meta":{"_acf_changed":false,"footnotes":""},"class_list":["post-173","page","type-page","status-publish","has-post-thumbnail","hentry"],"acf":[],"_links":{"self":[{"href":"https:\/\/www.nemus.pt\/pt\/wp-json\/wp\/v2\/pages\/173","targetHints":{"allow":["GET"]}}],"collection":[{"href":"https:\/\/www.nemus.pt\/pt\/wp-json\/wp\/v2\/pages"}],"about":[{"href":"https:\/\/www.nemus.pt\/pt\/wp-json\/wp\/v2\/types\/page"}],"author":[{"embeddable":true,"href":"https:\/\/www.nemus.pt\/pt\/wp-json\/wp\/v2\/users\/3"}],"replies":[{"embeddable":true,"href":"https:\/\/www.nemus.pt\/pt\/wp-json\/wp\/v2\/comments?post=173"}],"version-history":[{"count":0,"href":"https:\/\/www.nemus.pt\/pt\/wp-json\/wp\/v2\/pages\/173\/revisions"}],"up":[{"embeddable":true,"href":"https:\/\/www.nemus.pt\/pt\/wp-json\/wp\/v2\/pages\/10"}],"wp:featuredmedia":[{"embeddable":true,"href":"https:\/\/www.nemus.pt\/pt\/wp-json\/wp\/v2\/media\/2254"}],"wp:attachment":[{"href":"https:\/\/www.nemus.pt\/pt\/wp-json\/wp\/v2\/media?parent=173"}],"curies":[{"name":"wp","href":"https:\/\/api.w.org\/{rel}","templated":true}]}}