{"id":174,"date":"2013-12-09T15:31:19","date_gmt":"2013-12-09T15:31:19","guid":{"rendered":"http:\/\/nemus\/?page_id=174"},"modified":"2014-11-03T19:54:11","modified_gmt":"2014-11-03T19:54:11","slug":"energias-renovaveis","status":"publish","type":"page","link":"https:\/\/www.nemus.pt\/pt\/projetos\/energias-renovaveis\/","title":{"rendered":"Energias Renov\u00e1veis"},"content":{"rendered":"<p>O nosso conhecimento e experi\u00eancia nas regi\u00f5es e setores favor\u00e1veis ao aproveitamento das energias renov\u00e1veis colocam-nos numa posi\u00e7\u00e3o privilegiada para compreender, estudar e influenciar esses projetos e os mecanismos que lhes s\u00e3o subjacentes.<\/p>","protected":false},"excerpt":{"rendered":"<p>O nosso conhecimento e experi\u00eancia nas regi\u00f5es e setores favor\u00e1veis ao aproveitamento das energias renov\u00e1veis colocam-nos numa posi\u00e7\u00e3o privilegiada para compreender, estudar e influenciar esses projetos e os mecanismos que lhes s\u00e3o subjacentes.<\/p>\n","protected":false},"author":3,"featured_media":2228,"parent":10,"menu_order":7,"comment_status":"open","ping_status":"closed","template":"templates\/projects-area.php","meta":{"_acf_changed":false,"footnotes":""},"class_list":["post-174","page","type-page","status-publish","has-post-thumbnail","hentry"],"acf":[],"_links":{"self":[{"href":"https:\/\/www.nemus.pt\/pt\/wp-json\/wp\/v2\/pages\/174","targetHints":{"allow":["GET"]}}],"collection":[{"href":"https:\/\/www.nemus.pt\/pt\/wp-json\/wp\/v2\/pages"}],"about":[{"href":"https:\/\/www.nemus.pt\/pt\/wp-json\/wp\/v2\/types\/page"}],"author":[{"embeddable":true,"href":"https:\/\/www.nemus.pt\/pt\/wp-json\/wp\/v2\/users\/3"}],"replies":[{"embeddable":true,"href":"https:\/\/www.nemus.pt\/pt\/wp-json\/wp\/v2\/comments?post=174"}],"version-history":[{"count":0,"href":"https:\/\/www.nemus.pt\/pt\/wp-json\/wp\/v2\/pages\/174\/revisions"}],"up":[{"embeddable":true,"href":"https:\/\/www.nemus.pt\/pt\/wp-json\/wp\/v2\/pages\/10"}],"wp:featuredmedia":[{"embeddable":true,"href":"https:\/\/www.nemus.pt\/pt\/wp-json\/wp\/v2\/media\/2228"}],"wp:attachment":[{"href":"https:\/\/www.nemus.pt\/pt\/wp-json\/wp\/v2\/media?parent=174"}],"curies":[{"name":"wp","href":"https:\/\/api.w.org\/{rel}","templated":true}]}}