{"id":175,"date":"2013-12-09T15:31:32","date_gmt":"2013-12-09T15:31:32","guid":{"rendered":"http:\/\/nemus\/?page_id=175"},"modified":"2014-11-03T19:47:59","modified_gmt":"2014-11-03T19:47:59","slug":"desenvolvimento-sustentavel","status":"publish","type":"page","link":"https:\/\/www.nemus.pt\/pt\/projetos\/desenvolvimento-sustentavel\/","title":{"rendered":"Desenvolvimento Sustent\u00e1vel"},"content":{"rendered":"<p>Com a nossa experi\u00eancia e compromisso \u00e9tico, tratamos o desenvolvimento sustent\u00e1vel de forma inovadora e integrada, para assegurar a sua viabilidade a longo prazo.<\/p>","protected":false},"excerpt":{"rendered":"<p>Com a nossa experi\u00eancia e compromisso \u00e9tico, tratamos o desenvolvimento sustent\u00e1vel de forma inovadora e integrada, para assegurar a sua viabilidade a longo prazo.<\/p>\n","protected":false},"author":3,"featured_media":2221,"parent":10,"menu_order":6,"comment_status":"open","ping_status":"closed","template":"templates\/projects-area.php","meta":{"_acf_changed":false,"footnotes":""},"class_list":["post-175","page","type-page","status-publish","has-post-thumbnail","hentry"],"acf":[],"_links":{"self":[{"href":"https:\/\/www.nemus.pt\/pt\/wp-json\/wp\/v2\/pages\/175","targetHints":{"allow":["GET"]}}],"collection":[{"href":"https:\/\/www.nemus.pt\/pt\/wp-json\/wp\/v2\/pages"}],"about":[{"href":"https:\/\/www.nemus.pt\/pt\/wp-json\/wp\/v2\/types\/page"}],"author":[{"embeddable":true,"href":"https:\/\/www.nemus.pt\/pt\/wp-json\/wp\/v2\/users\/3"}],"replies":[{"embeddable":true,"href":"https:\/\/www.nemus.pt\/pt\/wp-json\/wp\/v2\/comments?post=175"}],"version-history":[{"count":0,"href":"https:\/\/www.nemus.pt\/pt\/wp-json\/wp\/v2\/pages\/175\/revisions"}],"up":[{"embeddable":true,"href":"https:\/\/www.nemus.pt\/pt\/wp-json\/wp\/v2\/pages\/10"}],"wp:featuredmedia":[{"embeddable":true,"href":"https:\/\/www.nemus.pt\/pt\/wp-json\/wp\/v2\/media\/2221"}],"wp:attachment":[{"href":"https:\/\/www.nemus.pt\/pt\/wp-json\/wp\/v2\/media?parent=175"}],"curies":[{"name":"wp","href":"https:\/\/api.w.org\/{rel}","templated":true}]}}