{"id":1786,"date":"2014-10-01T11:26:49","date_gmt":"2014-10-01T11:26:49","guid":{"rendered":"http:\/\/www.nemus.pt\/?page_id=1786"},"modified":"2016-10-28T16:10:17","modified_gmt":"2016-10-28T16:10:17","slug":"rede-europeia-de-desenvolvimento-rural-uniao-europeia","status":"publish","type":"page","link":"https:\/\/www.nemus.pt\/pt\/projetos\/politicas-publicas\/rede-europeia-de-desenvolvimento-rural-uniao-europeia\/","title":{"rendered":"Rede Europeia de Desenvolvimento Rural, Uni\u00e3o Europeia"},"content":{"rendered":"<p>Desde 2009 que a Nemus tem vindo a desenvolver trabalhos de assessoria t\u00e9cnica para o ponto de contacto da Rede Europeia de Desenvolvimento Rural junto da Comiss\u00e3o Europeia \u2013 DG AGRI. Pela sua complexidade e per\u00edodo de execu\u00e7\u00e3o, destaca-se o conjunto de fichas s\u00edntese elaborado pela Nemus sobre os erros das autoridades que gerem os programas de desenvolvimento rural dos Estados-membros no preenchimento dos indicadores de reporte sobre a execu\u00e7\u00e3o, resultados e impactes desses programas.<\/p>\n<p>A participa\u00e7\u00e3o da Nemus abrangeu tamb\u00e9m a produ\u00e7\u00e3o de uma s\u00edntese dos quatro programas de desenvolvimento rural em Portugal: Portugal Continental, Madeira, A\u00e7ores e Rede Rural Nacional. Esta s\u00edntese foi considerada melhor pr\u00e1tica na rede de consultores da Kantor e passou a ser aplicada ao tratamento de dados de outros Estados-membros com m\u00faltiplos programas de desenvolvimento rural. A qualidade dos trabalhos realizados para a Kantor motivou a contrata\u00e7\u00e3o posterior da Nemus por outros consultores da DG AGRI.<\/p>","protected":false},"excerpt":{"rendered":"<p>Desde 2009 que a Nemus tem vindo a desenvolver trabalhos de assessoria t\u00e9cnica para o ponto de contacto da Rede Europeia de Desenvolvimento Rural junto da Comiss\u00e3o Europeia \u2013 DG AGRI. Pela sua complexidade e per\u00edodo de execu\u00e7\u00e3o, destaca-se o &#8230;<\/p>\n","protected":false},"author":3,"featured_media":2251,"parent":171,"menu_order":7,"comment_status":"open","ping_status":"open","template":"","meta":{"_acf_changed":false,"footnotes":""},"class_list":["post-1786","page","type-page","status-publish","has-post-thumbnail","hentry"],"acf":[],"_links":{"self":[{"href":"https:\/\/www.nemus.pt\/pt\/wp-json\/wp\/v2\/pages\/1786","targetHints":{"allow":["GET"]}}],"collection":[{"href":"https:\/\/www.nemus.pt\/pt\/wp-json\/wp\/v2\/pages"}],"about":[{"href":"https:\/\/www.nemus.pt\/pt\/wp-json\/wp\/v2\/types\/page"}],"author":[{"embeddable":true,"href":"https:\/\/www.nemus.pt\/pt\/wp-json\/wp\/v2\/users\/3"}],"replies":[{"embeddable":true,"href":"https:\/\/www.nemus.pt\/pt\/wp-json\/wp\/v2\/comments?post=1786"}],"version-history":[{"count":0,"href":"https:\/\/www.nemus.pt\/pt\/wp-json\/wp\/v2\/pages\/1786\/revisions"}],"up":[{"embeddable":true,"href":"https:\/\/www.nemus.pt\/pt\/wp-json\/wp\/v2\/pages\/171"}],"wp:featuredmedia":[{"embeddable":true,"href":"https:\/\/www.nemus.pt\/pt\/wp-json\/wp\/v2\/media\/2251"}],"wp:attachment":[{"href":"https:\/\/www.nemus.pt\/pt\/wp-json\/wp\/v2\/media?parent=1786"}],"curies":[{"name":"wp","href":"https:\/\/api.w.org\/{rel}","templated":true}]}}