{"id":1825,"date":"2014-10-01T13:59:04","date_gmt":"2014-10-01T13:59:04","guid":{"rendered":"http:\/\/www.nemus.pt\/?page_id=1825"},"modified":"2014-11-03T19:52:23","modified_gmt":"2014-11-03T19:52:23","slug":"plano-municipal-do-ambiente-de-sintra-portugal","status":"publish","type":"page","link":"https:\/\/www.nemus.pt\/pt\/projetos\/desenvolvimento-sustentavel\/plano-municipal-do-ambiente-de-sintra-portugal\/","title":{"rendered":"Plano municipal do ambiente de Sintra, Portugal"},"content":{"rendered":"<p>Enquadrado no esp\u00edrito da Agenda 21, plano de a\u00e7\u00e3o das Na\u00e7\u00f5es Unidas para o ambiente sustent\u00e1vel no s\u00e9culo XXI, o Plano Municipal do Ambiente de Sintra procurou implementar no concelho um modelo integrado de desenvolvimento que respeitasse e promovesse a qualidade de vida e do ambiente.<\/p>\n<p>O trabalho realizado pela Nemus caraterizou a situa\u00e7\u00e3o no concelho de Sintra ao n\u00edvel socioecon\u00f3mico e ambiental e efetuou o respetivo diagn\u00f3stico ambiental. Para melhor compreender as causas da degrada\u00e7\u00e3o ambiental do concelho, bem como a qualidade ambiental e as medidas de minimiza\u00e7\u00e3o j\u00e1 tomadas, foi aplicado um modelo press\u00e3o-estado-resposta. Na fase de defini\u00e7\u00e3o dos vetores de interven\u00e7\u00e3o estrat\u00e9gica, a Nemus identificou os principais problemas e potencialidades ambientais e estabeleceu as \u00e1reas priorit\u00e1rias de atua\u00e7\u00e3o, segundo crit\u00e9rios selecionados para a defini\u00e7\u00e3o e hierarquiza\u00e7\u00e3o de prioridades.<\/p>","protected":false},"excerpt":{"rendered":"<p>Enquadrado no esp\u00edrito da Agenda 21, plano de a\u00e7\u00e3o das Na\u00e7\u00f5es Unidas para o ambiente sustent\u00e1vel no s\u00e9culo XXI, o Plano Municipal do Ambiente de Sintra procurou implementar no concelho um modelo integrado de desenvolvimento que respeitasse e promovesse a &#8230;<\/p>\n","protected":false},"author":3,"featured_media":2217,"parent":175,"menu_order":0,"comment_status":"open","ping_status":"open","template":"","meta":{"_acf_changed":false,"footnotes":""},"class_list":["post-1825","page","type-page","status-publish","has-post-thumbnail","hentry"],"acf":[],"_links":{"self":[{"href":"https:\/\/www.nemus.pt\/pt\/wp-json\/wp\/v2\/pages\/1825","targetHints":{"allow":["GET"]}}],"collection":[{"href":"https:\/\/www.nemus.pt\/pt\/wp-json\/wp\/v2\/pages"}],"about":[{"href":"https:\/\/www.nemus.pt\/pt\/wp-json\/wp\/v2\/types\/page"}],"author":[{"embeddable":true,"href":"https:\/\/www.nemus.pt\/pt\/wp-json\/wp\/v2\/users\/3"}],"replies":[{"embeddable":true,"href":"https:\/\/www.nemus.pt\/pt\/wp-json\/wp\/v2\/comments?post=1825"}],"version-history":[{"count":0,"href":"https:\/\/www.nemus.pt\/pt\/wp-json\/wp\/v2\/pages\/1825\/revisions"}],"up":[{"embeddable":true,"href":"https:\/\/www.nemus.pt\/pt\/wp-json\/wp\/v2\/pages\/175"}],"wp:featuredmedia":[{"embeddable":true,"href":"https:\/\/www.nemus.pt\/pt\/wp-json\/wp\/v2\/media\/2217"}],"wp:attachment":[{"href":"https:\/\/www.nemus.pt\/pt\/wp-json\/wp\/v2\/media?parent=1825"}],"curies":[{"name":"wp","href":"https:\/\/api.w.org\/{rel}","templated":true}]}}