{"id":1905,"date":"2014-10-01T15:09:30","date_gmt":"2014-10-01T15:09:30","guid":{"rendered":"http:\/\/www.nemus.pt\/?page_id=1905"},"modified":"2014-10-30T10:55:59","modified_gmt":"2014-10-30T10:55:59","slug":"caraterizacao-dos-rios-das-bacias-do-tejo-e-das-ribeiras-do-oeste-portugal","status":"publish","type":"page","link":"https:\/\/www.nemus.pt\/pt\/projetos\/agua\/caraterizacao-dos-rios-das-bacias-do-tejo-e-das-ribeiras-do-oeste-portugal\/","title":{"rendered":"Caracteriza\u00e7\u00e3o dos rios das bacias do Tejo e das ribeiras do Oeste, Portugal"},"content":{"rendered":"<p>A Nemus foi respons\u00e1vel pela caracteriza\u00e7\u00e3o das \u00e1guas de superf\u00edcie, com o objetivo de fornecer informa\u00e7\u00e3o de suporte para definir o estado das massas de \u00e1gua das regi\u00f5es hidrogr\u00e1ficas do Tejo e das ribeiras do Oeste.<\/p>\n<p>O trabalho, que envolveu 90 linhas de \u00e1gua e 93 locais de amostragem, compreendeu o reconhecimento desses locais, a caracteriza\u00e7\u00e3o da qualidade da \u00e1gua atrav\u00e9s de medi\u00e7\u00f5es <i>in situ<\/i> e da recolha de amostras para an\u00e1lise laboratorial, a determina\u00e7\u00e3o dos caudais e a an\u00e1lise dos resultados obtidos nas tr\u00eas campanhas de amostragem.<\/p>","protected":false},"excerpt":{"rendered":"<p>A Nemus foi respons\u00e1vel pela caracteriza\u00e7\u00e3o das \u00e1guas de superf\u00edcie, com o objetivo de fornecer informa\u00e7\u00e3o de suporte para definir o estado das massas de \u00e1gua das regi\u00f5es hidrogr\u00e1ficas do Tejo e das ribeiras do Oeste. O trabalho, que envolveu &#8230;<\/p>\n","protected":false},"author":3,"featured_media":2175,"parent":166,"menu_order":7,"comment_status":"open","ping_status":"open","template":"","meta":{"_acf_changed":false,"footnotes":""},"class_list":["post-1905","page","type-page","status-publish","has-post-thumbnail","hentry"],"acf":[],"_links":{"self":[{"href":"https:\/\/www.nemus.pt\/pt\/wp-json\/wp\/v2\/pages\/1905","targetHints":{"allow":["GET"]}}],"collection":[{"href":"https:\/\/www.nemus.pt\/pt\/wp-json\/wp\/v2\/pages"}],"about":[{"href":"https:\/\/www.nemus.pt\/pt\/wp-json\/wp\/v2\/types\/page"}],"author":[{"embeddable":true,"href":"https:\/\/www.nemus.pt\/pt\/wp-json\/wp\/v2\/users\/3"}],"replies":[{"embeddable":true,"href":"https:\/\/www.nemus.pt\/pt\/wp-json\/wp\/v2\/comments?post=1905"}],"version-history":[{"count":0,"href":"https:\/\/www.nemus.pt\/pt\/wp-json\/wp\/v2\/pages\/1905\/revisions"}],"up":[{"embeddable":true,"href":"https:\/\/www.nemus.pt\/pt\/wp-json\/wp\/v2\/pages\/166"}],"wp:featuredmedia":[{"embeddable":true,"href":"https:\/\/www.nemus.pt\/pt\/wp-json\/wp\/v2\/media\/2175"}],"wp:attachment":[{"href":"https:\/\/www.nemus.pt\/pt\/wp-json\/wp\/v2\/media?parent=1905"}],"curies":[{"name":"wp","href":"https:\/\/api.w.org\/{rel}","templated":true}]}}