{"id":1920,"date":"2014-10-01T16:38:33","date_gmt":"2014-10-01T16:38:33","guid":{"rendered":"http:\/\/www.nemus.pt\/?page_id=1920"},"modified":"2014-11-03T19:31:25","modified_gmt":"2014-11-03T19:31:25","slug":"requalificacao-da-barrinha-de-esmoriz-portugal","status":"publish","type":"page","link":"https:\/\/www.nemus.pt\/pt\/projetos\/reabilitacao-ambiental\/requalificacao-da-barrinha-de-esmoriz-portugal\/","title":{"rendered":"Requalifica\u00e7\u00e3o da barrinha de Esmoriz, Portugal"},"content":{"rendered":"<p>Este projeto pretendeu estabelecer as linhas que orientar\u00e3o a recupera\u00e7\u00e3o da barrinha de Esmoriz e sua envolvente, compatibilizando as expetativas da popula\u00e7\u00e3o com as exig\u00eancias de evolu\u00e7\u00e3o sustent\u00e1vel da \u00e1rea.<\/p>\n<p>Os trabalhos contemplaram a avalia\u00e7\u00e3o da necessidade de demoli\u00e7\u00e3o do dique, o estudo hidrodin\u00e2mico da barrinha e a defini\u00e7\u00e3o do modelo de dragagem, tendo em conta os valores naturais presentes e as orienta\u00e7\u00f5es das diferentes entidades envolvidas na gest\u00e3o de uma \u00e1rea que est\u00e1 integrada na Rede Natura 2000.<\/p>","protected":false},"excerpt":{"rendered":"<p>Este projeto pretendeu estabelecer as linhas que orientar\u00e3o a recupera\u00e7\u00e3o da barrinha de Esmoriz e sua envolvente, compatibilizando as expetativas da popula\u00e7\u00e3o com as exig\u00eancias de evolu\u00e7\u00e3o sustent\u00e1vel da \u00e1rea. Os trabalhos contemplaram a avalia\u00e7\u00e3o da necessidade de demoli\u00e7\u00e3o do &#8230;<\/p>\n","protected":false},"author":3,"featured_media":2207,"parent":170,"menu_order":7,"comment_status":"open","ping_status":"open","template":"","meta":{"_acf_changed":false,"footnotes":""},"class_list":["post-1920","page","type-page","status-publish","has-post-thumbnail","hentry"],"acf":[],"_links":{"self":[{"href":"https:\/\/www.nemus.pt\/pt\/wp-json\/wp\/v2\/pages\/1920","targetHints":{"allow":["GET"]}}],"collection":[{"href":"https:\/\/www.nemus.pt\/pt\/wp-json\/wp\/v2\/pages"}],"about":[{"href":"https:\/\/www.nemus.pt\/pt\/wp-json\/wp\/v2\/types\/page"}],"author":[{"embeddable":true,"href":"https:\/\/www.nemus.pt\/pt\/wp-json\/wp\/v2\/users\/3"}],"replies":[{"embeddable":true,"href":"https:\/\/www.nemus.pt\/pt\/wp-json\/wp\/v2\/comments?post=1920"}],"version-history":[{"count":0,"href":"https:\/\/www.nemus.pt\/pt\/wp-json\/wp\/v2\/pages\/1920\/revisions"}],"up":[{"embeddable":true,"href":"https:\/\/www.nemus.pt\/pt\/wp-json\/wp\/v2\/pages\/170"}],"wp:featuredmedia":[{"embeddable":true,"href":"https:\/\/www.nemus.pt\/pt\/wp-json\/wp\/v2\/media\/2207"}],"wp:attachment":[{"href":"https:\/\/www.nemus.pt\/pt\/wp-json\/wp\/v2\/media?parent=1920"}],"curies":[{"name":"wp","href":"https:\/\/api.w.org\/{rel}","templated":true}]}}