{"id":2108,"date":"2014-10-23T08:55:25","date_gmt":"2014-10-23T08:55:25","guid":{"rendered":"http:\/\/www.nemus.pt\/en\/?page_id=2108"},"modified":"2018-12-06T18:09:00","modified_gmt":"2018-12-06T18:09:00","slug":"p-z","status":"publish","type":"page","link":"https:\/\/www.nemus.pt\/pt\/a-nemus\/clientes-e-parceiros\/en-p\/","title":{"rendered":"P &#8211; Z"},"content":{"rendered":"<p>Periptero \u2013 Empreendimentos Imobili\u00e1rios, S.A.<br \/>\nPetrobras &#8211; Petr\u00f3leo Brasileiro S.A.<br \/>\nPinheiros Altos \u2013 Sociedade de Desenvolvimento Tur\u00edstico, Lda.<br \/>\nPlural \u2013 Planeamento Urbano, Regional e de Transportes, Lda.<br \/>\nPolis Litoral Norte \u2013 Sociedade para a Requalifica\u00e7\u00e3o e Valoriza\u00e7\u00e3o do Litoral Norte, S.A.<br \/>\nPolis Litoral Ria de Aveiro \u2013 Sociedade para a Requalifica\u00e7\u00e3o e Valoriza\u00e7\u00e3o da Ria de Aveiro, S.A.<br \/>\nPolis Litoral Ria Formosa \u2013 Sociedade para a Requalifica\u00e7\u00e3o e Valoriza\u00e7\u00e3o da Ria Formosa, S.A.<br \/>\nPolis Litoral Sudoeste \u2013 Sociedade para a Requalifica\u00e7\u00e3o e Valoriza\u00e7\u00e3o do Sudoeste Alentejano e Costa Vicentina, S.A.<br \/>\nPolisAlbufeira \u2013 Sociedade para o Desenvolvimento do Programa Polis em Albufeira, S.A.<br \/>\nP\u00f3lo do Cabo \u2013 Lez\u00edrias Resort Hotel, S.A.<br \/>\nPrainha \u2013 Empreendimentos Imobili\u00e1rios, S.A.<br \/>\nPROCESL \u2013 Engenharia Hidr\u00e1ulica e Ambiental, Lda.<br \/>\nPromontorio Architects<br \/>\nQuinta da Ria \u2013 Empreendimentos do Algarve, S.A.<br \/>\nREFER \u2013 Rede Ferrovi\u00e1ria Nacional<br \/>\nREMA &#8211; Rwanda Environment Management Authority<br \/>\nREN \u2013 Redes Energ\u00e9ticas Nacionais S.A.<br \/>\nRISCO \u2013 Projectistas e Consultores de Design, S.A.<br \/>\nSanest \u2013 Saneamento da Costa do Estoril, S.A.<br \/>\nSantiago Golf Resort, S.A.<br \/>\nSecretaria Regional do Ambiente e do Mar dos A\u00e7ores<br \/>\nSecretaria Regional da Economia dos A\u00e7ores<br \/>\nSelenova \u2013 Artes Gr\u00e1ficas, Lda.<br \/>\nSENARA &#8211; Servicio Nacional de Aguas Subterr\u00e1neas, Riego y Avenamiento<br \/>\nSETH \u2013 Sociedade de Empreitadas e Trabalhos Hidr\u00e1ulicos, S.A.<br \/>\nSGU \u2013 Sociedade de Gest\u00e3o Urbana de Vila Real de Santo Ant\u00f3nio (VRSA SGU EM SA)<br \/>\nSiderurgia Nacional, S.A.<br \/>\nSilaroeira \u2013 Sociedade de Desenvolvimento Tur\u00edstico, S.A. (atual SILCOGE)<br \/>\nSimTejo \u2013 Saneamento Integrado dos Munic\u00edpios do Tejo e Tranc\u00e3o, S.A.<br \/>\nSNEDE \u2013 Sociedade Nacional de Empreendimentos e Desenvolvimento Econ\u00f3mico, S.A.<br \/>\nSociedade de Gest\u00e3o Urbana de Vila Real de Santo Ant\u00f3nio<br \/>\nSomague<br \/>\nTavima \u2013 Sociedade de Empreendimentos Imobili\u00e1rios S.A<br \/>\nTERRAFORMA \u2013 Sociedade de Estudos e Projectos, Lda.<br \/>\nThe Edge Group<br \/>\nTurisvilas \u2013 Investimentos, S.A.<br \/>\nUNIREDE, Sistemas de Informa\u00e7\u00e3o e Gest\u00e3o, Lda.<br \/>\nUniversidade T\u00e9cnica de Lisboa \u2013 GAPTEC<br \/>\nVale do Lobo \u2013 Resort Tur\u00edstico de Luxo, S.A.<br \/>\nV&amp;S Ambiental<br \/>\nVialmar \u2013 Constru\u00e7\u00f5es, S.A.<br \/>\nVila Sol III \u2013 Empreendimentos Urban\u00edsticos, S.A.<br \/>\nVitor Figueiredo \u2013 Gabinete de Arquitectura, Lda.<br \/>\nViveiros do Falc\u00e3o \u2013 Empresa de Agricultura e Jardinagem, Lda.<br \/>\nVNC \u2013 Promo\u00e7\u00e3o Imobili\u00e1ria e Investimentos Tur\u00edsticos, Lda.<br \/>\nVRSA \u2013 Sociedade de Gest\u00e3o Urbana, E.M.<\/p>\n","protected":false},"excerpt":{"rendered":"<p>Periptero \u2013 Empreendimentos Imobili\u00e1rios, S.A. Petrobras &#8211; Petr\u00f3leo Brasileiro S.A. Pinheiros Altos \u2013 Sociedade de Desenvolvimento Tur\u00edstico, Lda. Plural \u2013 Planeamento Urbano, Regional e de Transportes, Lda. Polis Litoral Norte \u2013 Sociedade para a Requalifica\u00e7\u00e3o e Valoriza\u00e7\u00e3o do Litoral Norte, &#8230;<\/p>\n","protected":false},"author":3,"featured_media":0,"parent":142,"menu_order":5,"comment_status":"closed","ping_status":"closed","template":"","meta":{"_acf_changed":false,"footnotes":""},"class_list":["post-2108","page","type-page","status-publish","hentry"],"acf":[],"_links":{"self":[{"href":"https:\/\/www.nemus.pt\/pt\/wp-json\/wp\/v2\/pages\/2108","targetHints":{"allow":["GET"]}}],"collection":[{"href":"https:\/\/www.nemus.pt\/pt\/wp-json\/wp\/v2\/pages"}],"about":[{"href":"https:\/\/www.nemus.pt\/pt\/wp-json\/wp\/v2\/types\/page"}],"author":[{"embeddable":true,"href":"https:\/\/www.nemus.pt\/pt\/wp-json\/wp\/v2\/users\/3"}],"replies":[{"embeddable":true,"href":"https:\/\/www.nemus.pt\/pt\/wp-json\/wp\/v2\/comments?post=2108"}],"version-history":[{"count":0,"href":"https:\/\/www.nemus.pt\/pt\/wp-json\/wp\/v2\/pages\/2108\/revisions"}],"up":[{"embeddable":true,"href":"https:\/\/www.nemus.pt\/pt\/wp-json\/wp\/v2\/pages\/142"}],"wp:attachment":[{"href":"https:\/\/www.nemus.pt\/pt\/wp-json\/wp\/v2\/media?parent=2108"}],"curies":[{"name":"wp","href":"https:\/\/api.w.org\/{rel}","templated":true}]}}