{"id":2668,"date":"2015-07-16T09:46:11","date_gmt":"2015-07-16T09:46:11","guid":{"rendered":"http:\/\/www.nemus.pt\/pt\/?page_id=2668"},"modified":"2016-10-28T16:07:54","modified_gmt":"2016-10-28T16:07:54","slug":"development-of-the-legal-and-institutional-framework-for-the-implementation-of-the-redd-strategy-in-mozambique","status":"publish","type":"page","link":"https:\/\/www.nemus.pt\/pt\/projetos\/politicas-publicas\/desenvolvimento-do-quadro-legal-e-institucional-para-implementacao-da-estrategia-do-redd-em-mocambique\/","title":{"rendered":"Desenvolvimento do Quadro Legal e Institucional para Implementa\u00e7\u00e3o da Estrat\u00e9gia do REDD+ em Mo\u00e7ambique"},"content":{"rendered":"<p>Os principais objetivos desta consultoria s\u00e3o a revis\u00e3o e a avalia\u00e7\u00e3o do quadro jur\u00eddico mo\u00e7ambicano para a implementa\u00e7\u00e3o da Estrat\u00e9gia REDD+ no pa\u00eds.<\/p>\n<p>A estrat\u00e9gia REDD+ pretende <strong>reduzir as emiss\u00f5es provenientes da desfloresta\u00e7\u00e3o e degrada\u00e7\u00e3o florestal<\/strong>, atrav\u00e9s duma <strong>gest\u00e3o florestal sustent\u00e1vel<\/strong> que promova n\u00e3o s\u00f3 o aumento do sequestro de carbono (contribuindo assim para o combate \u00e0s altera\u00e7\u00f5es clim\u00e1ticas a n\u00edvel mundial), mas que beneficie tamb\u00e9m a popula\u00e7\u00e3o e o pa\u00eds (repartindo benef\u00edcios que contribuem para reduzir a pobreza e melhorar o desenvolvimento sustent\u00e1vel e a conserva\u00e7\u00e3o da biodiversidade).<\/p>\n<p>O projeto envolve a revis\u00e3o e an\u00e1lise da informa\u00e7\u00e3o existente sobre o REDD+ em Mo\u00e7ambique, a identifica\u00e7\u00e3o das institui\u00e7\u00f5es, entidades e partes interessadas relevantes, a forma\u00e7\u00e3o e capacita\u00e7\u00e3o da unidade t\u00e9cnica envolvida e a organiza\u00e7\u00e3o e coordena\u00e7\u00e3o de workshops direcionada ao esclarecimento e envolvimento p\u00fablicos.<\/p>\n<p>Para um pa\u00eds como Mo\u00e7ambique, onde cerca de <strong>70% da \u00e1rea territorial est\u00e1 coberta por florestas e outros tipos de vegeta\u00e7\u00e3o<\/strong>, a implementa\u00e7\u00e3o da estrat\u00e9gia REDD+ representa um enorme passo na dire\u00e7\u00e3o certa. A perda anual destes recursos cifra-se j\u00e1 em 0,6% ou em 219.000 ha, de acordo com o invent\u00e1rio florestal de 2007.<\/p>","protected":false},"excerpt":{"rendered":"<p>Os principais objetivos desta consultoria s\u00e3o a revis\u00e3o e a avalia\u00e7\u00e3o do quadro jur\u00eddico mo\u00e7ambicano para a implementa\u00e7\u00e3o da Estrat\u00e9gia REDD+ no pa\u00eds. A estrat\u00e9gia REDD+ pretende reduzir as emiss\u00f5es provenientes da desfloresta\u00e7\u00e3o e degrada\u00e7\u00e3o florestal, atrav\u00e9s duma gest\u00e3o florestal &#8230;<\/p>\n","protected":false},"author":4,"featured_media":2679,"parent":171,"menu_order":1,"comment_status":"open","ping_status":"open","template":"","meta":{"_acf_changed":false,"footnotes":""},"class_list":["post-2668","page","type-page","status-publish","has-post-thumbnail","hentry"],"acf":[],"_links":{"self":[{"href":"https:\/\/www.nemus.pt\/pt\/wp-json\/wp\/v2\/pages\/2668","targetHints":{"allow":["GET"]}}],"collection":[{"href":"https:\/\/www.nemus.pt\/pt\/wp-json\/wp\/v2\/pages"}],"about":[{"href":"https:\/\/www.nemus.pt\/pt\/wp-json\/wp\/v2\/types\/page"}],"author":[{"embeddable":true,"href":"https:\/\/www.nemus.pt\/pt\/wp-json\/wp\/v2\/users\/4"}],"replies":[{"embeddable":true,"href":"https:\/\/www.nemus.pt\/pt\/wp-json\/wp\/v2\/comments?post=2668"}],"version-history":[{"count":0,"href":"https:\/\/www.nemus.pt\/pt\/wp-json\/wp\/v2\/pages\/2668\/revisions"}],"up":[{"embeddable":true,"href":"https:\/\/www.nemus.pt\/pt\/wp-json\/wp\/v2\/pages\/171"}],"wp:featuredmedia":[{"embeddable":true,"href":"https:\/\/www.nemus.pt\/pt\/wp-json\/wp\/v2\/media\/2679"}],"wp:attachment":[{"href":"https:\/\/www.nemus.pt\/pt\/wp-json\/wp\/v2\/media?parent=2668"}],"curies":[{"name":"wp","href":"https:\/\/api.w.org\/{rel}","templated":true}]}}