{"id":2672,"date":"2015-07-16T09:46:01","date_gmt":"2015-07-16T09:46:01","guid":{"rendered":"http:\/\/www.nemus.pt\/pt\/?page_id=2672"},"modified":"2016-12-06T14:02:55","modified_gmt":"2016-12-06T14:02:55","slug":"sao-francisco-river-basin-management-plan-2016-2025-brazil","status":"publish","type":"page","link":"https:\/\/www.nemus.pt\/pt\/projetos\/agua\/plano-de-gestao-da-bacia-hidrografica-do-rio-sao-francisco-2016-2025-brasil\/","title":{"rendered":"Plano de Gest\u00e3o da Bacia Hidrogr\u00e1fica do Rio S\u00e3o Francisco 2016-2025, Brasil"},"content":{"rendered":"<p>O S\u00e3o Francisco \u00e9 um dos rios mais longos da Am\u00e9rica do sul e o rio mais longo correndo inteiramente em territ\u00f3rio brasileiro. Com quase 3.000 km de extens\u00e3o, cruza sete Unidades Federativas e a sua bacia de drenagem abrange uma \u00e1rea superior a 600.000 km<sup>2<\/sup>. Este projeto compreendeu a atualiza\u00e7\u00e3o do plano de gest\u00e3o em vigor (2004-2013) nesta bacia hidrogr\u00e1fica, para o dec\u00e9nio 2016-2025.<\/p>\n<p>Alguns desafios colocados por este projeto: a extens\u00e3o do territ\u00f3rio abrangido inclui um conjunto extremamente diversificado de <strong>condi\u00e7\u00f5es f\u00edsicas<\/strong>, <strong>bi\u00f3ticas <\/strong>e <strong>socioecon\u00f3micas<\/strong>; envolve diferentes entidades de n\u00edvel nacional, federal, municipal e setorial; compreendeu uma forte componente de <strong>participa\u00e7\u00e3o p\u00fablica<\/strong>, com um papel central no desenvolvimento do plano; requer a gest\u00e3o de quest\u00f5es de \u00e2mbito t\u00e9cnico e social particularmente cr\u00edticas relacionadas com a <strong>procura e a distribui\u00e7\u00e3o de \u00e1gua<\/strong>.<\/p>\n<p><strong>O plano incluiu a execu\u00e7\u00e3o das seguintes tarefas:<\/strong><\/p>\n<ul>\n<li>Atualiza\u00e7\u00e3o dos aspetos territoriais e institucionais, de caracteriza\u00e7\u00e3o e diagn\u00f3stico;<\/li>\n<li>Avalia\u00e7\u00e3o quantitativa e qualitativa das \u00e1guas superficiais e subterr\u00e2neas;<\/li>\n<li>An\u00e1lise dos usos e necessidades de \u00e1gua;<\/li>\n<li>Balan\u00e7o h\u00eddrico;<\/li>\n<li>Avalia\u00e7\u00e3o de diferentes cen\u00e1rios prospetivos;<\/li>\n<li>Proposta de diretrizes e crit\u00e9rios para o aprimoramento dos instrumentos da pol\u00edtica de recursos h\u00eddricos;<\/li>\n<li>Avalia\u00e7\u00e3o das a\u00e7\u00f5es priorit\u00e1rias e metas para a bacia;<\/li>\n<li>Estrutura\u00e7\u00e3o da base de dados da bacia;<\/li>\n<li>Realiza\u00e7\u00e3o de 24 consultas p\u00fablicas (participa\u00e7\u00e3o de mais de 3.000\u00a0pessoas) e 21 oficinas tem\u00e1ticas relativas a cinco temas diferentes (mais de 700 especialistas e utilizadores de diversos setores).<\/li>\n<\/ul>\n<p><\/p>","protected":false},"excerpt":{"rendered":"<p>O S\u00e3o Francisco \u00e9 um dos rios mais longos da Am\u00e9rica do sul e o rio mais longo correndo inteiramente em territ\u00f3rio brasileiro. Com quase 3.000 km de extens\u00e3o, cruza sete Unidades Federativas e a sua bacia de drenagem abrange &#8230;<\/p>\n","protected":false},"author":4,"featured_media":2678,"parent":166,"menu_order":1,"comment_status":"open","ping_status":"open","template":"","meta":{"_acf_changed":false,"footnotes":""},"class_list":["post-2672","page","type-page","status-publish","has-post-thumbnail","hentry"],"acf":[],"_links":{"self":[{"href":"https:\/\/www.nemus.pt\/pt\/wp-json\/wp\/v2\/pages\/2672","targetHints":{"allow":["GET"]}}],"collection":[{"href":"https:\/\/www.nemus.pt\/pt\/wp-json\/wp\/v2\/pages"}],"about":[{"href":"https:\/\/www.nemus.pt\/pt\/wp-json\/wp\/v2\/types\/page"}],"author":[{"embeddable":true,"href":"https:\/\/www.nemus.pt\/pt\/wp-json\/wp\/v2\/users\/4"}],"replies":[{"embeddable":true,"href":"https:\/\/www.nemus.pt\/pt\/wp-json\/wp\/v2\/comments?post=2672"}],"version-history":[{"count":0,"href":"https:\/\/www.nemus.pt\/pt\/wp-json\/wp\/v2\/pages\/2672\/revisions"}],"up":[{"embeddable":true,"href":"https:\/\/www.nemus.pt\/pt\/wp-json\/wp\/v2\/pages\/166"}],"wp:featuredmedia":[{"embeddable":true,"href":"https:\/\/www.nemus.pt\/pt\/wp-json\/wp\/v2\/media\/2678"}],"wp:attachment":[{"href":"https:\/\/www.nemus.pt\/pt\/wp-json\/wp\/v2\/media?parent=2672"}],"curies":[{"name":"wp","href":"https:\/\/api.w.org\/{rel}","templated":true}]}}