{"id":2783,"date":"2016-11-30T13:03:22","date_gmt":"2016-11-30T13:03:22","guid":{"rendered":"http:\/\/www.nemus.pt\/pt\/?page_id=2783"},"modified":"2017-09-12T16:11:21","modified_gmt":"2017-09-12T16:11:21","slug":"modelo-de-aguas-subterraneas-costa-rica","status":"publish","type":"page","link":"https:\/\/www.nemus.pt\/pt\/projetos\/alteracoes-climaticas\/modelo-de-aguas-subterraneas-costa-rica\/","title":{"rendered":"Modelo de \u00e1guas subterr\u00e2neas, Costa Rica"},"content":{"rendered":"<p>O Vale Central, na Costa Rica, \u00e9 uma \u00e1rea com mais de 400 km2, onde residem quase tr\u00eas quartos da popula\u00e7\u00e3o do pa\u00eds e onde se localiza a capital, San Jos\u00e9, a cidade com mais habitantes. Nesta regi\u00e3o h\u00e1 um significativo consumo de \u00e1gua subterr\u00e2nea e h\u00e1 uma preocupa\u00e7\u00e3o do Estado para que este importante recurso seja utilizado de forma sustent\u00e1vel.<\/p>\n<p>O objetivo deste projeto \u00e9 <strong>otimizar a explora\u00e7\u00e3o das \u00e1guas subterr\u00e2neas do Vale Central<\/strong>, atrav\u00e9s de t\u00e9cnicas avan\u00e7adas de an\u00e1lise geol\u00f3gica e hidrogeol\u00f3gica, incluindo a modela\u00e7\u00e3o num\u00e9rica. O modelo permite desenvolver ferramentas para melhorar a explora\u00e7\u00e3o dos aqu\u00edferos, tendo em vista a sua prote\u00e7\u00e3o e a produ\u00e7\u00e3o sustent\u00e1vel de \u00e1guas subterr\u00e2neas para todo o Vale Central. Os estudos destinam-se a determinar limites de produ\u00e7\u00e3o sustent\u00e1vel das \u00e1guas, estabelecendo diferentes padr\u00f5es de consumo, em fun\u00e7\u00e3o de diversos cen\u00e1rios de mudan\u00e7as no uso do solo e do efeito das altera\u00e7\u00f5es clim\u00e1ticas.<\/p>\n<p>Algumas tarefas envolvidas neste projeto:<\/p>\n<ul>\n<li>A conceptualiza\u00e7\u00e3o de um <strong>modelo hidrogeol\u00f3gico<\/strong> para compreender o funcionamento dos aqu\u00edferos da regi\u00e3o do Vale Central;<\/li>\n<li>Desenho de um <strong>modelo matem\u00e1tico 3D<\/strong> para a analisar a din\u00e2mica das \u00e1guas subterr\u00e2neas e sua resposta sob diferentes condi\u00e7\u00f5es;<\/li>\n<li>Formula\u00e7\u00e3o de <strong>cen\u00e1rios futuros<\/strong> baseados nas altera\u00e7\u00f5es previstas ao uso do solo, nas mudan\u00e7as clim\u00e1ticas e considerando diferentes regimes de explora\u00e7\u00e3o deste recurso;<\/li>\n<li>Elabora\u00e7\u00e3o de <strong>proposta de explora\u00e7\u00e3o dos aqu\u00edferos<\/strong> do Vale Central.<\/li>\n<\/ul>\n<p><em>[Projeto financiado pelo BCIE \u2013 Banco Centroamericano de Integraci\u00f3n Econ\u00f3mica]<\/em><\/p>","protected":false},"excerpt":{"rendered":"<p>O Vale Central, na Costa Rica, \u00e9 uma \u00e1rea com mais de 400 km2, onde residem quase tr\u00eas quartos da popula\u00e7\u00e3o do pa\u00eds e onde se localiza a capital, San Jos\u00e9, a cidade com mais habitantes. Nesta regi\u00e3o h\u00e1 um &#8230;<\/p>\n","protected":false},"author":3,"featured_media":2784,"parent":176,"menu_order":0,"comment_status":"closed","ping_status":"closed","template":"","meta":{"_acf_changed":false,"footnotes":""},"class_list":["post-2783","page","type-page","status-publish","has-post-thumbnail","hentry"],"acf":[],"_links":{"self":[{"href":"https:\/\/www.nemus.pt\/pt\/wp-json\/wp\/v2\/pages\/2783","targetHints":{"allow":["GET"]}}],"collection":[{"href":"https:\/\/www.nemus.pt\/pt\/wp-json\/wp\/v2\/pages"}],"about":[{"href":"https:\/\/www.nemus.pt\/pt\/wp-json\/wp\/v2\/types\/page"}],"author":[{"embeddable":true,"href":"https:\/\/www.nemus.pt\/pt\/wp-json\/wp\/v2\/users\/3"}],"replies":[{"embeddable":true,"href":"https:\/\/www.nemus.pt\/pt\/wp-json\/wp\/v2\/comments?post=2783"}],"version-history":[{"count":0,"href":"https:\/\/www.nemus.pt\/pt\/wp-json\/wp\/v2\/pages\/2783\/revisions"}],"up":[{"embeddable":true,"href":"https:\/\/www.nemus.pt\/pt\/wp-json\/wp\/v2\/pages\/176"}],"wp:featuredmedia":[{"embeddable":true,"href":"https:\/\/www.nemus.pt\/pt\/wp-json\/wp\/v2\/media\/2784"}],"wp:attachment":[{"href":"https:\/\/www.nemus.pt\/pt\/wp-json\/wp\/v2\/media?parent=2783"}],"curies":[{"name":"wp","href":"https:\/\/api.w.org\/{rel}","templated":true}]}}