{"id":2787,"date":"2016-11-30T13:20:47","date_gmt":"2016-11-30T13:20:47","guid":{"rendered":"http:\/\/www.nemus.pt\/pt\/?page_id=2787"},"modified":"2024-04-19T13:47:24","modified_gmt":"2024-04-19T13:47:24","slug":"central-de-gas-gpl-gas-de-petroleo-liquefeito-mocambique","status":"publish","type":"page","link":"https:\/\/www.nemus.pt\/pt\/projetos\/gas-e-petroleo\/central-de-gas-gpl-gas-de-petroleo-liquefeito-mocambique\/","title":{"rendered":"Central de g\u00e1s GPL (g\u00e1s de petr\u00f3leo liquefeito), Mo\u00e7ambique"},"content":{"rendered":"<p>O projeto em causa \u00e9 a constru\u00e7\u00e3o de uma <strong>central de G\u00e1s de Petr\u00f3leo Liquefeito (GPL)<\/strong>, onde ser\u00e1 feito o enchimento de botijas e seu armazenamento tempor\u00e1rio, para distribui\u00e7\u00e3o. A central ficar\u00e1 localizada em Nacala, Prov\u00edncia de Nampula, Mo\u00e7ambique, a cerca de 8\u00a0km do porto mar\u00edtimo, numa \u00e1rea industrial da periferia da cidade. \u00c9 atrav\u00e9s do porto que chegar\u00e1 o g\u00e1s (proveniente de v\u00e1rias origens) que ser\u00e1 transportado em autotanques at\u00e9 \u00e0 central. Esta ser\u00e1 o ponto de origem da distribui\u00e7\u00e3o de botijas para o interior do pa\u00eds.<\/p>\n<p>A Nemus elaborou o Estudo de Impacto Ambiental deste projeto que ir\u00e1 ocupar um terreno de 3.200 m<sup>2<\/sup> num lote de aproximadamente 6.000 m<sup>2<\/sup>, previsto para expans\u00e3o.<\/p>\n<p>A natureza do projeto \u2013 armazenamento de combust\u00edvel \u2013 determinou a import\u00e2ncia duma avalia\u00e7\u00e3o abrangente e aprofundada dos seus potenciais efeitos, em particular considerando a sua <strong>proximidade a uma zona costeira de elevada import\u00e2ncia e sensibilidade ambiental<\/strong>, onde ainda subsistem relevantes manchas de mangal e onde a <strong>press\u00e3o populacional e de desenvolvimento industrial \u00e9 j\u00e1 muito elevada<\/strong>, com tend\u00eancia para aumentar.<\/p>","protected":false},"excerpt":{"rendered":"<p>O projeto em causa \u00e9 a constru\u00e7\u00e3o de uma central de G\u00e1s de Petr\u00f3leo Liquefeito (GPL), onde ser\u00e1 feito o enchimento de botijas e seu armazenamento tempor\u00e1rio, para distribui\u00e7\u00e3o. A central ficar\u00e1 localizada em Nacala, Prov\u00edncia de Nampula, Mo\u00e7ambique, a &#8230;<\/p>\n","protected":false},"author":3,"featured_media":2788,"parent":185,"menu_order":0,"comment_status":"closed","ping_status":"closed","template":"","meta":{"_acf_changed":false,"footnotes":""},"class_list":["post-2787","page","type-page","status-publish","has-post-thumbnail","hentry"],"acf":[],"_links":{"self":[{"href":"https:\/\/www.nemus.pt\/pt\/wp-json\/wp\/v2\/pages\/2787","targetHints":{"allow":["GET"]}}],"collection":[{"href":"https:\/\/www.nemus.pt\/pt\/wp-json\/wp\/v2\/pages"}],"about":[{"href":"https:\/\/www.nemus.pt\/pt\/wp-json\/wp\/v2\/types\/page"}],"author":[{"embeddable":true,"href":"https:\/\/www.nemus.pt\/pt\/wp-json\/wp\/v2\/users\/3"}],"replies":[{"embeddable":true,"href":"https:\/\/www.nemus.pt\/pt\/wp-json\/wp\/v2\/comments?post=2787"}],"version-history":[{"count":0,"href":"https:\/\/www.nemus.pt\/pt\/wp-json\/wp\/v2\/pages\/2787\/revisions"}],"up":[{"embeddable":true,"href":"https:\/\/www.nemus.pt\/pt\/wp-json\/wp\/v2\/pages\/185"}],"wp:featuredmedia":[{"embeddable":true,"href":"https:\/\/www.nemus.pt\/pt\/wp-json\/wp\/v2\/media\/2788"}],"wp:attachment":[{"href":"https:\/\/www.nemus.pt\/pt\/wp-json\/wp\/v2\/media?parent=2787"}],"curies":[{"name":"wp","href":"https:\/\/api.w.org\/{rel}","templated":true}]}}