{"id":2845,"date":"2017-10-23T14:40:47","date_gmt":"2017-10-23T14:40:47","guid":{"rendered":"http:\/\/www.nemus.pt\/pt\/?page_id=2845"},"modified":"2018-11-23T12:32:43","modified_gmt":"2018-11-23T12:32:43","slug":"macrozoneamento-ecologico-economico-da-bacia-hidrografica-do-rio-sao-francisco-brasil","status":"publish","type":"page","link":"https:\/\/www.nemus.pt\/pt\/projetos\/politicas-publicas\/macrozoneamento-ecologico-economico-da-bacia-hidrografica-do-rio-sao-francisco-brasil\/","title":{"rendered":"Macrozoneamento Ecol\u00f3gico-Econ\u00f3mico da Bacia Hidrogr\u00e1fica do Rio S\u00e3o Francisco, Brasil"},"content":{"rendered":"<p>O Zoneamento Ecol\u00f3gico-Econ\u00f4mico (ZEE) \u00e9 um instrumento de planejamento territorial que tem como finalidade o desenvolvimento sustent\u00e1vel, compatibilizando o crescimento socioecon\u00f4mico com a preserva\u00e7\u00e3o e a conserva\u00e7\u00e3o dos ecossistemas.<\/p>\n<p>O Macrozoneamento (MacroZEE) corresponde a um ZEE macrorregional \u00e0 escala de 1:1.000.000, visando o fornecimento de indicadores estrat\u00e9gicos de uso do territ\u00f3rio e a defini\u00e7\u00e3o de \u00e1reas para pormenoriza\u00e7\u00e3o do ZEE.<\/p>\n<p>A Bacia Hidrogr\u00e1fica do Rio S\u00e3o Francisco (BHSF) abrange uma \u00e1rea de 640.000 km<sup>2<\/sup>, num total de 505 munic\u00edpios que se distribuem por sete unidades federativas (Alagoas, Bahia, Distrito Federal, Goi\u00e1s, Minas Gerais, Pernambuco e Sergipe), e que albergam 15 milh\u00f5es de habitantes.<\/p>\n<p>O trabalho da NEMUS ser\u00e1 orientado pelos seguintes objetivos espec\u00edficos:<\/p>\n<ul>\n<li>Elabora\u00e7\u00e3o de <strong>an\u00e1lise estrat\u00e9gica sobre a BHSF<\/strong>, tendo como refer\u00eancia o Diagn\u00f3stico j\u00e1 existente do MacroZEE da BHSF;<\/li>\n<li>Constru\u00e7\u00e3o de <strong>cen\u00e1rios tendencial e alternativos para a BHSF (para 2027 e 2040)<\/strong>, considerando os principais vetores de transforma\u00e7\u00e3o do territ\u00f3rio e seus impactos;<\/li>\n<li>Realiza\u00e7\u00e3o de <strong>oficinas participativas com sectores representativos da BHSF<\/strong>, para discuss\u00e3o dos cen\u00e1rios prospectivos da BHSF;<\/li>\n<li>Proposta de <strong>zoneamento e estabelecimento de diretrizes de uso e ocupa\u00e7\u00e3o do territ\u00f3rio<\/strong>;<\/li>\n<li>Realiza\u00e7\u00e3o de <strong>mesas de di\u00e1logo com sectores representativos da BHSF<\/strong> para discuss\u00e3o da proposta de gest\u00e3o para a BHSF;<\/li>\n<li>Proposta de <strong>plano de a\u00e7\u00e3o das diretrizes<\/strong> e de indicadores de monitoramento e avalia\u00e7\u00e3o da implementa\u00e7\u00e3o do MacroZEE da BHSF;<\/li>\n<li>Estrutura\u00e7\u00e3o do Banco de Dados Geogr\u00e1ficos, do cat\u00e1logo de metadados e do atlas digital interativo.<\/li>\n<\/ul>\n<p><\/p>","protected":false},"excerpt":{"rendered":"<p>O Zoneamento Ecol\u00f3gico-Econ\u00f4mico (ZEE) \u00e9 um instrumento de planejamento territorial que tem como finalidade o desenvolvimento sustent\u00e1vel, compatibilizando o crescimento socioecon\u00f4mico com a preserva\u00e7\u00e3o e a conserva\u00e7\u00e3o dos ecossistemas. O Macrozoneamento (MacroZEE) corresponde a um ZEE macrorregional \u00e0 escala de &#8230;<\/p>\n","protected":false},"author":4,"featured_media":3002,"parent":171,"menu_order":0,"comment_status":"closed","ping_status":"closed","template":"","meta":{"_acf_changed":false,"footnotes":""},"class_list":["post-2845","page","type-page","status-publish","has-post-thumbnail","hentry"],"acf":[],"_links":{"self":[{"href":"https:\/\/www.nemus.pt\/pt\/wp-json\/wp\/v2\/pages\/2845","targetHints":{"allow":["GET"]}}],"collection":[{"href":"https:\/\/www.nemus.pt\/pt\/wp-json\/wp\/v2\/pages"}],"about":[{"href":"https:\/\/www.nemus.pt\/pt\/wp-json\/wp\/v2\/types\/page"}],"author":[{"embeddable":true,"href":"https:\/\/www.nemus.pt\/pt\/wp-json\/wp\/v2\/users\/4"}],"replies":[{"embeddable":true,"href":"https:\/\/www.nemus.pt\/pt\/wp-json\/wp\/v2\/comments?post=2845"}],"version-history":[{"count":0,"href":"https:\/\/www.nemus.pt\/pt\/wp-json\/wp\/v2\/pages\/2845\/revisions"}],"up":[{"embeddable":true,"href":"https:\/\/www.nemus.pt\/pt\/wp-json\/wp\/v2\/pages\/171"}],"wp:featuredmedia":[{"embeddable":true,"href":"https:\/\/www.nemus.pt\/pt\/wp-json\/wp\/v2\/media\/3002"}],"wp:attachment":[{"href":"https:\/\/www.nemus.pt\/pt\/wp-json\/wp\/v2\/media?parent=2845"}],"curies":[{"name":"wp","href":"https:\/\/api.w.org\/{rel}","templated":true}]}}