{"id":2859,"date":"2017-11-21T12:41:47","date_gmt":"2017-11-21T12:41:47","guid":{"rendered":"http:\/\/www.nemus.pt\/pt\/?page_id=2859"},"modified":"2024-04-19T14:10:51","modified_gmt":"2024-04-19T14:10:51","slug":"avaliacao-de-impactos-cumulativos-da-atividade-de-producao-e-escoamento-de-petroleo-e-gas-natural-do-polo-pre-sal-da-bacia-de-santos-brasil","status":"publish","type":"page","link":"https:\/\/www.nemus.pt\/pt\/projetos\/gas-e-petroleo\/avaliacao-de-impactos-cumulativos-da-atividade-de-producao-e-escoamento-de-petroleo-e-gas-natural-do-polo-pre-sal-da-bacia-de-santos-brasil\/","title":{"rendered":"Avalia\u00e7\u00e3o de Impactos Cumulativos da Atividade de Produ\u00e7\u00e3o e Escoamento de Petr\u00f3leo e G\u00e1s Natural do Polo Pr\u00e9-Sal da Bacia de Santos, Brasil"},"content":{"rendered":"<p>Um conjunto de megaprojectos relativos \u00e0 produ\u00e7\u00e3o offshore de petr\u00f3leo e g\u00e1s, e infra-estruturas relacionadas, resultou numa s\u00e9rie de transforma\u00e7\u00f5es significativas na Regi\u00e3o da Bacia de Santos do Brasil. A miss\u00e3o consistiu na realiza\u00e7\u00e3o de uma avalia\u00e7\u00e3o de impacto cumulativa (CIA) das actividades de produ\u00e7\u00e3o offshore de petr\u00f3leo e g\u00e1s da Petrobras (a partir da camada pr\u00e9-sal) na costa do Brasil.<\/p>\n<p>A CIA incluiu uma an\u00e1lise integrada dos impactos dos principais factores de press\u00e3o (ac\u00e7\u00f5es e actividades humanas, eventos naturais, ambientais e sociais, independentemente da origem \/ responsabilidade \/ tipologia da actividade) sobre os factores ambientais e sociais seleccionados ao longo do tempo na \u00e1rea de influ\u00eancia do projecto, para a identifica\u00e7\u00e3o da acumula\u00e7\u00e3o e interac\u00e7\u00e3o sin\u00e9rgica entre eles. <\/p>\n<p>A \u00e1rea de influ\u00eancia abrange uma \u00e1rea costeira de mais de 10.000 km<sup>2<\/sup> e uma popula\u00e7\u00e3o de quase 13 milh\u00f5es de pessoas, composta por 26 munic\u00edpios do Estado de S\u00e3o Paulo (SP) e do Estado do Rio de Janeiro (RJ). No total, a miss\u00e3o inclui o desenvolvimento de 4 AICs:<br \/>\n\u2022 AIC da Regi\u00e3o Metropolitana da Ba\u00eda de Santos<br \/>\n\u2022 AIC do Litoral Norte-SP<br \/>\n\u2022 AIC do Litoral Sul Fluminense-RJ<br \/>\n\u2022 AIC da Ba\u00eda de Guanabara e Maric\u00e1-RJ<\/p>","protected":false},"excerpt":{"rendered":"<p>Um conjunto de megaprojectos relativos \u00e0 produ\u00e7\u00e3o offshore de petr\u00f3leo e g\u00e1s, e infra-estruturas relacionadas, resultou numa s\u00e9rie de transforma\u00e7\u00f5es significativas na Regi\u00e3o da Bacia de Santos do Brasil. A miss\u00e3o consistiu na realiza\u00e7\u00e3o de uma avalia\u00e7\u00e3o de impacto cumulativa &#8230;<\/p>\n","protected":false},"author":4,"featured_media":2860,"parent":185,"menu_order":0,"comment_status":"closed","ping_status":"closed","template":"","meta":{"_acf_changed":false,"footnotes":""},"class_list":["post-2859","page","type-page","status-publish","has-post-thumbnail","hentry"],"acf":[],"_links":{"self":[{"href":"https:\/\/www.nemus.pt\/pt\/wp-json\/wp\/v2\/pages\/2859","targetHints":{"allow":["GET"]}}],"collection":[{"href":"https:\/\/www.nemus.pt\/pt\/wp-json\/wp\/v2\/pages"}],"about":[{"href":"https:\/\/www.nemus.pt\/pt\/wp-json\/wp\/v2\/types\/page"}],"author":[{"embeddable":true,"href":"https:\/\/www.nemus.pt\/pt\/wp-json\/wp\/v2\/users\/4"}],"replies":[{"embeddable":true,"href":"https:\/\/www.nemus.pt\/pt\/wp-json\/wp\/v2\/comments?post=2859"}],"version-history":[{"count":0,"href":"https:\/\/www.nemus.pt\/pt\/wp-json\/wp\/v2\/pages\/2859\/revisions"}],"up":[{"embeddable":true,"href":"https:\/\/www.nemus.pt\/pt\/wp-json\/wp\/v2\/pages\/185"}],"wp:featuredmedia":[{"embeddable":true,"href":"https:\/\/www.nemus.pt\/pt\/wp-json\/wp\/v2\/media\/2860"}],"wp:attachment":[{"href":"https:\/\/www.nemus.pt\/pt\/wp-json\/wp\/v2\/media?parent=2859"}],"curies":[{"name":"wp","href":"https:\/\/api.w.org\/{rel}","templated":true}]}}