{"id":2999,"date":"2018-11-23T12:10:42","date_gmt":"2018-11-23T12:10:42","guid":{"rendered":"http:\/\/www.nemus.pt\/pt\/?page_id=2999"},"modified":"2018-11-23T13:52:58","modified_gmt":"2018-11-23T13:52:58","slug":"inquerito-socioeconomico-e-integracao-de-foruns-de-discussao-participativa-de-grupos-focais-comunitarios","status":"publish","type":"page","link":"https:\/\/www.nemus.pt\/pt\/projetos\/desenvolvimento-sustentavel\/inquerito-socioeconomico-e-integracao-de-foruns-de-discussao-participativa-de-grupos-focais-comunitarios\/","title":{"rendered":"Inqu\u00e9rito Socioecon\u00f3mico e Integra\u00e7\u00e3o de F\u00f3runs de Discuss\u00e3o Participativa de Grupos Focais Comunit\u00e1rios, Mo\u00e7ambique"},"content":{"rendered":"<p>Mo\u00e7ambique, com o apoio de parceiros internacionais, tem realizado um longo esfor\u00e7o de conserva\u00e7\u00e3o da biodiversidade desde o estabelecimento do Programa Piloto das \u00c1reas de Conserva\u00e7\u00e3o Transfronteiri\u00e7as de Mo\u00e7ambique (ACTF), iniciado em 1996. Em novembro de 2014, o Banco Mundial e o GEF aprovaram uma subven\u00e7\u00e3o de 46,3 milh\u00f5es de USD para renovar este empenho, criando o denominado projeto MozBio. Assim, o projeto MozBio tem as seguintes componentes:<\/p>\n<ul>\n<li>Fortalecimento institucional para a gest\u00e3o das \u00c1reas de Conserva\u00e7\u00e3o;<\/li>\n<li>Promo\u00e7\u00e3o do turismo e melhoria da gest\u00e3o das \u00c1reas de Conserva\u00e7\u00e3o;<\/li>\n<li>Apoio a projetos piloto de desenvolvimento comunit\u00e1rio dentro dessas \u00e1reas e em seu redor;<\/li>\n<li>Gest\u00e3o do projeto, monitoria e avalia\u00e7\u00e3o.<\/li>\n<\/ul>\n<p>Os principais objetivos da presente consultoria enquadraram-se na \u00faltima componente de monitoria e avalia\u00e7\u00e3o do programa MozBio e dos seus impactos nas condi\u00e7\u00f5es de vida das popula\u00e7\u00f5es que vivem dentro e na envolv\u00eancia das \u00c1reas de Conserva\u00e7\u00e3o. O projeto envolveu:<\/p>\n<ul>\n<li>Melhoria de question\u00e1rio socioecon\u00f3mico atrav\u00e9s de fase de testes e de ensaio em campo;<\/li>\n<li>Aplica\u00e7\u00e3o deste question\u00e1rio em quatro \u00c1reas de Conserva\u00e7\u00e3o (Reserva Especial de Maputo \u2013 REM, Reserva Marinha Parcial da Ponta do Ouro \u2013 RMPPO, Reserva Nacional de Chimanimani \u2013 RNC e Parque Nacional das Quirimbas \u2013 PNQ), num total de 55 inqu\u00e9ritos comunit\u00e1rios e 1.468 inqu\u00e9ritos familiares e ainda a organiza\u00e7\u00e3o de grupos de debate em comunidades; recolha de dados realizada atrav\u00e9s do m\u00e9todo CAPI em tablet;<\/li>\n<li>Constru\u00e7\u00e3o de uma base de dados socioecon\u00f3micos com as respostas recolhidas (inquiri\u00e7\u00e3o realizada atrav\u00e9s da aplica\u00e7\u00e3o GoFormz).<\/li>\n<\/ul>\n<p>A recolha de informa\u00e7\u00f5es abrangeu tr\u00eas temas espec\u00edficos: bem-estar econ\u00f3mico; benef\u00edcios provenientes de recursos naturais e n\u00edvel de satisfa\u00e7\u00e3o com a gest\u00e3o da \u00e1rea protegida. Os resultados da presente consultoria deram uma imagem fiel da realidade social e econ\u00f3mica das cerca de 275 mil pessoas que vivem em \u00c1reas de Conserva\u00e7\u00e3o em Mo\u00e7ambique.<\/p>","protected":false},"excerpt":{"rendered":"<p>Mo\u00e7ambique, com o apoio de parceiros internacionais, tem realizado um longo esfor\u00e7o de conserva\u00e7\u00e3o da biodiversidade desde o estabelecimento do Programa Piloto das \u00c1reas de Conserva\u00e7\u00e3o Transfronteiri\u00e7as de Mo\u00e7ambique (ACTF), iniciado em 1996. Em novembro de 2014, o Banco Mundial &#8230;<\/p>\n","protected":false},"author":4,"featured_media":3001,"parent":175,"menu_order":0,"comment_status":"closed","ping_status":"closed","template":"","meta":{"_acf_changed":false,"footnotes":""},"class_list":["post-2999","page","type-page","status-publish","has-post-thumbnail","hentry"],"acf":[],"_links":{"self":[{"href":"https:\/\/www.nemus.pt\/pt\/wp-json\/wp\/v2\/pages\/2999","targetHints":{"allow":["GET"]}}],"collection":[{"href":"https:\/\/www.nemus.pt\/pt\/wp-json\/wp\/v2\/pages"}],"about":[{"href":"https:\/\/www.nemus.pt\/pt\/wp-json\/wp\/v2\/types\/page"}],"author":[{"embeddable":true,"href":"https:\/\/www.nemus.pt\/pt\/wp-json\/wp\/v2\/users\/4"}],"replies":[{"embeddable":true,"href":"https:\/\/www.nemus.pt\/pt\/wp-json\/wp\/v2\/comments?post=2999"}],"version-history":[{"count":0,"href":"https:\/\/www.nemus.pt\/pt\/wp-json\/wp\/v2\/pages\/2999\/revisions"}],"up":[{"embeddable":true,"href":"https:\/\/www.nemus.pt\/pt\/wp-json\/wp\/v2\/pages\/175"}],"wp:featuredmedia":[{"embeddable":true,"href":"https:\/\/www.nemus.pt\/pt\/wp-json\/wp\/v2\/media\/3001"}],"wp:attachment":[{"href":"https:\/\/www.nemus.pt\/pt\/wp-json\/wp\/v2\/media?parent=2999"}],"curies":[{"name":"wp","href":"https:\/\/api.w.org\/{rel}","templated":true}]}}